{"id":2066,"date":"2025-06-26T13:06:10","date_gmt":"2025-06-26T13:06:10","guid":{"rendered":"http:\/\/www.abacicard.com\/tr\/?page_id=2066"},"modified":"2025-06-27T05:59:39","modified_gmt":"2025-06-27T05:59:39","slug":"kazimali-kartlar","status":"publish","type":"page","link":"https:\/\/www.abacicard.com\/tr\/kazimali-kartlar\/","title":{"rendered":"Kaz\u0131mal\u0131 Kartlar"},"content":{"rendered":"\n<figure class=\"wp-block-image size-full\"><img loading=\"lazy\" decoding=\"async\" width=\"1000\" height=\"504\" src=\"http:\/\/www.abacicard.com\/tr\/wp-content\/uploads\/2025\/06\/kazimali-kartlar.png\" alt=\"\" class=\"wp-image-2067\" srcset=\"https:\/\/www.abacicard.com\/tr\/wp-content\/uploads\/2025\/06\/kazimali-kartlar.png 1000w, https:\/\/www.abacicard.com\/tr\/wp-content\/uploads\/2025\/06\/kazimali-kartlar-300x151.png 300w, https:\/\/www.abacicard.com\/tr\/wp-content\/uploads\/2025\/06\/kazimali-kartlar-768x387.png 768w\" sizes=\"auto, (max-width: 1000px) 100vw, 1000px\" \/><\/figure>\n\n\n\n<p><\/p>\n\n\n\n<p><strong>Plastik kaz\u0131mal\u0131 kart<\/strong>&nbsp;plastik malzemeler ile \u00fcretilen kaz\u0131mal\u0131 kartlard\u0131r. \u015eifrelendirme i\u015flemi di\u011fer kaz\u0131mal\u0131 kartlardan farkl\u0131d\u0131r. \u00c7e\u015fitli \u015fekil ve \u00f6l\u00e7\u00fclerde \u00fcretilir. Kapama alanlar\u0131 \u00f6zel bir bask\u0131ya tabi tutulur. Plastik kaz\u0131mal\u0131 kart y\u0131rt\u0131lmaz, kopmaz ve y\u0131pranmaz. Uzun s\u00fcre muhafaza edilebilir. Plastik kaz\u0131 kazan kart\u0131, plastik hediye kart\u0131 po\u015fetli ve po\u015fetsiz \u00fcretim yap\u0131l\u0131r. Plastik kaz\u0131mal\u0131 kartlar\u0131n \u00fczerine de\u011fi\u015fken numarat\u00f6r, barkod, kare barkod, emboss ( kabartma) da yap\u0131labilir.<\/p>\n\n\n\n<p><strong>Plastik kaz\u0131mal\u0131 kart Neden Kullan\u0131l\u0131r?<\/strong><br>Plastik kartlar hayat\u0131m\u0131zda girdi\u011finden itibaren hayat\u0131m\u0131z\u0131n her evresinde kullan\u0131lmaya ba\u015fland\u0131. Plastik kart\u0131n ilk ad\u0131mlar\u0131n\u0131 kredi kart\u0131 olarak kullan\u0131lmas\u0131 oldu. Kredi kart\u0131n\u0131n kullan\u0131lmas\u0131 ka\u011f\u0131t ile plasti\u011fin rekabetine sebep oldu. Kullan\u0131m\u0131 s\u00fcrekli olmas\u0131, plasti\u011fin vazgel\u00e7ilmez hale gelmesine sebep oldu. Plastik kart\u0131n s\u00fcrekli kullan\u0131m\u0131, ak\u0131llara ba\u015fka ne ama\u00e7la kullan\u0131labilece\u011fini getirdi. Plastik kart\u0131 para gibi kullanmak, \u00fcr\u00fcn gibi satmak, ve kumbara gibi kullanmak kart\u0131n \u00e7e\u015fitli g\u00f6r\u00fcn\u00fcm ve \u00e7ok y\u00f6nl\u00fc kullan\u0131ma y\u00f6neltti. Plastik kaz\u0131mal\u0131 kart ise ayn\u0131 maksatla kullan\u0131lmaya ba\u015flayan bir kart \u00e7e\u015fididir. Benzer uygulamalar\u0131 \u015funlard\u0131r. Simkart \u00fcretimi, kaz\u0131&nbsp;<strong>kazan hediye kart\u0131&nbsp;<\/strong>\u00fcretimi,&nbsp;<strong>piyango kart\u0131<\/strong>&nbsp;\u00fcretimi,&nbsp;<strong>kont\u00f6r kart\u0131<\/strong>&nbsp;\u00fcretimi,&nbsp;<strong>ma\u011faza hediye kart\u0131<\/strong>&nbsp;\u00fcretimi\u2026 gibi faaliyetlerde kullan\u0131l\u0131r.<\/p>\n\n\n\n<p><strong>Kaz\u0131mal\u0131 Hediye Kart\u0131;<\/strong>&nbsp;karton malzemeler ile \u00fcretilen kaz\u0131mal\u0131 kartlard\u0131r. \u015eifrelendirme i\u015flemi di\u011fer kaz\u0131mal\u0131 kartlardan farkl\u0131d\u0131r. Kaz\u0131mal\u0131 Hediye Kart\u0131 \u00e7e\u015fitli \u015fekil ve \u00f6l\u00e7\u00fclerde \u00fcretilir. Kapama alanlar\u0131 \u00f6zel bir bask\u0131ya tabi tutulur. \u015eifreli hediye kart\u0131, plastik kaz\u0131mal\u0131 hediye kart\u0131, plastik hediye kart\u0131 perforajl\u0131 \u00fcretilir. Hediye Kart\u0131 \u00fczerine de\u011fi\u015fken numarat\u00f6r, barkod, kare barkod, embos kabartma da yap\u0131l\u0131r.<\/p>\n","protected":false},"excerpt":{"rendered":"<p>Plastik kaz\u0131mal\u0131 kart&nbsp;plastik malzemeler ile \u00fcretilen kaz\u0131mal\u0131 kartlard\u0131r. \u015eifrelendirme i\u015flemi di\u011fer kaz\u0131mal\u0131 kartlardan farkl\u0131d\u0131r. \u00c7e\u015fitli \u015fekil ve \u00f6l\u00e7\u00fclerde \u00fcretilir. Kapama alanlar\u0131 \u00f6zel bir bask\u0131ya tabi tutulur. Plastik kaz\u0131mal\u0131 kart y\u0131rt\u0131lmaz, kopmaz ve y\u0131pranmaz. Uzun s\u00fcre muhafaza edilebilir. Plastik kaz\u0131 kazan kart\u0131, plastik hediye kart\u0131 po\u015fetli ve po\u015fetsiz \u00fcretim yap\u0131l\u0131r. Plastik kaz\u0131mal\u0131 kartlar\u0131n \u00fczerine de\u011fi\u015fken numarat\u00f6r,&hellip;&nbsp;<a href=\"https:\/\/www.abacicard.com\/tr\/kazimali-kartlar\/\" rel=\"bookmark\">Read More &raquo;<span class=\"screen-reader-text\">Kaz\u0131mal\u0131 Kartlar<\/span><\/a><\/p>\n","protected":false},"author":1,"featured_media":0,"parent":0,"menu_order":0,"comment_status":"closed","ping_status":"closed","template":"","meta":{"_uf_show_specific_survey":0,"_uf_disable_surveys":false,"neve_meta_sidebar":"","neve_meta_container":"","neve_meta_enable_content_width":"","neve_meta_content_width":0,"neve_meta_title_alignment":"","neve_meta_author_avatar":"","neve_post_elements_order":"","neve_meta_disable_header":"","neve_meta_disable_footer":"","neve_meta_disable_title":"","neve_meta_reading_time":"","_themeisle_gutenberg_block_has_review":false,"footnotes":""},"class_list":["post-2066","page","type-page","status-publish","hentry"],"yoast_head":"<!-- This site is optimized with the Yoast SEO plugin v25.9 - https:\/\/yoast.com\/wordpress\/plugins\/seo\/ -->\n<title>Kaz\u0131mal\u0131 Kartlar - Abac\u0131 Kart A.\u015e. - T\u00fcrkiye&#039;nin ilk ve en b\u00fcy\u00fck Plastik kart, RFID kart, Plastik Oyun kart\u0131, MIFARE kart, Proximity<\/title>\n<meta name=\"description\" content=\"Abaci Kart A.S. - The First and Largest Manufacturer of Plastic cards, RFID cards, Plastic Game cards, MIFARE cards, Proximit\" \/>\n<meta name=\"robots\" content=\"index, follow, max-snippet:-1, max-image-preview:large, max-video-preview:-1\" \/>\n<link rel=\"canonical\" href=\"https:\/\/www.abacicard.com\/tr\/kazimali-kartlar\/\" \/>\n<meta property=\"og:locale\" content=\"tr_TR\" \/>\n<meta property=\"og:type\" content=\"article\" \/>\n<meta property=\"og:title\" content=\"Kaz\u0131mal\u0131 Kartlar - Abac\u0131 Kart A.\u015e. - T\u00fcrkiye&#039;nin ilk ve en b\u00fcy\u00fck Plastik kart, RFID kart, Plastik Oyun kart\u0131, MIFARE kart, Proximity\" \/>\n<meta property=\"og:description\" content=\"Abaci Kart A.S. - The First and Largest Manufacturer of Plastic cards, RFID cards, Plastic Game cards, MIFARE cards, Proximit\" \/>\n<meta property=\"og:url\" content=\"https:\/\/www.abacicard.com\/tr\/kazimali-kartlar\/\" \/>\n<meta property=\"og:site_name\" content=\"Abac\u0131 Kart A.\u015e. - T\u00fcrkiye&#039;nin ilk ve en b\u00fcy\u00fck Plastik kart, RFID kart, Plastik Oyun kart\u0131, MIFARE kart, Proximity\" \/>\n<meta property=\"article:publisher\" content=\"https:\/\/www.facebook.com\/abacicard\" \/>\n<meta property=\"article:modified_time\" content=\"2025-06-27T05:59:39+00:00\" \/>\n<meta property=\"og:image\" content=\"http:\/\/www.abacicard.com\/tr\/wp-content\/uploads\/2025\/06\/kazimali-kartlar.png\" \/>\n<meta name=\"twitter:card\" content=\"summary_large_image\" \/>\n<meta name=\"twitter:site\" content=\"@abacicard\" \/>\n<meta name=\"twitter:label1\" content=\"Tahmini okuma s\u00fcresi\" \/>\n\t<meta name=\"twitter:data1\" content=\"2 dakika\" \/>\n<script type=\"application\/ld+json\" class=\"yoast-schema-graph\">{\"@context\":\"https:\/\/schema.org\",\"@graph\":[{\"@type\":\"WebPage\",\"@id\":\"https:\/\/www.abacicard.com\/tr\/kazimali-kartlar\/\",\"url\":\"https:\/\/www.abacicard.com\/tr\/kazimali-kartlar\/\",\"name\":\"Kaz\u0131mal\u0131 Kartlar - Abac\u0131 Kart A.\u015e. - T\u00fcrkiye&#039;nin ilk ve en b\u00fcy\u00fck Plastik kart, RFID kart, Plastik Oyun kart\u0131, MIFARE kart, Proximity\",\"isPartOf\":{\"@id\":\"https:\/\/www.abacicard.com\/tr\/#website\"},\"primaryImageOfPage\":{\"@id\":\"https:\/\/www.abacicard.com\/tr\/kazimali-kartlar\/#primaryimage\"},\"image\":{\"@id\":\"https:\/\/www.abacicard.com\/tr\/kazimali-kartlar\/#primaryimage\"},\"thumbnailUrl\":\"http:\/\/www.abacicard.com\/tr\/wp-content\/uploads\/2025\/06\/kazimali-kartlar.png\",\"datePublished\":\"2025-06-26T13:06:10+00:00\",\"dateModified\":\"2025-06-27T05:59:39+00:00\",\"description\":\"Abaci Kart A.S. - The First and Largest Manufacturer of Plastic cards, RFID cards, Plastic Game cards, MIFARE cards, Proximit\",\"breadcrumb\":{\"@id\":\"https:\/\/www.abacicard.com\/tr\/kazimali-kartlar\/#breadcrumb\"},\"inLanguage\":\"tr\",\"potentialAction\":[{\"@type\":\"ReadAction\",\"target\":[\"https:\/\/www.abacicard.com\/tr\/kazimali-kartlar\/\"]}]},{\"@type\":\"ImageObject\",\"inLanguage\":\"tr\",\"@id\":\"https:\/\/www.abacicard.com\/tr\/kazimali-kartlar\/#primaryimage\",\"url\":\"https:\/\/www.abacicard.com\/tr\/wp-content\/uploads\/2025\/06\/kazimali-kartlar.png\",\"contentUrl\":\"https:\/\/www.abacicard.com\/tr\/wp-content\/uploads\/2025\/06\/kazimali-kartlar.png\",\"width\":1000,\"height\":504},{\"@type\":\"BreadcrumbList\",\"@id\":\"https:\/\/www.abacicard.com\/tr\/kazimali-kartlar\/#breadcrumb\",\"itemListElement\":[{\"@type\":\"ListItem\",\"position\":1,\"name\":\"Anasayfa\",\"item\":\"http:\/\/www.abacicard.com\/tr\/\"},{\"@type\":\"ListItem\",\"position\":2,\"name\":\"Kaz\u0131mal\u0131 Kartlar\"}]},{\"@type\":\"WebSite\",\"@id\":\"https:\/\/www.abacicard.com\/tr\/#website\",\"url\":\"https:\/\/www.abacicard.com\/tr\/\",\"name\":\"Abaci Kart A.S. - The First and Largest Manufacturer of Plastic cards, RFID cards, Plastic Game cards, MIFARE cards, Proximit\",\"description\":\"Y\u0131llar\u0131n Deneyimiyle G\u00fc\u00e7lu ve Karal\u0131\",\"publisher\":{\"@id\":\"https:\/\/www.abacicard.com\/tr\/#organization\"},\"alternateName\":\"Abaci Kart A.S. - The First and Largest Manufacturer of Plastic cards, RFID cards, Plastic Game cards, MIFARE cards, Proximit\",\"potentialAction\":[{\"@type\":\"SearchAction\",\"target\":{\"@type\":\"EntryPoint\",\"urlTemplate\":\"https:\/\/www.abacicard.com\/tr\/?s={search_term_string}\"},\"query-input\":{\"@type\":\"PropertyValueSpecification\",\"valueRequired\":true,\"valueName\":\"search_term_string\"}}],\"inLanguage\":\"tr\"},{\"@type\":\"Organization\",\"@id\":\"https:\/\/www.abacicard.com\/tr\/#organization\",\"name\":\"Abaci Kart A.S.\",\"alternateName\":\"Abaci Kart A.S. - The First and Largest Manufacturer of Plastic cards, RFID cards, Plastic Game cards, MIFARE cards, Proximit\",\"url\":\"https:\/\/www.abacicard.com\/tr\/\",\"logo\":{\"@type\":\"ImageObject\",\"inLanguage\":\"tr\",\"@id\":\"https:\/\/www.abacicard.com\/tr\/#\/schema\/logo\/image\/\",\"url\":\"http:\/\/www.abacicard.com\/tr\/wp-content\/uploads\/2025\/01\/favicon.png\",\"contentUrl\":\"http:\/\/www.abacicard.com\/tr\/wp-content\/uploads\/2025\/01\/favicon.png\",\"width\":32,\"height\":32,\"caption\":\"Abaci Kart A.S.\"},\"image\":{\"@id\":\"https:\/\/www.abacicard.com\/tr\/#\/schema\/logo\/image\/\"},\"sameAs\":[\"https:\/\/www.facebook.com\/abacicard\",\"https:\/\/x.com\/abacicard\",\"https:\/\/www.youtube.com\/channel\/UC09DwyAe-UeSqT71ZOvtb5g\",\"https:\/\/www.instagram.com\/abacicards\/\",\"https:\/\/www.linkedin.com\/company\/10275826\/\"]}]}<\/script>\n<!-- \/ Yoast SEO plugin. -->","yoast_head_json":{"title":"Kaz\u0131mal\u0131 Kartlar - Abac\u0131 Kart A.\u015e. - T\u00fcrkiye&#039;nin ilk ve en b\u00fcy\u00fck Plastik kart, RFID kart, Plastik Oyun kart\u0131, MIFARE kart, Proximity","description":"Abaci Kart A.S. - The First and Largest Manufacturer of Plastic cards, RFID cards, Plastic Game cards, MIFARE cards, Proximit","robots":{"index":"index","follow":"follow","max-snippet":"max-snippet:-1","max-image-preview":"max-image-preview:large","max-video-preview":"max-video-preview:-1"},"canonical":"https:\/\/www.abacicard.com\/tr\/kazimali-kartlar\/","og_locale":"tr_TR","og_type":"article","og_title":"Kaz\u0131mal\u0131 Kartlar - Abac\u0131 Kart A.\u015e. - T\u00fcrkiye&#039;nin ilk ve en b\u00fcy\u00fck Plastik kart, RFID kart, Plastik Oyun kart\u0131, MIFARE kart, Proximity","og_description":"Abaci Kart A.S. - The First and Largest Manufacturer of Plastic cards, RFID cards, Plastic Game cards, MIFARE cards, Proximit","og_url":"https:\/\/www.abacicard.com\/tr\/kazimali-kartlar\/","og_site_name":"Abac\u0131 Kart A.\u015e. - T\u00fcrkiye&#039;nin ilk ve en b\u00fcy\u00fck Plastik kart, RFID kart, Plastik Oyun kart\u0131, MIFARE kart, Proximity","article_publisher":"https:\/\/www.facebook.com\/abacicard","article_modified_time":"2025-06-27T05:59:39+00:00","og_image":[{"url":"http:\/\/www.abacicard.com\/tr\/wp-content\/uploads\/2025\/06\/kazimali-kartlar.png","type":"","width":"","height":""}],"twitter_card":"summary_large_image","twitter_site":"@abacicard","twitter_misc":{"Tahmini okuma s\u00fcresi":"2 dakika"},"schema":{"@context":"https:\/\/schema.org","@graph":[{"@type":"WebPage","@id":"https:\/\/www.abacicard.com\/tr\/kazimali-kartlar\/","url":"https:\/\/www.abacicard.com\/tr\/kazimali-kartlar\/","name":"Kaz\u0131mal\u0131 Kartlar - Abac\u0131 Kart A.\u015e. - T\u00fcrkiye&#039;nin ilk ve en b\u00fcy\u00fck Plastik kart, RFID kart, Plastik Oyun kart\u0131, MIFARE kart, Proximity","isPartOf":{"@id":"https:\/\/www.abacicard.com\/tr\/#website"},"primaryImageOfPage":{"@id":"https:\/\/www.abacicard.com\/tr\/kazimali-kartlar\/#primaryimage"},"image":{"@id":"https:\/\/www.abacicard.com\/tr\/kazimali-kartlar\/#primaryimage"},"thumbnailUrl":"http:\/\/www.abacicard.com\/tr\/wp-content\/uploads\/2025\/06\/kazimali-kartlar.png","datePublished":"2025-06-26T13:06:10+00:00","dateModified":"2025-06-27T05:59:39+00:00","description":"Abaci Kart A.S. - The First and Largest Manufacturer of Plastic cards, RFID cards, Plastic Game cards, MIFARE cards, Proximit","breadcrumb":{"@id":"https:\/\/www.abacicard.com\/tr\/kazimali-kartlar\/#breadcrumb"},"inLanguage":"tr","potentialAction":[{"@type":"ReadAction","target":["https:\/\/www.abacicard.com\/tr\/kazimali-kartlar\/"]}]},{"@type":"ImageObject","inLanguage":"tr","@id":"https:\/\/www.abacicard.com\/tr\/kazimali-kartlar\/#primaryimage","url":"https:\/\/www.abacicard.com\/tr\/wp-content\/uploads\/2025\/06\/kazimali-kartlar.png","contentUrl":"https:\/\/www.abacicard.com\/tr\/wp-content\/uploads\/2025\/06\/kazimali-kartlar.png","width":1000,"height":504},{"@type":"BreadcrumbList","@id":"https:\/\/www.abacicard.com\/tr\/kazimali-kartlar\/#breadcrumb","itemListElement":[{"@type":"ListItem","position":1,"name":"Anasayfa","item":"http:\/\/www.abacicard.com\/tr\/"},{"@type":"ListItem","position":2,"name":"Kaz\u0131mal\u0131 Kartlar"}]},{"@type":"WebSite","@id":"https:\/\/www.abacicard.com\/tr\/#website","url":"https:\/\/www.abacicard.com\/tr\/","name":"Abaci Kart A.S. - The First and Largest Manufacturer of Plastic cards, RFID cards, Plastic Game cards, MIFARE cards, Proximit","description":"Y\u0131llar\u0131n Deneyimiyle G\u00fc\u00e7lu ve Karal\u0131","publisher":{"@id":"https:\/\/www.abacicard.com\/tr\/#organization"},"alternateName":"Abaci Kart A.S. - The First and Largest Manufacturer of Plastic cards, RFID cards, Plastic Game cards, MIFARE cards, Proximit","potentialAction":[{"@type":"SearchAction","target":{"@type":"EntryPoint","urlTemplate":"https:\/\/www.abacicard.com\/tr\/?s={search_term_string}"},"query-input":{"@type":"PropertyValueSpecification","valueRequired":true,"valueName":"search_term_string"}}],"inLanguage":"tr"},{"@type":"Organization","@id":"https:\/\/www.abacicard.com\/tr\/#organization","name":"Abaci Kart A.S.","alternateName":"Abaci Kart A.S. - The First and Largest Manufacturer of Plastic cards, RFID cards, Plastic Game cards, MIFARE cards, Proximit","url":"https:\/\/www.abacicard.com\/tr\/","logo":{"@type":"ImageObject","inLanguage":"tr","@id":"https:\/\/www.abacicard.com\/tr\/#\/schema\/logo\/image\/","url":"http:\/\/www.abacicard.com\/tr\/wp-content\/uploads\/2025\/01\/favicon.png","contentUrl":"http:\/\/www.abacicard.com\/tr\/wp-content\/uploads\/2025\/01\/favicon.png","width":32,"height":32,"caption":"Abaci Kart A.S."},"image":{"@id":"https:\/\/www.abacicard.com\/tr\/#\/schema\/logo\/image\/"},"sameAs":["https:\/\/www.facebook.com\/abacicard","https:\/\/x.com\/abacicard","https:\/\/www.youtube.com\/channel\/UC09DwyAe-UeSqT71ZOvtb5g","https:\/\/www.instagram.com\/abacicards\/","https:\/\/www.linkedin.com\/company\/10275826\/"]}]}},"_links":{"self":[{"href":"https:\/\/www.abacicard.com\/tr\/wp-json\/wp\/v2\/pages\/2066","targetHints":{"allow":["GET"]}}],"collection":[{"href":"https:\/\/www.abacicard.com\/tr\/wp-json\/wp\/v2\/pages"}],"about":[{"href":"https:\/\/www.abacicard.com\/tr\/wp-json\/wp\/v2\/types\/page"}],"author":[{"embeddable":true,"href":"https:\/\/www.abacicard.com\/tr\/wp-json\/wp\/v2\/users\/1"}],"replies":[{"embeddable":true,"href":"https:\/\/www.abacicard.com\/tr\/wp-json\/wp\/v2\/comments?post=2066"}],"version-history":[{"count":2,"href":"https:\/\/www.abacicard.com\/tr\/wp-json\/wp\/v2\/pages\/2066\/revisions"}],"predecessor-version":[{"id":2071,"href":"https:\/\/www.abacicard.com\/tr\/wp-json\/wp\/v2\/pages\/2066\/revisions\/2071"}],"wp:attachment":[{"href":"https:\/\/www.abacicard.com\/tr\/wp-json\/wp\/v2\/media?parent=2066"}],"curies":[{"name":"wp","href":"https:\/\/api.w.org\/{rel}","templated":true}]}}