{"id":1913,"date":"2025-01-28T08:37:16","date_gmt":"2025-01-28T08:37:16","guid":{"rendered":"http:\/\/www.abacicard.com\/tr\/?page_id=1913"},"modified":"2025-12-24T14:05:46","modified_gmt":"2025-12-24T11:05:46","slug":"katalok","status":"publish","type":"page","link":"https:\/\/www.abacicard.com\/tr\/katalok\/","title":{"rendered":"Katalog"},"content":{"rendered":"<div class=\"_df_thumb \" id=\"df_1909\"  _slug=\"abaci-catalog\" data-title=\"abaci-catalog\" wpoptions=\"true\" thumb=\"http:\/\/www.abacicard.com\/tr\/wp-content\/uploads\/2025\/01\/Abaci_Catalog-1.png\" thumbtype=\"\" >Abaci Catalog<\/div><script class=\"df-shortcode-script\" nowprocket type=\"application\/javascript\">window.option_df_1909 = {\"outline\":[],\"autoEnableOutline\":\"false\",\"autoEnableThumbnail\":\"false\",\"overwritePDFOutline\":\"false\",\"direction\":\"1\",\"pageSize\":\"0\",\"source\":\"http:\\\/\\\/www.abacicard.com\\\/tr\\\/wp-content\\\/uploads\\\/2025\\\/01\\\/Abaci_Catalog.pdf\",\"wpOptions\":\"true\"}; if(window.DFLIP && window.DFLIP.parseBooks){window.DFLIP.parseBooks();}<\/script>\n\n\n\n<p><\/p>\n","protected":false},"excerpt":{"rendered":"","protected":false},"author":1,"featured_media":0,"parent":0,"menu_order":0,"comment_status":"closed","ping_status":"closed","template":"","meta":{"_uf_show_specific_survey":0,"_uf_disable_surveys":false,"neve_meta_sidebar":"","neve_meta_container":"","neve_meta_enable_content_width":"","neve_meta_content_width":0,"neve_meta_title_alignment":"","neve_meta_author_avatar":"","neve_post_elements_order":"","neve_meta_disable_header":"","neve_meta_disable_footer":"","neve_meta_disable_title":"","neve_meta_reading_time":"","_themeisle_gutenberg_block_has_review":false,"footnotes":""},"class_list":["post-1913","page","type-page","status-publish","hentry"],"yoast_head":"<!-- This site is optimized with the Yoast SEO plugin v25.9 - https:\/\/yoast.com\/wordpress\/plugins\/seo\/ -->\n<title>Katalog - Abac\u0131 Kart A.\u015e. - T\u00fcrkiye&#039;nin ilk ve en b\u00fcy\u00fck Plastik kart, RFID kart, Plastik Oyun kart\u0131, MIFARE kart, Proximity<\/title>\n<meta name=\"description\" content=\"Catalog - Abaci Kart A.S. - The First and Largest Manufacturer of Plastic cards, RFID cards, Plastic Game cards, MIFARE cards, Proximit\" \/>\n<meta name=\"robots\" content=\"index, follow, max-snippet:-1, max-image-preview:large, max-video-preview:-1\" \/>\n<link rel=\"canonical\" href=\"https:\/\/www.abacicard.com\/tr\/katalok\/\" \/>\n<meta property=\"og:locale\" content=\"tr_TR\" \/>\n<meta property=\"og:type\" content=\"article\" \/>\n<meta property=\"og:title\" content=\"Katalog - Abac\u0131 Kart A.\u015e. - T\u00fcrkiye&#039;nin ilk ve en b\u00fcy\u00fck Plastik kart, RFID kart, Plastik Oyun kart\u0131, MIFARE kart, Proximity\" \/>\n<meta property=\"og:description\" content=\"Catalog - Abaci Kart A.S. - The First and Largest Manufacturer of Plastic cards, RFID cards, Plastic Game cards, MIFARE cards, Proximit\" \/>\n<meta property=\"og:url\" content=\"https:\/\/www.abacicard.com\/tr\/katalok\/\" \/>\n<meta property=\"og:site_name\" content=\"Abac\u0131 Kart A.\u015e. - T\u00fcrkiye&#039;nin ilk ve en b\u00fcy\u00fck Plastik kart, RFID kart, Plastik Oyun kart\u0131, MIFARE kart, Proximity\" \/>\n<meta property=\"article:publisher\" content=\"https:\/\/www.facebook.com\/abacicard\" \/>\n<meta property=\"article:modified_time\" content=\"2025-12-24T11:05:46+00:00\" \/>\n<meta property=\"og:image\" content=\"https:\/\/www.abacicard.com\/tr\/wp-content\/uploads\/2025\/01\/favicon.png\" \/>\n\t<meta property=\"og:image:width\" content=\"32\" \/>\n\t<meta property=\"og:image:height\" content=\"32\" \/>\n\t<meta property=\"og:image:type\" content=\"image\/png\" \/>\n<meta name=\"twitter:card\" content=\"summary_large_image\" \/>\n<meta name=\"twitter:site\" content=\"@abacicard\" \/>\n<meta name=\"twitter:label1\" content=\"Tahmini okuma s\u00fcresi\" \/>\n\t<meta name=\"twitter:data1\" content=\"1 dakika\" \/>\n<script type=\"application\/ld+json\" class=\"yoast-schema-graph\">{\"@context\":\"https:\/\/schema.org\",\"@graph\":[{\"@type\":\"WebPage\",\"@id\":\"https:\/\/www.abacicard.com\/tr\/katalok\/\",\"url\":\"https:\/\/www.abacicard.com\/tr\/katalok\/\",\"name\":\"Katalog - Abac\u0131 Kart A.\u015e. - T\u00fcrkiye&#039;nin ilk ve en b\u00fcy\u00fck Plastik kart, RFID kart, Plastik Oyun kart\u0131, MIFARE kart, Proximity\",\"isPartOf\":{\"@id\":\"https:\/\/www.abacicard.com\/tr\/#website\"},\"datePublished\":\"2025-01-28T08:37:16+00:00\",\"dateModified\":\"2025-12-24T11:05:46+00:00\",\"description\":\"Catalog - Abaci Kart A.S. - The First and Largest Manufacturer of Plastic cards, RFID cards, Plastic Game cards, MIFARE cards, Proximit\",\"breadcrumb\":{\"@id\":\"https:\/\/www.abacicard.com\/tr\/katalok\/#breadcrumb\"},\"inLanguage\":\"tr\",\"potentialAction\":[{\"@type\":\"ReadAction\",\"target\":[\"https:\/\/www.abacicard.com\/tr\/katalok\/\"]}]},{\"@type\":\"BreadcrumbList\",\"@id\":\"https:\/\/www.abacicard.com\/tr\/katalok\/#breadcrumb\",\"itemListElement\":[{\"@type\":\"ListItem\",\"position\":1,\"name\":\"Anasayfa\",\"item\":\"http:\/\/www.abacicard.com\/tr\/\"},{\"@type\":\"ListItem\",\"position\":2,\"name\":\"Katalog\"}]},{\"@type\":\"WebSite\",\"@id\":\"https:\/\/www.abacicard.com\/tr\/#website\",\"url\":\"https:\/\/www.abacicard.com\/tr\/\",\"name\":\"Abaci Kart A.S. - The First and Largest Manufacturer of Plastic cards, RFID cards, Plastic Game cards, MIFARE cards, Proximit\",\"description\":\"Y\u0131llar\u0131n Deneyimiyle G\u00fc\u00e7lu ve Karal\u0131\",\"publisher\":{\"@id\":\"https:\/\/www.abacicard.com\/tr\/#organization\"},\"alternateName\":\"Abaci Kart A.S. - The First and Largest Manufacturer of Plastic cards, RFID cards, Plastic Game cards, MIFARE cards, Proximit\",\"potentialAction\":[{\"@type\":\"SearchAction\",\"target\":{\"@type\":\"EntryPoint\",\"urlTemplate\":\"https:\/\/www.abacicard.com\/tr\/?s={search_term_string}\"},\"query-input\":{\"@type\":\"PropertyValueSpecification\",\"valueRequired\":true,\"valueName\":\"search_term_string\"}}],\"inLanguage\":\"tr\"},{\"@type\":\"Organization\",\"@id\":\"https:\/\/www.abacicard.com\/tr\/#organization\",\"name\":\"Abaci Kart A.S.\",\"alternateName\":\"Abaci Kart A.S. - The First and Largest Manufacturer of Plastic cards, RFID cards, Plastic Game cards, MIFARE cards, Proximit\",\"url\":\"https:\/\/www.abacicard.com\/tr\/\",\"logo\":{\"@type\":\"ImageObject\",\"inLanguage\":\"tr\",\"@id\":\"https:\/\/www.abacicard.com\/tr\/#\/schema\/logo\/image\/\",\"url\":\"http:\/\/www.abacicard.com\/tr\/wp-content\/uploads\/2025\/01\/favicon.png\",\"contentUrl\":\"http:\/\/www.abacicard.com\/tr\/wp-content\/uploads\/2025\/01\/favicon.png\",\"width\":32,\"height\":32,\"caption\":\"Abaci Kart A.S.\"},\"image\":{\"@id\":\"https:\/\/www.abacicard.com\/tr\/#\/schema\/logo\/image\/\"},\"sameAs\":[\"https:\/\/www.facebook.com\/abacicard\",\"https:\/\/x.com\/abacicard\",\"https:\/\/www.youtube.com\/channel\/UC09DwyAe-UeSqT71ZOvtb5g\",\"https:\/\/www.instagram.com\/abacicards\/\",\"https:\/\/www.linkedin.com\/company\/10275826\/\"]}]}<\/script>\n<!-- \/ Yoast SEO plugin. -->","yoast_head_json":{"title":"Katalog - Abac\u0131 Kart A.\u015e. - T\u00fcrkiye&#039;nin ilk ve en b\u00fcy\u00fck Plastik kart, RFID kart, Plastik Oyun kart\u0131, MIFARE kart, Proximity","description":"Catalog - Abaci Kart A.S. - The First and Largest Manufacturer of Plastic cards, RFID cards, Plastic Game cards, MIFARE cards, Proximit","robots":{"index":"index","follow":"follow","max-snippet":"max-snippet:-1","max-image-preview":"max-image-preview:large","max-video-preview":"max-video-preview:-1"},"canonical":"https:\/\/www.abacicard.com\/tr\/katalok\/","og_locale":"tr_TR","og_type":"article","og_title":"Katalog - Abac\u0131 Kart A.\u015e. - T\u00fcrkiye&#039;nin ilk ve en b\u00fcy\u00fck Plastik kart, RFID kart, Plastik Oyun kart\u0131, MIFARE kart, Proximity","og_description":"Catalog - Abaci Kart A.S. - The First and Largest Manufacturer of Plastic cards, RFID cards, Plastic Game cards, MIFARE cards, Proximit","og_url":"https:\/\/www.abacicard.com\/tr\/katalok\/","og_site_name":"Abac\u0131 Kart A.\u015e. - T\u00fcrkiye&#039;nin ilk ve en b\u00fcy\u00fck Plastik kart, RFID kart, Plastik Oyun kart\u0131, MIFARE kart, Proximity","article_publisher":"https:\/\/www.facebook.com\/abacicard","article_modified_time":"2025-12-24T11:05:46+00:00","og_image":[{"width":32,"height":32,"url":"https:\/\/www.abacicard.com\/tr\/wp-content\/uploads\/2025\/01\/favicon.png","type":"image\/png"}],"twitter_card":"summary_large_image","twitter_site":"@abacicard","twitter_misc":{"Tahmini okuma s\u00fcresi":"1 dakika"},"schema":{"@context":"https:\/\/schema.org","@graph":[{"@type":"WebPage","@id":"https:\/\/www.abacicard.com\/tr\/katalok\/","url":"https:\/\/www.abacicard.com\/tr\/katalok\/","name":"Katalog - Abac\u0131 Kart A.\u015e. - T\u00fcrkiye&#039;nin ilk ve en b\u00fcy\u00fck Plastik kart, RFID kart, Plastik Oyun kart\u0131, MIFARE kart, Proximity","isPartOf":{"@id":"https:\/\/www.abacicard.com\/tr\/#website"},"datePublished":"2025-01-28T08:37:16+00:00","dateModified":"2025-12-24T11:05:46+00:00","description":"Catalog - Abaci Kart A.S. - The First and Largest Manufacturer of Plastic cards, RFID cards, Plastic Game cards, MIFARE cards, Proximit","breadcrumb":{"@id":"https:\/\/www.abacicard.com\/tr\/katalok\/#breadcrumb"},"inLanguage":"tr","potentialAction":[{"@type":"ReadAction","target":["https:\/\/www.abacicard.com\/tr\/katalok\/"]}]},{"@type":"BreadcrumbList","@id":"https:\/\/www.abacicard.com\/tr\/katalok\/#breadcrumb","itemListElement":[{"@type":"ListItem","position":1,"name":"Anasayfa","item":"http:\/\/www.abacicard.com\/tr\/"},{"@type":"ListItem","position":2,"name":"Katalog"}]},{"@type":"WebSite","@id":"https:\/\/www.abacicard.com\/tr\/#website","url":"https:\/\/www.abacicard.com\/tr\/","name":"Abaci Kart A.S. - The First and Largest Manufacturer of Plastic cards, RFID cards, Plastic Game cards, MIFARE cards, Proximit","description":"Y\u0131llar\u0131n Deneyimiyle G\u00fc\u00e7lu ve Karal\u0131","publisher":{"@id":"https:\/\/www.abacicard.com\/tr\/#organization"},"alternateName":"Abaci Kart A.S. - The First and Largest Manufacturer of Plastic cards, RFID cards, Plastic Game cards, MIFARE cards, Proximit","potentialAction":[{"@type":"SearchAction","target":{"@type":"EntryPoint","urlTemplate":"https:\/\/www.abacicard.com\/tr\/?s={search_term_string}"},"query-input":{"@type":"PropertyValueSpecification","valueRequired":true,"valueName":"search_term_string"}}],"inLanguage":"tr"},{"@type":"Organization","@id":"https:\/\/www.abacicard.com\/tr\/#organization","name":"Abaci Kart A.S.","alternateName":"Abaci Kart A.S. - The First and Largest Manufacturer of Plastic cards, RFID cards, Plastic Game cards, MIFARE cards, Proximit","url":"https:\/\/www.abacicard.com\/tr\/","logo":{"@type":"ImageObject","inLanguage":"tr","@id":"https:\/\/www.abacicard.com\/tr\/#\/schema\/logo\/image\/","url":"http:\/\/www.abacicard.com\/tr\/wp-content\/uploads\/2025\/01\/favicon.png","contentUrl":"http:\/\/www.abacicard.com\/tr\/wp-content\/uploads\/2025\/01\/favicon.png","width":32,"height":32,"caption":"Abaci Kart A.S."},"image":{"@id":"https:\/\/www.abacicard.com\/tr\/#\/schema\/logo\/image\/"},"sameAs":["https:\/\/www.facebook.com\/abacicard","https:\/\/x.com\/abacicard","https:\/\/www.youtube.com\/channel\/UC09DwyAe-UeSqT71ZOvtb5g","https:\/\/www.instagram.com\/abacicards\/","https:\/\/www.linkedin.com\/company\/10275826\/"]}]}},"_links":{"self":[{"href":"https:\/\/www.abacicard.com\/tr\/wp-json\/wp\/v2\/pages\/1913","targetHints":{"allow":["GET"]}}],"collection":[{"href":"https:\/\/www.abacicard.com\/tr\/wp-json\/wp\/v2\/pages"}],"about":[{"href":"https:\/\/www.abacicard.com\/tr\/wp-json\/wp\/v2\/types\/page"}],"author":[{"embeddable":true,"href":"https:\/\/www.abacicard.com\/tr\/wp-json\/wp\/v2\/users\/1"}],"replies":[{"embeddable":true,"href":"https:\/\/www.abacicard.com\/tr\/wp-json\/wp\/v2\/comments?post=1913"}],"version-history":[{"count":5,"href":"https:\/\/www.abacicard.com\/tr\/wp-json\/wp\/v2\/pages\/1913\/revisions"}],"predecessor-version":[{"id":2117,"href":"https:\/\/www.abacicard.com\/tr\/wp-json\/wp\/v2\/pages\/1913\/revisions\/2117"}],"wp:attachment":[{"href":"https:\/\/www.abacicard.com\/tr\/wp-json\/wp\/v2\/media?parent=1913"}],"curies":[{"name":"wp","href":"https:\/\/api.w.org\/{rel}","templated":true}]}}