{"id":1790,"date":"2025-01-27T06:42:13","date_gmt":"2025-01-27T06:42:13","guid":{"rendered":"http:\/\/www.abacicard.com\/tr\/?page_id=1790"},"modified":"2025-06-27T06:04:52","modified_gmt":"2025-06-27T06:04:52","slug":"zarflama-ve-postalama-hizmetleri","status":"publish","type":"page","link":"https:\/\/www.abacicard.com\/tr\/zarflama-ve-postalama-hizmetleri\/","title":{"rendered":"Zarflama ve Postalama Hizmetleri"},"content":{"rendered":"\n<figure class=\"wp-block-image size-full\"><img loading=\"lazy\" decoding=\"async\" width=\"1000\" height=\"504\" src=\"http:\/\/www.abacicard.com\/tr\/wp-content\/uploads\/2025\/01\/zarflama-ve-postalama-hizmetleri.png\" alt=\"\" class=\"wp-image-1791\" srcset=\"https:\/\/www.abacicard.com\/tr\/wp-content\/uploads\/2025\/01\/zarflama-ve-postalama-hizmetleri.png 1000w, https:\/\/www.abacicard.com\/tr\/wp-content\/uploads\/2025\/01\/zarflama-ve-postalama-hizmetleri-300x151.png 300w, https:\/\/www.abacicard.com\/tr\/wp-content\/uploads\/2025\/01\/zarflama-ve-postalama-hizmetleri-768x387.png 768w\" sizes=\"auto, (max-width: 1000px) 100vw, 1000px\" \/><\/figure>\n\n\n\n<p><strong>Po\u015fetleme , Zarflama ve Postalama Hizmetleri<\/strong><\/p>\n\n\n\n<p><em>El de\u011fmeden, makinelerde ve y\u00fcksek s\u00fcratte.<\/em><\/p>\n\n\n\n<p>Tesisimizde, \u00f6zellikle do\u011frudan postalama projelerinizde veya da\u011f\u0131t\u0131m\u0131 yap\u0131lacak bas\u0131l\u0131 materyalleriniz i\u00e7in kullan\u0131lmak \u00fczere, tam otomatik makinelerde ve y\u00fcksek s\u00fcratte po\u015fetleme ve zarf dolum i\u015flemleri yap\u0131lmaktad\u0131r. Adet, boyut veya \u00e7e\u015fitleri ne olursa olsun t\u00fcm bas\u0131l\u0131 materyalleriniz, \u00f6zel olarak \u00fcretilmi\u015f ileri teknoloji makinelerde el de\u011fmeden i\u015flenmekte ve s\u00fcratle da\u011f\u0131t\u0131ma haz\u0131r hale getirilmektedir.<\/p>\n\n\n\n<p>Po\u015fetleme ve zarflama alanlar\u0131nda sunmakta oldu\u011fumuz hizmetler:<\/p>\n\n\n\n<p>\u2022 Otomatik po\u015fetleme<br>\u2022 Otomatik zarflama<br>\u2022 Otomatik insert yerle\u015ftirme<br>\u2022 Promosyonlu po\u015fetleme<br>\u2022 Adresleme ve etiketleme<br>\u2022 De\u011fi\u015fken numara ve barkod bas\u0131m\u0131<br>\u2022 \u00c7oklu bas\u0131l\u0131 malzeme birle\u015ftirme<br>\u2022 Paketleme, kutulama, kolileme i\u015flemleri<br>\u2022 Da\u011f\u0131t\u0131ma , haz\u0131rl\u0131k ve sevkiyat i\u015flemleri<br>\u2022 Manuel i\u015flemler ( Elle\u00e7leme )<\/p>\n\n\n\n<p>Zamana kar\u015f\u0131 verdi\u011finiz yar\u0131\u015fta ABACI KART, y\u00fcksek s\u00fcrat kapasitesi ve koordinasyon deste\u011fi ile po\u015fetleme ve zarflama ihtiya\u00e7lar\u0131n\u0131za h\u0131zl\u0131 \u00e7\u00f6z\u00fcmler sunmaktad\u0131r.<\/p>\n","protected":false},"excerpt":{"rendered":"<p>Po\u015fetleme , Zarflama ve Postalama Hizmetleri El de\u011fmeden, makinelerde ve y\u00fcksek s\u00fcratte. Tesisimizde, \u00f6zellikle do\u011frudan postalama projelerinizde veya da\u011f\u0131t\u0131m\u0131 yap\u0131lacak bas\u0131l\u0131 materyalleriniz i\u00e7in kullan\u0131lmak \u00fczere, tam otomatik makinelerde ve y\u00fcksek s\u00fcratte po\u015fetleme ve zarf dolum i\u015flemleri yap\u0131lmaktad\u0131r. Adet, boyut veya \u00e7e\u015fitleri ne olursa olsun t\u00fcm bas\u0131l\u0131 materyalleriniz, \u00f6zel olarak \u00fcretilmi\u015f ileri teknoloji makinelerde el de\u011fmeden&hellip;&nbsp;<a href=\"https:\/\/www.abacicard.com\/tr\/zarflama-ve-postalama-hizmetleri\/\" rel=\"bookmark\">Read More &raquo;<span class=\"screen-reader-text\">Zarflama ve Postalama Hizmetleri<\/span><\/a><\/p>\n","protected":false},"author":1,"featured_media":0,"parent":0,"menu_order":0,"comment_status":"closed","ping_status":"closed","template":"","meta":{"_uf_show_specific_survey":0,"_uf_disable_surveys":false,"neve_meta_sidebar":"","neve_meta_container":"","neve_meta_enable_content_width":"","neve_meta_content_width":0,"neve_meta_title_alignment":"","neve_meta_author_avatar":"","neve_post_elements_order":"","neve_meta_disable_header":"","neve_meta_disable_footer":"","neve_meta_disable_title":"","neve_meta_reading_time":"","_themeisle_gutenberg_block_has_review":false,"footnotes":""},"class_list":["post-1790","page","type-page","status-publish","hentry"],"yoast_head":"<!-- This site is optimized with the Yoast SEO plugin v25.9 - https:\/\/yoast.com\/wordpress\/plugins\/seo\/ -->\n<title>Zarflama ve Postalama Hizmetleri - Abac\u0131 Kart A.\u015e. - T\u00fcrkiye&#039;nin ilk ve en b\u00fcy\u00fck Plastik kart, RFID kart, Plastik Oyun kart\u0131, MIFARE kart, Proximity<\/title>\n<meta name=\"description\" content=\"Abaci Kart A.S. - The First and Largest Manufacturer of Plastic cards, RFID cards, Plastic Game cards, MIFARE cards, Proximit\" \/>\n<meta name=\"robots\" content=\"index, follow, max-snippet:-1, max-image-preview:large, max-video-preview:-1\" \/>\n<link rel=\"canonical\" href=\"https:\/\/www.abacicard.com\/tr\/zarflama-ve-postalama-hizmetleri\/\" \/>\n<meta property=\"og:locale\" content=\"tr_TR\" \/>\n<meta property=\"og:type\" content=\"article\" \/>\n<meta property=\"og:title\" content=\"Zarflama ve Postalama Hizmetleri - Abac\u0131 Kart A.\u015e. - T\u00fcrkiye&#039;nin ilk ve en b\u00fcy\u00fck Plastik kart, RFID kart, Plastik Oyun kart\u0131, MIFARE kart, Proximity\" \/>\n<meta property=\"og:description\" content=\"Abaci Kart A.S. - The First and Largest Manufacturer of Plastic cards, RFID cards, Plastic Game cards, MIFARE cards, Proximit\" \/>\n<meta property=\"og:url\" content=\"https:\/\/www.abacicard.com\/tr\/zarflama-ve-postalama-hizmetleri\/\" \/>\n<meta property=\"og:site_name\" content=\"Abac\u0131 Kart A.\u015e. - T\u00fcrkiye&#039;nin ilk ve en b\u00fcy\u00fck Plastik kart, RFID kart, Plastik Oyun kart\u0131, MIFARE kart, Proximity\" \/>\n<meta property=\"article:publisher\" content=\"https:\/\/www.facebook.com\/abacicard\" \/>\n<meta property=\"article:modified_time\" content=\"2025-06-27T06:04:52+00:00\" \/>\n<meta property=\"og:image\" content=\"http:\/\/www.abacicard.com\/tr\/wp-content\/uploads\/2025\/01\/zarflama-ve-postalama-hizmetleri.png\" \/>\n<meta name=\"twitter:card\" content=\"summary_large_image\" \/>\n<meta name=\"twitter:site\" content=\"@abacicard\" \/>\n<meta name=\"twitter:label1\" content=\"Tahmini okuma s\u00fcresi\" \/>\n\t<meta name=\"twitter:data1\" content=\"1 dakika\" \/>\n<script type=\"application\/ld+json\" class=\"yoast-schema-graph\">{\"@context\":\"https:\/\/schema.org\",\"@graph\":[{\"@type\":\"WebPage\",\"@id\":\"https:\/\/www.abacicard.com\/tr\/zarflama-ve-postalama-hizmetleri\/\",\"url\":\"https:\/\/www.abacicard.com\/tr\/zarflama-ve-postalama-hizmetleri\/\",\"name\":\"Zarflama ve Postalama Hizmetleri - Abac\u0131 Kart A.\u015e. - T\u00fcrkiye&#039;nin ilk ve en b\u00fcy\u00fck Plastik kart, RFID kart, Plastik Oyun kart\u0131, MIFARE kart, Proximity\",\"isPartOf\":{\"@id\":\"https:\/\/www.abacicard.com\/tr\/#website\"},\"primaryImageOfPage\":{\"@id\":\"https:\/\/www.abacicard.com\/tr\/zarflama-ve-postalama-hizmetleri\/#primaryimage\"},\"image\":{\"@id\":\"https:\/\/www.abacicard.com\/tr\/zarflama-ve-postalama-hizmetleri\/#primaryimage\"},\"thumbnailUrl\":\"http:\/\/www.abacicard.com\/tr\/wp-content\/uploads\/2025\/01\/zarflama-ve-postalama-hizmetleri.png\",\"datePublished\":\"2025-01-27T06:42:13+00:00\",\"dateModified\":\"2025-06-27T06:04:52+00:00\",\"description\":\"Abaci Kart A.S. - The First and Largest Manufacturer of Plastic cards, RFID cards, Plastic Game cards, MIFARE cards, Proximit\",\"breadcrumb\":{\"@id\":\"https:\/\/www.abacicard.com\/tr\/zarflama-ve-postalama-hizmetleri\/#breadcrumb\"},\"inLanguage\":\"tr\",\"potentialAction\":[{\"@type\":\"ReadAction\",\"target\":[\"https:\/\/www.abacicard.com\/tr\/zarflama-ve-postalama-hizmetleri\/\"]}]},{\"@type\":\"ImageObject\",\"inLanguage\":\"tr\",\"@id\":\"https:\/\/www.abacicard.com\/tr\/zarflama-ve-postalama-hizmetleri\/#primaryimage\",\"url\":\"https:\/\/www.abacicard.com\/tr\/wp-content\/uploads\/2025\/01\/zarflama-ve-postalama-hizmetleri.png\",\"contentUrl\":\"https:\/\/www.abacicard.com\/tr\/wp-content\/uploads\/2025\/01\/zarflama-ve-postalama-hizmetleri.png\",\"width\":1000,\"height\":504},{\"@type\":\"BreadcrumbList\",\"@id\":\"https:\/\/www.abacicard.com\/tr\/zarflama-ve-postalama-hizmetleri\/#breadcrumb\",\"itemListElement\":[{\"@type\":\"ListItem\",\"position\":1,\"name\":\"Anasayfa\",\"item\":\"http:\/\/www.abacicard.com\/tr\/\"},{\"@type\":\"ListItem\",\"position\":2,\"name\":\"Zarflama ve Postalama Hizmetleri\"}]},{\"@type\":\"WebSite\",\"@id\":\"https:\/\/www.abacicard.com\/tr\/#website\",\"url\":\"https:\/\/www.abacicard.com\/tr\/\",\"name\":\"Abaci Kart A.S. - The First and Largest Manufacturer of Plastic cards, RFID cards, Plastic Game cards, MIFARE cards, Proximit\",\"description\":\"Y\u0131llar\u0131n Deneyimiyle G\u00fc\u00e7lu ve Karal\u0131\",\"publisher\":{\"@id\":\"https:\/\/www.abacicard.com\/tr\/#organization\"},\"alternateName\":\"Abaci Kart A.S. - The First and Largest Manufacturer of Plastic cards, RFID cards, Plastic Game cards, MIFARE cards, Proximit\",\"potentialAction\":[{\"@type\":\"SearchAction\",\"target\":{\"@type\":\"EntryPoint\",\"urlTemplate\":\"https:\/\/www.abacicard.com\/tr\/?s={search_term_string}\"},\"query-input\":{\"@type\":\"PropertyValueSpecification\",\"valueRequired\":true,\"valueName\":\"search_term_string\"}}],\"inLanguage\":\"tr\"},{\"@type\":\"Organization\",\"@id\":\"https:\/\/www.abacicard.com\/tr\/#organization\",\"name\":\"Abaci Kart A.S.\",\"alternateName\":\"Abaci Kart A.S. - The First and Largest Manufacturer of Plastic cards, RFID cards, Plastic Game cards, MIFARE cards, Proximit\",\"url\":\"https:\/\/www.abacicard.com\/tr\/\",\"logo\":{\"@type\":\"ImageObject\",\"inLanguage\":\"tr\",\"@id\":\"https:\/\/www.abacicard.com\/tr\/#\/schema\/logo\/image\/\",\"url\":\"http:\/\/www.abacicard.com\/tr\/wp-content\/uploads\/2025\/01\/favicon.png\",\"contentUrl\":\"http:\/\/www.abacicard.com\/tr\/wp-content\/uploads\/2025\/01\/favicon.png\",\"width\":32,\"height\":32,\"caption\":\"Abaci Kart A.S.\"},\"image\":{\"@id\":\"https:\/\/www.abacicard.com\/tr\/#\/schema\/logo\/image\/\"},\"sameAs\":[\"https:\/\/www.facebook.com\/abacicard\",\"https:\/\/x.com\/abacicard\",\"https:\/\/www.youtube.com\/channel\/UC09DwyAe-UeSqT71ZOvtb5g\",\"https:\/\/www.instagram.com\/abacicards\/\",\"https:\/\/www.linkedin.com\/company\/10275826\/\"]}]}<\/script>\n<!-- \/ Yoast SEO plugin. -->","yoast_head_json":{"title":"Zarflama ve Postalama Hizmetleri - Abac\u0131 Kart A.\u015e. - T\u00fcrkiye&#039;nin ilk ve en b\u00fcy\u00fck Plastik kart, RFID kart, Plastik Oyun kart\u0131, MIFARE kart, Proximity","description":"Abaci Kart A.S. - The First and Largest Manufacturer of Plastic cards, RFID cards, Plastic Game cards, MIFARE cards, Proximit","robots":{"index":"index","follow":"follow","max-snippet":"max-snippet:-1","max-image-preview":"max-image-preview:large","max-video-preview":"max-video-preview:-1"},"canonical":"https:\/\/www.abacicard.com\/tr\/zarflama-ve-postalama-hizmetleri\/","og_locale":"tr_TR","og_type":"article","og_title":"Zarflama ve Postalama Hizmetleri - Abac\u0131 Kart A.\u015e. - T\u00fcrkiye&#039;nin ilk ve en b\u00fcy\u00fck Plastik kart, RFID kart, Plastik Oyun kart\u0131, MIFARE kart, Proximity","og_description":"Abaci Kart A.S. - The First and Largest Manufacturer of Plastic cards, RFID cards, Plastic Game cards, MIFARE cards, Proximit","og_url":"https:\/\/www.abacicard.com\/tr\/zarflama-ve-postalama-hizmetleri\/","og_site_name":"Abac\u0131 Kart A.\u015e. - T\u00fcrkiye&#039;nin ilk ve en b\u00fcy\u00fck Plastik kart, RFID kart, Plastik Oyun kart\u0131, MIFARE kart, Proximity","article_publisher":"https:\/\/www.facebook.com\/abacicard","article_modified_time":"2025-06-27T06:04:52+00:00","og_image":[{"url":"http:\/\/www.abacicard.com\/tr\/wp-content\/uploads\/2025\/01\/zarflama-ve-postalama-hizmetleri.png","type":"","width":"","height":""}],"twitter_card":"summary_large_image","twitter_site":"@abacicard","twitter_misc":{"Tahmini okuma s\u00fcresi":"1 dakika"},"schema":{"@context":"https:\/\/schema.org","@graph":[{"@type":"WebPage","@id":"https:\/\/www.abacicard.com\/tr\/zarflama-ve-postalama-hizmetleri\/","url":"https:\/\/www.abacicard.com\/tr\/zarflama-ve-postalama-hizmetleri\/","name":"Zarflama ve Postalama Hizmetleri - Abac\u0131 Kart A.\u015e. - T\u00fcrkiye&#039;nin ilk ve en b\u00fcy\u00fck Plastik kart, RFID kart, Plastik Oyun kart\u0131, MIFARE kart, Proximity","isPartOf":{"@id":"https:\/\/www.abacicard.com\/tr\/#website"},"primaryImageOfPage":{"@id":"https:\/\/www.abacicard.com\/tr\/zarflama-ve-postalama-hizmetleri\/#primaryimage"},"image":{"@id":"https:\/\/www.abacicard.com\/tr\/zarflama-ve-postalama-hizmetleri\/#primaryimage"},"thumbnailUrl":"http:\/\/www.abacicard.com\/tr\/wp-content\/uploads\/2025\/01\/zarflama-ve-postalama-hizmetleri.png","datePublished":"2025-01-27T06:42:13+00:00","dateModified":"2025-06-27T06:04:52+00:00","description":"Abaci Kart A.S. - The First and Largest Manufacturer of Plastic cards, RFID cards, Plastic Game cards, MIFARE cards, Proximit","breadcrumb":{"@id":"https:\/\/www.abacicard.com\/tr\/zarflama-ve-postalama-hizmetleri\/#breadcrumb"},"inLanguage":"tr","potentialAction":[{"@type":"ReadAction","target":["https:\/\/www.abacicard.com\/tr\/zarflama-ve-postalama-hizmetleri\/"]}]},{"@type":"ImageObject","inLanguage":"tr","@id":"https:\/\/www.abacicard.com\/tr\/zarflama-ve-postalama-hizmetleri\/#primaryimage","url":"https:\/\/www.abacicard.com\/tr\/wp-content\/uploads\/2025\/01\/zarflama-ve-postalama-hizmetleri.png","contentUrl":"https:\/\/www.abacicard.com\/tr\/wp-content\/uploads\/2025\/01\/zarflama-ve-postalama-hizmetleri.png","width":1000,"height":504},{"@type":"BreadcrumbList","@id":"https:\/\/www.abacicard.com\/tr\/zarflama-ve-postalama-hizmetleri\/#breadcrumb","itemListElement":[{"@type":"ListItem","position":1,"name":"Anasayfa","item":"http:\/\/www.abacicard.com\/tr\/"},{"@type":"ListItem","position":2,"name":"Zarflama ve Postalama Hizmetleri"}]},{"@type":"WebSite","@id":"https:\/\/www.abacicard.com\/tr\/#website","url":"https:\/\/www.abacicard.com\/tr\/","name":"Abaci Kart A.S. - The First and Largest Manufacturer of Plastic cards, RFID cards, Plastic Game cards, MIFARE cards, Proximit","description":"Y\u0131llar\u0131n Deneyimiyle G\u00fc\u00e7lu ve Karal\u0131","publisher":{"@id":"https:\/\/www.abacicard.com\/tr\/#organization"},"alternateName":"Abaci Kart A.S. - The First and Largest Manufacturer of Plastic cards, RFID cards, Plastic Game cards, MIFARE cards, Proximit","potentialAction":[{"@type":"SearchAction","target":{"@type":"EntryPoint","urlTemplate":"https:\/\/www.abacicard.com\/tr\/?s={search_term_string}"},"query-input":{"@type":"PropertyValueSpecification","valueRequired":true,"valueName":"search_term_string"}}],"inLanguage":"tr"},{"@type":"Organization","@id":"https:\/\/www.abacicard.com\/tr\/#organization","name":"Abaci Kart A.S.","alternateName":"Abaci Kart A.S. - The First and Largest Manufacturer of Plastic cards, RFID cards, Plastic Game cards, MIFARE cards, Proximit","url":"https:\/\/www.abacicard.com\/tr\/","logo":{"@type":"ImageObject","inLanguage":"tr","@id":"https:\/\/www.abacicard.com\/tr\/#\/schema\/logo\/image\/","url":"http:\/\/www.abacicard.com\/tr\/wp-content\/uploads\/2025\/01\/favicon.png","contentUrl":"http:\/\/www.abacicard.com\/tr\/wp-content\/uploads\/2025\/01\/favicon.png","width":32,"height":32,"caption":"Abaci Kart A.S."},"image":{"@id":"https:\/\/www.abacicard.com\/tr\/#\/schema\/logo\/image\/"},"sameAs":["https:\/\/www.facebook.com\/abacicard","https:\/\/x.com\/abacicard","https:\/\/www.youtube.com\/channel\/UC09DwyAe-UeSqT71ZOvtb5g","https:\/\/www.instagram.com\/abacicards\/","https:\/\/www.linkedin.com\/company\/10275826\/"]}]}},"_links":{"self":[{"href":"https:\/\/www.abacicard.com\/tr\/wp-json\/wp\/v2\/pages\/1790","targetHints":{"allow":["GET"]}}],"collection":[{"href":"https:\/\/www.abacicard.com\/tr\/wp-json\/wp\/v2\/pages"}],"about":[{"href":"https:\/\/www.abacicard.com\/tr\/wp-json\/wp\/v2\/types\/page"}],"author":[{"embeddable":true,"href":"https:\/\/www.abacicard.com\/tr\/wp-json\/wp\/v2\/users\/1"}],"replies":[{"embeddable":true,"href":"https:\/\/www.abacicard.com\/tr\/wp-json\/wp\/v2\/comments?post=1790"}],"version-history":[{"count":3,"href":"https:\/\/www.abacicard.com\/tr\/wp-json\/wp\/v2\/pages\/1790\/revisions"}],"predecessor-version":[{"id":2081,"href":"https:\/\/www.abacicard.com\/tr\/wp-json\/wp\/v2\/pages\/1790\/revisions\/2081"}],"wp:attachment":[{"href":"https:\/\/www.abacicard.com\/tr\/wp-json\/wp\/v2\/media?parent=1790"}],"curies":[{"name":"wp","href":"https:\/\/api.w.org\/{rel}","templated":true}]}}