{"id":1772,"date":"2025-01-16T11:42:37","date_gmt":"2025-01-16T11:42:37","guid":{"rendered":"http:\/\/www.abacicard.com\/tr\/?page_id=1772"},"modified":"2025-06-27T06:06:20","modified_gmt":"2025-06-27T06:06:20","slug":"thermal-card-printers-termal-kart-yazicilari","status":"publish","type":"page","link":"https:\/\/www.abacicard.com\/tr\/thermal-card-printers-termal-kart-yazicilari\/","title":{"rendered":"Termal Kart Yaz\u0131c\u0131lar\u0131"},"content":{"rendered":"\n<figure class=\"wp-block-image alignwide size-full\"><img loading=\"lazy\" decoding=\"async\" width=\"1000\" height=\"504\" src=\"http:\/\/www.abacicard.com\/tr\/wp-content\/uploads\/2025\/01\/termal-kart-yazicilari-1.png\" alt=\"\" class=\"wp-image-1774\" srcset=\"https:\/\/www.abacicard.com\/tr\/wp-content\/uploads\/2025\/01\/termal-kart-yazicilari-1.png 1000w, https:\/\/www.abacicard.com\/tr\/wp-content\/uploads\/2025\/01\/termal-kart-yazicilari-1-300x151.png 300w, https:\/\/www.abacicard.com\/tr\/wp-content\/uploads\/2025\/01\/termal-kart-yazicilari-1-768x387.png 768w\" sizes=\"auto, (max-width: 1000px) 100vw, 1000px\" \/><\/figure>\n\n\n\n<p><strong><br>Termal Plastik Kart Yaz\u0131c\u0131lar\u0131<\/strong><\/p>\n\n\n\n<p>Plastik kart \u00fczerine renkli bask\u0131 yapabilen termal kart yaz\u0131c\u0131lard\u0131r. Firmam\u0131z farkl\u0131 markalarda plastik kart yaz\u0131c\u0131 sat\u0131\u015f\u0131 yapmaktad\u0131r. Kolayca masa\u00fcst\u00fc bilgisayar\u0131n\u0131za, diz \u00fcst\u00fc bilgisayarlar\u0131n\u0131za kurulumunu yapt\u0131ktan sonra kullanmaya ba\u015flayabilirsiniz. Ka\u011f\u0131t yerine plastik kart kullan\u0131r, kart yaz\u0131c\u0131 ile personel kimlik kart\u0131, \u00f6\u011frenci kimlik kart\u0131, \u00fcye dernek kartlar\u0131, hasta tan\u0131t\u0131m kartlar\u0131, m\u00fc\u015fteri kartlar\u0131 , RFID kartlar, temass\u0131z kartlar gibi t\u00fcm kart gibi kart \u00e7e\u015fitlerini rahatl\u0131kla ki\u015fiselle\u015ftirip bask\u0131 yapabilirsiniz.<\/p>\n\n\n\n<p>Geli\u015fmi\u015f modelleri ile hologram ve \u00f6zel g\u00fcvenlik kaplamalar\u0131 da yapmak m\u00fcmk\u00fcnd\u00fcr. Kart yaz\u0131c\u0131lar ribonlar \u00fczerindeki renkleri \u0131s\u0131 transferi ile se\u00e7ilen tasar\u0131m\u0131 kart\u0131n \u00fczerine ge\u00e7irirler, kart yaz\u0131c\u0131lar ile g\u00fcm\u00fc\u015f ribbon, gold ribbon, kaz\u0131mal\u0131 \u015fifre ribbonu, renkli yada tekrenk ribonlar ile bask\u0131lar yapabilirsiniz.<\/p>\n\n\n\n<p>Hangi kart yaz\u0131c\u0131y\u0131 tercih etmeliyim? Hangisi daha hesapl\u0131d\u0131r? Hangisi daha fazla performans sa\u011flar? Gibi bir \u00e7ok soru kafan\u0131za tak\u0131labilir bu sorular\u0131n yan\u0131t\u0131n\u0131 almak i\u00e7in bize ula\u015f\u0131n\u0131z.<br>Teknik personelimiz bu konuda en h\u0131zl\u0131 \u015fekilde size yard\u0131mc\u0131 olacakt\u0131r.<\/p>\n\n\n\n<p>Kart yaz\u0131c\u0131 \u00e7\u00f6z\u00fcmlerimiz firmalara daha geli\u015fmi\u015f g\u00fcvenlik, daha y\u00fcksek kalite, daha d\u00fc\u015f\u00fck maliyet ve daha iyi m\u00fc\u015fteri hizmeti sunar. Bu yaz\u0131c\u0131lar tam renkliden siyah-beyaz kart yaz\u0131c\u0131lara, geni\u015f bir \u00fcr\u00fcn yelpazesine sahiptir. Ethernet ba\u011flant\u0131s\u0131, ak\u0131ll\u0131 kart ve manyetik bant kodlamadan, daha fazla g\u00fcvenlik ve kart dayan\u0131kl\u0131l\u0131\u011f\u0131 i\u00e7in laminasyona kadar \u00e7e\u015fitli se\u00e7enekler sunulmaktad\u0131r. \u00d6deme kartlar\u0131ndan s\u00fcr\u00fcc\u00fc belgelerine, \u00fcye kartlar\u0131ndan personel yaka kartlar\u0131,kayak pasolar\u0131na ve daha nicelerine,her t\u00fcrl\u00fc ticari ihtiyaca cevap veren bir yaz\u0131c\u0131 \u00e7\u00f6z\u00fcm\u00fcm\u00fcz mevcuttur.<\/p>\n\n\n\n<p>Bunun yan\u0131nda termal yaz\u0131c\u0131lar, g\u00fcnl\u00fck kullan\u0131mdaki pratikli\u011fi, ofis ortamlar\u0131nda fazla yer kaplamamas\u0131 ve m\u00fc\u015fterilerinize an\u0131nda, h\u0131zl\u0131 \u00e7\u00f6z\u00fcm sunman\u0131zda son derece etkilidir. Ba\u015fl\u0131ca kullan\u0131ld\u0131\u011f\u0131 alanlar;<\/p>\n\n\n\n<p>&#8211; Personel kart bask\u0131s\u0131<br>&#8211; \u00d6zl\u00fck bilgi ve foto\u011fraf bask\u0131s\u0131<br>&#8211; M\u00fc\u015fteriye \u00f6zel tasar\u0131mlar<br>&#8211; Ziyaret\u00e7i kartlar\u0131<br>&#8211; Ak\u0131ll\u0131 ge\u00e7i\u015f kontrol kartlar\u0131 (\u00e7ipli kartlar, smart kartlar, HID, Infineon gibi RFID kartlard\u0131r)<br>&#8211; Numarat\u00f6r bask\u0131lar\u0131<\/p>\n","protected":false},"excerpt":{"rendered":"<p>Termal Plastik Kart Yaz\u0131c\u0131lar\u0131 Plastik kart \u00fczerine renkli bask\u0131 yapabilen termal kart yaz\u0131c\u0131lard\u0131r. Firmam\u0131z farkl\u0131 markalarda plastik kart yaz\u0131c\u0131 sat\u0131\u015f\u0131 yapmaktad\u0131r. Kolayca masa\u00fcst\u00fc bilgisayar\u0131n\u0131za, diz \u00fcst\u00fc bilgisayarlar\u0131n\u0131za kurulumunu yapt\u0131ktan sonra kullanmaya ba\u015flayabilirsiniz. Ka\u011f\u0131t yerine plastik kart kullan\u0131r, kart yaz\u0131c\u0131 ile personel kimlik kart\u0131, \u00f6\u011frenci kimlik kart\u0131, \u00fcye dernek kartlar\u0131, hasta tan\u0131t\u0131m kartlar\u0131, m\u00fc\u015fteri kartlar\u0131 ,&hellip;&nbsp;<a href=\"https:\/\/www.abacicard.com\/tr\/thermal-card-printers-termal-kart-yazicilari\/\" rel=\"bookmark\">Read More &raquo;<span class=\"screen-reader-text\">Termal Kart Yaz\u0131c\u0131lar\u0131<\/span><\/a><\/p>\n","protected":false},"author":1,"featured_media":0,"parent":0,"menu_order":0,"comment_status":"closed","ping_status":"closed","template":"","meta":{"_uf_show_specific_survey":0,"_uf_disable_surveys":false,"neve_meta_sidebar":"","neve_meta_container":"","neve_meta_enable_content_width":"","neve_meta_content_width":0,"neve_meta_title_alignment":"","neve_meta_author_avatar":"","neve_post_elements_order":"","neve_meta_disable_header":"","neve_meta_disable_footer":"","neve_meta_disable_title":"","neve_meta_reading_time":"","_themeisle_gutenberg_block_has_review":false,"footnotes":""},"class_list":["post-1772","page","type-page","status-publish","hentry"],"yoast_head":"<!-- This site is optimized with the Yoast SEO plugin v25.9 - https:\/\/yoast.com\/wordpress\/plugins\/seo\/ -->\n<title>Termal Kart Yaz\u0131c\u0131lar\u0131 - Abac\u0131 Kart A.\u015e. - T\u00fcrkiye&#039;nin ilk ve en b\u00fcy\u00fck Plastik kart, RFID kart, Plastik Oyun kart\u0131, MIFARE kart, Proximity<\/title>\n<meta name=\"description\" content=\"Abaci Kart A.S. - The First and Largest Manufacturer of Plastic cards, RFID cards, Plastic Game cards, MIFARE cards, Proximit\" \/>\n<meta name=\"robots\" content=\"index, follow, max-snippet:-1, max-image-preview:large, max-video-preview:-1\" \/>\n<link rel=\"canonical\" href=\"https:\/\/www.abacicard.com\/tr\/thermal-card-printers-termal-kart-yazicilari\/\" \/>\n<meta property=\"og:locale\" content=\"tr_TR\" \/>\n<meta property=\"og:type\" content=\"article\" \/>\n<meta property=\"og:title\" content=\"Termal Kart Yaz\u0131c\u0131lar\u0131 - Abac\u0131 Kart A.\u015e. - T\u00fcrkiye&#039;nin ilk ve en b\u00fcy\u00fck Plastik kart, RFID kart, Plastik Oyun kart\u0131, MIFARE kart, Proximity\" \/>\n<meta property=\"og:description\" content=\"Abaci Kart A.S. - The First and Largest Manufacturer of Plastic cards, RFID cards, Plastic Game cards, MIFARE cards, Proximit\" \/>\n<meta property=\"og:url\" content=\"https:\/\/www.abacicard.com\/tr\/thermal-card-printers-termal-kart-yazicilari\/\" \/>\n<meta property=\"og:site_name\" content=\"Abac\u0131 Kart A.\u015e. - T\u00fcrkiye&#039;nin ilk ve en b\u00fcy\u00fck Plastik kart, RFID kart, Plastik Oyun kart\u0131, MIFARE kart, Proximity\" \/>\n<meta property=\"article:publisher\" content=\"https:\/\/www.facebook.com\/abacicard\" \/>\n<meta property=\"article:modified_time\" content=\"2025-06-27T06:06:20+00:00\" \/>\n<meta property=\"og:image\" content=\"http:\/\/www.abacicard.com\/tr\/wp-content\/uploads\/2025\/01\/termal-kart-yazicilari-1.png\" \/>\n<meta name=\"twitter:card\" content=\"summary_large_image\" \/>\n<meta name=\"twitter:site\" content=\"@abacicard\" \/>\n<meta name=\"twitter:label1\" content=\"Tahmini okuma s\u00fcresi\" \/>\n\t<meta name=\"twitter:data1\" content=\"2 dakika\" \/>\n<script type=\"application\/ld+json\" class=\"yoast-schema-graph\">{\"@context\":\"https:\/\/schema.org\",\"@graph\":[{\"@type\":\"WebPage\",\"@id\":\"https:\/\/www.abacicard.com\/tr\/thermal-card-printers-termal-kart-yazicilari\/\",\"url\":\"https:\/\/www.abacicard.com\/tr\/thermal-card-printers-termal-kart-yazicilari\/\",\"name\":\"Termal Kart Yaz\u0131c\u0131lar\u0131 - Abac\u0131 Kart A.\u015e. - T\u00fcrkiye&#039;nin ilk ve en b\u00fcy\u00fck Plastik kart, RFID kart, Plastik Oyun kart\u0131, MIFARE kart, Proximity\",\"isPartOf\":{\"@id\":\"https:\/\/www.abacicard.com\/tr\/#website\"},\"primaryImageOfPage\":{\"@id\":\"https:\/\/www.abacicard.com\/tr\/thermal-card-printers-termal-kart-yazicilari\/#primaryimage\"},\"image\":{\"@id\":\"https:\/\/www.abacicard.com\/tr\/thermal-card-printers-termal-kart-yazicilari\/#primaryimage\"},\"thumbnailUrl\":\"http:\/\/www.abacicard.com\/tr\/wp-content\/uploads\/2025\/01\/termal-kart-yazicilari-1.png\",\"datePublished\":\"2025-01-16T11:42:37+00:00\",\"dateModified\":\"2025-06-27T06:06:20+00:00\",\"description\":\"Abaci Kart A.S. - The First and Largest Manufacturer of Plastic cards, RFID cards, Plastic Game cards, MIFARE cards, Proximit\",\"breadcrumb\":{\"@id\":\"https:\/\/www.abacicard.com\/tr\/thermal-card-printers-termal-kart-yazicilari\/#breadcrumb\"},\"inLanguage\":\"tr\",\"potentialAction\":[{\"@type\":\"ReadAction\",\"target\":[\"https:\/\/www.abacicard.com\/tr\/thermal-card-printers-termal-kart-yazicilari\/\"]}]},{\"@type\":\"ImageObject\",\"inLanguage\":\"tr\",\"@id\":\"https:\/\/www.abacicard.com\/tr\/thermal-card-printers-termal-kart-yazicilari\/#primaryimage\",\"url\":\"https:\/\/www.abacicard.com\/tr\/wp-content\/uploads\/2025\/01\/termal-kart-yazicilari-1.png\",\"contentUrl\":\"https:\/\/www.abacicard.com\/tr\/wp-content\/uploads\/2025\/01\/termal-kart-yazicilari-1.png\",\"width\":1000,\"height\":504},{\"@type\":\"BreadcrumbList\",\"@id\":\"https:\/\/www.abacicard.com\/tr\/thermal-card-printers-termal-kart-yazicilari\/#breadcrumb\",\"itemListElement\":[{\"@type\":\"ListItem\",\"position\":1,\"name\":\"Anasayfa\",\"item\":\"http:\/\/www.abacicard.com\/tr\/\"},{\"@type\":\"ListItem\",\"position\":2,\"name\":\"Termal Kart Yaz\u0131c\u0131lar\u0131\"}]},{\"@type\":\"WebSite\",\"@id\":\"https:\/\/www.abacicard.com\/tr\/#website\",\"url\":\"https:\/\/www.abacicard.com\/tr\/\",\"name\":\"Abaci Kart A.S. - The First and Largest Manufacturer of Plastic cards, RFID cards, Plastic Game cards, MIFARE cards, Proximit\",\"description\":\"Y\u0131llar\u0131n Deneyimiyle G\u00fc\u00e7lu ve Karal\u0131\",\"publisher\":{\"@id\":\"https:\/\/www.abacicard.com\/tr\/#organization\"},\"alternateName\":\"Abaci Kart A.S. - The First and Largest Manufacturer of Plastic cards, RFID cards, Plastic Game cards, MIFARE cards, Proximit\",\"potentialAction\":[{\"@type\":\"SearchAction\",\"target\":{\"@type\":\"EntryPoint\",\"urlTemplate\":\"https:\/\/www.abacicard.com\/tr\/?s={search_term_string}\"},\"query-input\":{\"@type\":\"PropertyValueSpecification\",\"valueRequired\":true,\"valueName\":\"search_term_string\"}}],\"inLanguage\":\"tr\"},{\"@type\":\"Organization\",\"@id\":\"https:\/\/www.abacicard.com\/tr\/#organization\",\"name\":\"Abaci Kart A.S.\",\"alternateName\":\"Abaci Kart A.S. - The First and Largest Manufacturer of Plastic cards, RFID cards, Plastic Game cards, MIFARE cards, Proximit\",\"url\":\"https:\/\/www.abacicard.com\/tr\/\",\"logo\":{\"@type\":\"ImageObject\",\"inLanguage\":\"tr\",\"@id\":\"https:\/\/www.abacicard.com\/tr\/#\/schema\/logo\/image\/\",\"url\":\"http:\/\/www.abacicard.com\/tr\/wp-content\/uploads\/2025\/01\/favicon.png\",\"contentUrl\":\"http:\/\/www.abacicard.com\/tr\/wp-content\/uploads\/2025\/01\/favicon.png\",\"width\":32,\"height\":32,\"caption\":\"Abaci Kart A.S.\"},\"image\":{\"@id\":\"https:\/\/www.abacicard.com\/tr\/#\/schema\/logo\/image\/\"},\"sameAs\":[\"https:\/\/www.facebook.com\/abacicard\",\"https:\/\/x.com\/abacicard\",\"https:\/\/www.youtube.com\/channel\/UC09DwyAe-UeSqT71ZOvtb5g\",\"https:\/\/www.instagram.com\/abacicards\/\",\"https:\/\/www.linkedin.com\/company\/10275826\/\"]}]}<\/script>\n<!-- \/ Yoast SEO plugin. -->","yoast_head_json":{"title":"Termal Kart Yaz\u0131c\u0131lar\u0131 - Abac\u0131 Kart A.\u015e. - T\u00fcrkiye&#039;nin ilk ve en b\u00fcy\u00fck Plastik kart, RFID kart, Plastik Oyun kart\u0131, MIFARE kart, Proximity","description":"Abaci Kart A.S. - The First and Largest Manufacturer of Plastic cards, RFID cards, Plastic Game cards, MIFARE cards, Proximit","robots":{"index":"index","follow":"follow","max-snippet":"max-snippet:-1","max-image-preview":"max-image-preview:large","max-video-preview":"max-video-preview:-1"},"canonical":"https:\/\/www.abacicard.com\/tr\/thermal-card-printers-termal-kart-yazicilari\/","og_locale":"tr_TR","og_type":"article","og_title":"Termal Kart Yaz\u0131c\u0131lar\u0131 - Abac\u0131 Kart A.\u015e. - T\u00fcrkiye&#039;nin ilk ve en b\u00fcy\u00fck Plastik kart, RFID kart, Plastik Oyun kart\u0131, MIFARE kart, Proximity","og_description":"Abaci Kart A.S. - The First and Largest Manufacturer of Plastic cards, RFID cards, Plastic Game cards, MIFARE cards, Proximit","og_url":"https:\/\/www.abacicard.com\/tr\/thermal-card-printers-termal-kart-yazicilari\/","og_site_name":"Abac\u0131 Kart A.\u015e. - T\u00fcrkiye&#039;nin ilk ve en b\u00fcy\u00fck Plastik kart, RFID kart, Plastik Oyun kart\u0131, MIFARE kart, Proximity","article_publisher":"https:\/\/www.facebook.com\/abacicard","article_modified_time":"2025-06-27T06:06:20+00:00","og_image":[{"url":"http:\/\/www.abacicard.com\/tr\/wp-content\/uploads\/2025\/01\/termal-kart-yazicilari-1.png","type":"","width":"","height":""}],"twitter_card":"summary_large_image","twitter_site":"@abacicard","twitter_misc":{"Tahmini okuma s\u00fcresi":"2 dakika"},"schema":{"@context":"https:\/\/schema.org","@graph":[{"@type":"WebPage","@id":"https:\/\/www.abacicard.com\/tr\/thermal-card-printers-termal-kart-yazicilari\/","url":"https:\/\/www.abacicard.com\/tr\/thermal-card-printers-termal-kart-yazicilari\/","name":"Termal Kart Yaz\u0131c\u0131lar\u0131 - Abac\u0131 Kart A.\u015e. - T\u00fcrkiye&#039;nin ilk ve en b\u00fcy\u00fck Plastik kart, RFID kart, Plastik Oyun kart\u0131, MIFARE kart, Proximity","isPartOf":{"@id":"https:\/\/www.abacicard.com\/tr\/#website"},"primaryImageOfPage":{"@id":"https:\/\/www.abacicard.com\/tr\/thermal-card-printers-termal-kart-yazicilari\/#primaryimage"},"image":{"@id":"https:\/\/www.abacicard.com\/tr\/thermal-card-printers-termal-kart-yazicilari\/#primaryimage"},"thumbnailUrl":"http:\/\/www.abacicard.com\/tr\/wp-content\/uploads\/2025\/01\/termal-kart-yazicilari-1.png","datePublished":"2025-01-16T11:42:37+00:00","dateModified":"2025-06-27T06:06:20+00:00","description":"Abaci Kart A.S. - The First and Largest Manufacturer of Plastic cards, RFID cards, Plastic Game cards, MIFARE cards, Proximit","breadcrumb":{"@id":"https:\/\/www.abacicard.com\/tr\/thermal-card-printers-termal-kart-yazicilari\/#breadcrumb"},"inLanguage":"tr","potentialAction":[{"@type":"ReadAction","target":["https:\/\/www.abacicard.com\/tr\/thermal-card-printers-termal-kart-yazicilari\/"]}]},{"@type":"ImageObject","inLanguage":"tr","@id":"https:\/\/www.abacicard.com\/tr\/thermal-card-printers-termal-kart-yazicilari\/#primaryimage","url":"https:\/\/www.abacicard.com\/tr\/wp-content\/uploads\/2025\/01\/termal-kart-yazicilari-1.png","contentUrl":"https:\/\/www.abacicard.com\/tr\/wp-content\/uploads\/2025\/01\/termal-kart-yazicilari-1.png","width":1000,"height":504},{"@type":"BreadcrumbList","@id":"https:\/\/www.abacicard.com\/tr\/thermal-card-printers-termal-kart-yazicilari\/#breadcrumb","itemListElement":[{"@type":"ListItem","position":1,"name":"Anasayfa","item":"http:\/\/www.abacicard.com\/tr\/"},{"@type":"ListItem","position":2,"name":"Termal Kart Yaz\u0131c\u0131lar\u0131"}]},{"@type":"WebSite","@id":"https:\/\/www.abacicard.com\/tr\/#website","url":"https:\/\/www.abacicard.com\/tr\/","name":"Abaci Kart A.S. - The First and Largest Manufacturer of Plastic cards, RFID cards, Plastic Game cards, MIFARE cards, Proximit","description":"Y\u0131llar\u0131n Deneyimiyle G\u00fc\u00e7lu ve Karal\u0131","publisher":{"@id":"https:\/\/www.abacicard.com\/tr\/#organization"},"alternateName":"Abaci Kart A.S. - The First and Largest Manufacturer of Plastic cards, RFID cards, Plastic Game cards, MIFARE cards, Proximit","potentialAction":[{"@type":"SearchAction","target":{"@type":"EntryPoint","urlTemplate":"https:\/\/www.abacicard.com\/tr\/?s={search_term_string}"},"query-input":{"@type":"PropertyValueSpecification","valueRequired":true,"valueName":"search_term_string"}}],"inLanguage":"tr"},{"@type":"Organization","@id":"https:\/\/www.abacicard.com\/tr\/#organization","name":"Abaci Kart A.S.","alternateName":"Abaci Kart A.S. - The First and Largest Manufacturer of Plastic cards, RFID cards, Plastic Game cards, MIFARE cards, Proximit","url":"https:\/\/www.abacicard.com\/tr\/","logo":{"@type":"ImageObject","inLanguage":"tr","@id":"https:\/\/www.abacicard.com\/tr\/#\/schema\/logo\/image\/","url":"http:\/\/www.abacicard.com\/tr\/wp-content\/uploads\/2025\/01\/favicon.png","contentUrl":"http:\/\/www.abacicard.com\/tr\/wp-content\/uploads\/2025\/01\/favicon.png","width":32,"height":32,"caption":"Abaci Kart A.S."},"image":{"@id":"https:\/\/www.abacicard.com\/tr\/#\/schema\/logo\/image\/"},"sameAs":["https:\/\/www.facebook.com\/abacicard","https:\/\/x.com\/abacicard","https:\/\/www.youtube.com\/channel\/UC09DwyAe-UeSqT71ZOvtb5g","https:\/\/www.instagram.com\/abacicards\/","https:\/\/www.linkedin.com\/company\/10275826\/"]}]}},"_links":{"self":[{"href":"https:\/\/www.abacicard.com\/tr\/wp-json\/wp\/v2\/pages\/1772","targetHints":{"allow":["GET"]}}],"collection":[{"href":"https:\/\/www.abacicard.com\/tr\/wp-json\/wp\/v2\/pages"}],"about":[{"href":"https:\/\/www.abacicard.com\/tr\/wp-json\/wp\/v2\/types\/page"}],"author":[{"embeddable":true,"href":"https:\/\/www.abacicard.com\/tr\/wp-json\/wp\/v2\/users\/1"}],"replies":[{"embeddable":true,"href":"https:\/\/www.abacicard.com\/tr\/wp-json\/wp\/v2\/comments?post=1772"}],"version-history":[{"count":2,"href":"https:\/\/www.abacicard.com\/tr\/wp-json\/wp\/v2\/pages\/1772\/revisions"}],"predecessor-version":[{"id":2083,"href":"https:\/\/www.abacicard.com\/tr\/wp-json\/wp\/v2\/pages\/1772\/revisions\/2083"}],"wp:attachment":[{"href":"https:\/\/www.abacicard.com\/tr\/wp-json\/wp\/v2\/media?parent=1772"}],"curies":[{"name":"wp","href":"https:\/\/api.w.org\/{rel}","templated":true}]}}