{"id":1760,"date":"2025-01-16T10:47:03","date_gmt":"2025-01-16T10:47:03","guid":{"rendered":"http:\/\/www.abacicard.com\/tr\/?page_id=1760"},"modified":"2025-06-26T12:31:56","modified_gmt":"2025-06-26T12:31:56","slug":"urunler","status":"publish","type":"page","link":"https:\/\/www.abacicard.com\/tr\/urunler\/","title":{"rendered":"\u00dcr\u00fcnler"},"content":{"rendered":"\n<p>Please choose a category from category list<\/p>\n\n\n\n<p>\u2022\u00a0<a href=\"http:\/\/www.abacicard.com\/tr\/alisveris-ve-sadakat-kartlari\/\">Shopping and Loyalty Cards<\/a><br>\u2022\u00a0<a href=\"http:\/\/www.abacicard.com\/tr\/gift-and-promotional-cards\/\">Gift and Promotion Cards<\/a><br>\u2022\u00a0<a href=\"http:\/\/www.abacicard.com\/tr\/banks-and-insurance-cards\/\">Bank and Insurance Cards<\/a><br>\u2022\u00a0<a href=\"http:\/\/www.abacicard.com\/tr\/rfid-cards\/\">RFID Cards<\/a><br>\u2022\u00a0<a href=\"http:\/\/www.abacicard.com\/tr\/kazimali-kartlar\/\">Scratch Cards<\/a><br>\u2022\u00a0<a href=\"http:\/\/www.abacicard.com\/tr\/rfid-wristbands\/\">RFID Wristbands<\/a><br>\u2022\u00a0<a href=\"http:\/\/www.abacicard.com\/tr\/hotel-cards\/\">Hotel Cards<\/a><br>\u2022\u00a0<a href=\"http:\/\/www.abacicard.com\/tr\/identity-cards\/\">Identity Cards<\/a><br>\u2022\u00a0<a href=\"http:\/\/www.abacicard.com\/tr\/printing-and-mailing-services\/\">Printing and Mailing Services<\/a><br>\u2022\u00a0<a href=\"http:\/\/www.abacicard.com\/tr\/thermal-card-printers\/\">Thermal Card Printers<\/a><br>\u2022\u00a0<a href=\"http:\/\/www.abacicard.com\/tr\/plastic-playing-cards\/\">Plastic Playing Cards<\/a><br>\u2022\u00a0<a href=\"http:\/\/www.abacicard.com\/tr\/ofset-baski-isleri\/\">Offset Printing Services<\/a><br><\/p>\n","protected":false},"excerpt":{"rendered":"<p>Please choose a category from category list \u2022\u00a0Shopping and Loyalty Cards\u2022\u00a0Gift and Promotion Cards\u2022\u00a0Bank and Insurance Cards\u2022\u00a0RFID Cards\u2022\u00a0Scratch Cards\u2022\u00a0RFID Wristbands\u2022\u00a0Hotel Cards\u2022\u00a0Identity Cards\u2022\u00a0Printing and Mailing Services\u2022\u00a0Thermal Card Printers\u2022\u00a0Plastic Playing Cards\u2022\u00a0Offset Printing Services<\/p>\n","protected":false},"author":1,"featured_media":0,"parent":0,"menu_order":0,"comment_status":"closed","ping_status":"closed","template":"","meta":{"_uf_show_specific_survey":0,"_uf_disable_surveys":false,"neve_meta_sidebar":"","neve_meta_container":"","neve_meta_enable_content_width":"","neve_meta_content_width":0,"neve_meta_title_alignment":"","neve_meta_author_avatar":"","neve_post_elements_order":"","neve_meta_disable_header":"","neve_meta_disable_footer":"","neve_meta_disable_title":"","neve_meta_reading_time":"","_themeisle_gutenberg_block_has_review":false,"footnotes":""},"class_list":["post-1760","page","type-page","status-publish","hentry"],"yoast_head":"<!-- This site is optimized with the Yoast SEO plugin v25.9 - https:\/\/yoast.com\/wordpress\/plugins\/seo\/ -->\n<title>\u00dcr\u00fcnler - Abac\u0131 Kart A.\u015e. - T\u00fcrkiye&#039;nin ilk ve en b\u00fcy\u00fck Plastik kart, RFID kart, Plastik Oyun kart\u0131, MIFARE kart, Proximity<\/title>\n<meta name=\"description\" content=\"Abaci Kart A.S. - The First and Largest Manufacturer of Plastic cards, RFID cards, Plastic Game cards, MIFARE cards, Proximit\" \/>\n<meta name=\"robots\" content=\"index, follow, max-snippet:-1, max-image-preview:large, max-video-preview:-1\" \/>\n<link rel=\"canonical\" href=\"https:\/\/www.abacicard.com\/tr\/urunler\/\" \/>\n<meta property=\"og:locale\" content=\"tr_TR\" \/>\n<meta property=\"og:type\" content=\"article\" \/>\n<meta property=\"og:title\" content=\"\u00dcr\u00fcnler - Abac\u0131 Kart A.\u015e. - T\u00fcrkiye&#039;nin ilk ve en b\u00fcy\u00fck Plastik kart, RFID kart, Plastik Oyun kart\u0131, MIFARE kart, Proximity\" \/>\n<meta property=\"og:description\" content=\"Abaci Kart A.S. - The First and Largest Manufacturer of Plastic cards, RFID cards, Plastic Game cards, MIFARE cards, Proximit\" \/>\n<meta property=\"og:url\" content=\"https:\/\/www.abacicard.com\/tr\/urunler\/\" \/>\n<meta property=\"og:site_name\" content=\"Abac\u0131 Kart A.\u015e. - T\u00fcrkiye&#039;nin ilk ve en b\u00fcy\u00fck Plastik kart, RFID kart, Plastik Oyun kart\u0131, MIFARE kart, Proximity\" \/>\n<meta property=\"article:publisher\" content=\"https:\/\/www.facebook.com\/abacicard\" \/>\n<meta property=\"article:modified_time\" content=\"2025-06-26T12:31:56+00:00\" \/>\n<meta property=\"og:image\" content=\"https:\/\/www.abacicard.com\/tr\/wp-content\/uploads\/2025\/01\/favicon.png\" \/>\n\t<meta property=\"og:image:width\" content=\"32\" \/>\n\t<meta property=\"og:image:height\" content=\"32\" \/>\n\t<meta property=\"og:image:type\" content=\"image\/png\" \/>\n<meta name=\"twitter:card\" content=\"summary_large_image\" \/>\n<meta name=\"twitter:site\" content=\"@abacicard\" \/>\n<meta name=\"twitter:label1\" content=\"Tahmini okuma s\u00fcresi\" \/>\n\t<meta name=\"twitter:data1\" content=\"1 dakika\" \/>\n<script type=\"application\/ld+json\" class=\"yoast-schema-graph\">{\"@context\":\"https:\/\/schema.org\",\"@graph\":[{\"@type\":\"WebPage\",\"@id\":\"https:\/\/www.abacicard.com\/tr\/urunler\/\",\"url\":\"https:\/\/www.abacicard.com\/tr\/urunler\/\",\"name\":\"\u00dcr\u00fcnler - Abac\u0131 Kart A.\u015e. - T\u00fcrkiye&#039;nin ilk ve en b\u00fcy\u00fck Plastik kart, RFID kart, Plastik Oyun kart\u0131, MIFARE kart, Proximity\",\"isPartOf\":{\"@id\":\"https:\/\/www.abacicard.com\/tr\/#website\"},\"datePublished\":\"2025-01-16T10:47:03+00:00\",\"dateModified\":\"2025-06-26T12:31:56+00:00\",\"description\":\"Abaci Kart A.S. - The First and Largest Manufacturer of Plastic cards, RFID cards, Plastic Game cards, MIFARE cards, Proximit\",\"breadcrumb\":{\"@id\":\"https:\/\/www.abacicard.com\/tr\/urunler\/#breadcrumb\"},\"inLanguage\":\"tr\",\"potentialAction\":[{\"@type\":\"ReadAction\",\"target\":[\"https:\/\/www.abacicard.com\/tr\/urunler\/\"]}]},{\"@type\":\"BreadcrumbList\",\"@id\":\"https:\/\/www.abacicard.com\/tr\/urunler\/#breadcrumb\",\"itemListElement\":[{\"@type\":\"ListItem\",\"position\":1,\"name\":\"Anasayfa\",\"item\":\"http:\/\/www.abacicard.com\/tr\/\"},{\"@type\":\"ListItem\",\"position\":2,\"name\":\"\u00dcr\u00fcnler\"}]},{\"@type\":\"WebSite\",\"@id\":\"https:\/\/www.abacicard.com\/tr\/#website\",\"url\":\"https:\/\/www.abacicard.com\/tr\/\",\"name\":\"Abaci Kart A.S. - The First and Largest Manufacturer of Plastic cards, RFID cards, Plastic Game cards, MIFARE cards, Proximit\",\"description\":\"Y\u0131llar\u0131n Deneyimiyle G\u00fc\u00e7lu ve Karal\u0131\",\"publisher\":{\"@id\":\"https:\/\/www.abacicard.com\/tr\/#organization\"},\"alternateName\":\"Abaci Kart A.S. - The First and Largest Manufacturer of Plastic cards, RFID cards, Plastic Game cards, MIFARE cards, Proximit\",\"potentialAction\":[{\"@type\":\"SearchAction\",\"target\":{\"@type\":\"EntryPoint\",\"urlTemplate\":\"https:\/\/www.abacicard.com\/tr\/?s={search_term_string}\"},\"query-input\":{\"@type\":\"PropertyValueSpecification\",\"valueRequired\":true,\"valueName\":\"search_term_string\"}}],\"inLanguage\":\"tr\"},{\"@type\":\"Organization\",\"@id\":\"https:\/\/www.abacicard.com\/tr\/#organization\",\"name\":\"Abaci Kart A.S.\",\"alternateName\":\"Abaci Kart A.S. - The First and Largest Manufacturer of Plastic cards, RFID cards, Plastic Game cards, MIFARE cards, Proximit\",\"url\":\"https:\/\/www.abacicard.com\/tr\/\",\"logo\":{\"@type\":\"ImageObject\",\"inLanguage\":\"tr\",\"@id\":\"https:\/\/www.abacicard.com\/tr\/#\/schema\/logo\/image\/\",\"url\":\"http:\/\/www.abacicard.com\/tr\/wp-content\/uploads\/2025\/01\/favicon.png\",\"contentUrl\":\"http:\/\/www.abacicard.com\/tr\/wp-content\/uploads\/2025\/01\/favicon.png\",\"width\":32,\"height\":32,\"caption\":\"Abaci Kart A.S.\"},\"image\":{\"@id\":\"https:\/\/www.abacicard.com\/tr\/#\/schema\/logo\/image\/\"},\"sameAs\":[\"https:\/\/www.facebook.com\/abacicard\",\"https:\/\/x.com\/abacicard\",\"https:\/\/www.youtube.com\/channel\/UC09DwyAe-UeSqT71ZOvtb5g\",\"https:\/\/www.instagram.com\/abacicards\/\",\"https:\/\/www.linkedin.com\/company\/10275826\/\"]}]}<\/script>\n<!-- \/ Yoast SEO plugin. -->","yoast_head_json":{"title":"\u00dcr\u00fcnler - Abac\u0131 Kart A.\u015e. - T\u00fcrkiye&#039;nin ilk ve en b\u00fcy\u00fck Plastik kart, RFID kart, Plastik Oyun kart\u0131, MIFARE kart, Proximity","description":"Abaci Kart A.S. - The First and Largest Manufacturer of Plastic cards, RFID cards, Plastic Game cards, MIFARE cards, Proximit","robots":{"index":"index","follow":"follow","max-snippet":"max-snippet:-1","max-image-preview":"max-image-preview:large","max-video-preview":"max-video-preview:-1"},"canonical":"https:\/\/www.abacicard.com\/tr\/urunler\/","og_locale":"tr_TR","og_type":"article","og_title":"\u00dcr\u00fcnler - Abac\u0131 Kart A.\u015e. - T\u00fcrkiye&#039;nin ilk ve en b\u00fcy\u00fck Plastik kart, RFID kart, Plastik Oyun kart\u0131, MIFARE kart, Proximity","og_description":"Abaci Kart A.S. - The First and Largest Manufacturer of Plastic cards, RFID cards, Plastic Game cards, MIFARE cards, Proximit","og_url":"https:\/\/www.abacicard.com\/tr\/urunler\/","og_site_name":"Abac\u0131 Kart A.\u015e. - T\u00fcrkiye&#039;nin ilk ve en b\u00fcy\u00fck Plastik kart, RFID kart, Plastik Oyun kart\u0131, MIFARE kart, Proximity","article_publisher":"https:\/\/www.facebook.com\/abacicard","article_modified_time":"2025-06-26T12:31:56+00:00","og_image":[{"width":32,"height":32,"url":"https:\/\/www.abacicard.com\/tr\/wp-content\/uploads\/2025\/01\/favicon.png","type":"image\/png"}],"twitter_card":"summary_large_image","twitter_site":"@abacicard","twitter_misc":{"Tahmini okuma s\u00fcresi":"1 dakika"},"schema":{"@context":"https:\/\/schema.org","@graph":[{"@type":"WebPage","@id":"https:\/\/www.abacicard.com\/tr\/urunler\/","url":"https:\/\/www.abacicard.com\/tr\/urunler\/","name":"\u00dcr\u00fcnler - Abac\u0131 Kart A.\u015e. - T\u00fcrkiye&#039;nin ilk ve en b\u00fcy\u00fck Plastik kart, RFID kart, Plastik Oyun kart\u0131, MIFARE kart, Proximity","isPartOf":{"@id":"https:\/\/www.abacicard.com\/tr\/#website"},"datePublished":"2025-01-16T10:47:03+00:00","dateModified":"2025-06-26T12:31:56+00:00","description":"Abaci Kart A.S. - The First and Largest Manufacturer of Plastic cards, RFID cards, Plastic Game cards, MIFARE cards, Proximit","breadcrumb":{"@id":"https:\/\/www.abacicard.com\/tr\/urunler\/#breadcrumb"},"inLanguage":"tr","potentialAction":[{"@type":"ReadAction","target":["https:\/\/www.abacicard.com\/tr\/urunler\/"]}]},{"@type":"BreadcrumbList","@id":"https:\/\/www.abacicard.com\/tr\/urunler\/#breadcrumb","itemListElement":[{"@type":"ListItem","position":1,"name":"Anasayfa","item":"http:\/\/www.abacicard.com\/tr\/"},{"@type":"ListItem","position":2,"name":"\u00dcr\u00fcnler"}]},{"@type":"WebSite","@id":"https:\/\/www.abacicard.com\/tr\/#website","url":"https:\/\/www.abacicard.com\/tr\/","name":"Abaci Kart A.S. - The First and Largest Manufacturer of Plastic cards, RFID cards, Plastic Game cards, MIFARE cards, Proximit","description":"Y\u0131llar\u0131n Deneyimiyle G\u00fc\u00e7lu ve Karal\u0131","publisher":{"@id":"https:\/\/www.abacicard.com\/tr\/#organization"},"alternateName":"Abaci Kart A.S. - The First and Largest Manufacturer of Plastic cards, RFID cards, Plastic Game cards, MIFARE cards, Proximit","potentialAction":[{"@type":"SearchAction","target":{"@type":"EntryPoint","urlTemplate":"https:\/\/www.abacicard.com\/tr\/?s={search_term_string}"},"query-input":{"@type":"PropertyValueSpecification","valueRequired":true,"valueName":"search_term_string"}}],"inLanguage":"tr"},{"@type":"Organization","@id":"https:\/\/www.abacicard.com\/tr\/#organization","name":"Abaci Kart A.S.","alternateName":"Abaci Kart A.S. - The First and Largest Manufacturer of Plastic cards, RFID cards, Plastic Game cards, MIFARE cards, Proximit","url":"https:\/\/www.abacicard.com\/tr\/","logo":{"@type":"ImageObject","inLanguage":"tr","@id":"https:\/\/www.abacicard.com\/tr\/#\/schema\/logo\/image\/","url":"http:\/\/www.abacicard.com\/tr\/wp-content\/uploads\/2025\/01\/favicon.png","contentUrl":"http:\/\/www.abacicard.com\/tr\/wp-content\/uploads\/2025\/01\/favicon.png","width":32,"height":32,"caption":"Abaci Kart A.S."},"image":{"@id":"https:\/\/www.abacicard.com\/tr\/#\/schema\/logo\/image\/"},"sameAs":["https:\/\/www.facebook.com\/abacicard","https:\/\/x.com\/abacicard","https:\/\/www.youtube.com\/channel\/UC09DwyAe-UeSqT71ZOvtb5g","https:\/\/www.instagram.com\/abacicards\/","https:\/\/www.linkedin.com\/company\/10275826\/"]}]}},"_links":{"self":[{"href":"https:\/\/www.abacicard.com\/tr\/wp-json\/wp\/v2\/pages\/1760","targetHints":{"allow":["GET"]}}],"collection":[{"href":"https:\/\/www.abacicard.com\/tr\/wp-json\/wp\/v2\/pages"}],"about":[{"href":"https:\/\/www.abacicard.com\/tr\/wp-json\/wp\/v2\/types\/page"}],"author":[{"embeddable":true,"href":"https:\/\/www.abacicard.com\/tr\/wp-json\/wp\/v2\/users\/1"}],"replies":[{"embeddable":true,"href":"https:\/\/www.abacicard.com\/tr\/wp-json\/wp\/v2\/comments?post=1760"}],"version-history":[{"count":8,"href":"https:\/\/www.abacicard.com\/tr\/wp-json\/wp\/v2\/pages\/1760\/revisions"}],"predecessor-version":[{"id":2042,"href":"https:\/\/www.abacicard.com\/tr\/wp-json\/wp\/v2\/pages\/1760\/revisions\/2042"}],"wp:attachment":[{"href":"https:\/\/www.abacicard.com\/tr\/wp-json\/wp\/v2\/media?parent=1760"}],"curies":[{"name":"wp","href":"https:\/\/api.w.org\/{rel}","templated":true}]}}