{"id":1429,"date":"2024-12-11T09:10:25","date_gmt":"2024-12-11T09:10:25","guid":{"rendered":"http:\/\/www.abacicard.com\/tr\/?page_id=1429"},"modified":"2025-06-27T06:26:37","modified_gmt":"2025-06-27T06:26:37","slug":"offset-printing-services-ofset-baski-isleri","status":"publish","type":"page","link":"https:\/\/www.abacicard.com\/tr\/offset-printing-services-ofset-baski-isleri\/","title":{"rendered":"Ofset Bask\u0131 \u0130\u015fleri"},"content":{"rendered":"\n<figure class=\"wp-block-image size-full\"><img loading=\"lazy\" decoding=\"async\" width=\"1000\" height=\"504\" src=\"http:\/\/www.abacicard.com\/tr\/wp-content\/uploads\/2025\/01\/ofset-baski-isleri.png\" alt=\"\" class=\"wp-image-1767\" srcset=\"https:\/\/www.abacicard.com\/tr\/wp-content\/uploads\/2025\/01\/ofset-baski-isleri.png 1000w, https:\/\/www.abacicard.com\/tr\/wp-content\/uploads\/2025\/01\/ofset-baski-isleri-300x151.png 300w, https:\/\/www.abacicard.com\/tr\/wp-content\/uploads\/2025\/01\/ofset-baski-isleri-768x387.png 768w\" sizes=\"auto, (max-width: 1000px) 100vw, 1000px\" \/><\/figure>\n\n\n\n<p>Bask\u0131 \u00f6ncesi, bask\u0131 ve bask\u0131 sonras\u0131 geli\u015fmi\u015f bas\u0131m teknolojilerinin kullan\u0131ld\u0131\u011f\u0131 g\u00fc\u00e7l\u00fc ofset makine parkurumuzla h\u0131zl\u0131 ve kaliteli \u00e7\u00f6z\u00fcmler sunuyoruz. ABACI KART A\u015e mektup zarf\u0131 dahil t\u00fcm ofset hizmetlerini kendi b\u00fcnyesinde bas\u0131p, \u00e7\u00f6z\u00fcmler \u00fcretmektedir.<\/p>\n","protected":false},"excerpt":{"rendered":"<p>Bask\u0131 \u00f6ncesi, bask\u0131 ve bask\u0131 sonras\u0131 geli\u015fmi\u015f bas\u0131m teknolojilerinin kullan\u0131ld\u0131\u011f\u0131 g\u00fc\u00e7l\u00fc ofset makine parkurumuzla h\u0131zl\u0131 ve kaliteli \u00e7\u00f6z\u00fcmler sunuyoruz. ABACI KART A\u015e mektup zarf\u0131 dahil t\u00fcm ofset hizmetlerini kendi b\u00fcnyesinde bas\u0131p, \u00e7\u00f6z\u00fcmler \u00fcretmektedir.<\/p>\n","protected":false},"author":1,"featured_media":0,"parent":0,"menu_order":0,"comment_status":"closed","ping_status":"closed","template":"","meta":{"_uf_show_specific_survey":0,"_uf_disable_surveys":false,"neve_meta_sidebar":"","neve_meta_container":"","neve_meta_enable_content_width":"","neve_meta_content_width":0,"neve_meta_title_alignment":"","neve_meta_author_avatar":"","neve_post_elements_order":"","neve_meta_disable_header":"","neve_meta_disable_footer":"","neve_meta_disable_title":"","neve_meta_reading_time":"","_themeisle_gutenberg_block_has_review":false,"footnotes":""},"class_list":["post-1429","page","type-page","status-publish","hentry"],"yoast_head":"<!-- This site is optimized with the Yoast SEO plugin v25.9 - https:\/\/yoast.com\/wordpress\/plugins\/seo\/ -->\n<title>Ofset Bask\u0131 \u0130\u015fleri - Abac\u0131 Kart A.\u015e. - T\u00fcrkiye&#039;nin ilk ve en b\u00fcy\u00fck Plastik kart, RFID kart, Plastik Oyun kart\u0131, MIFARE kart, Proximity<\/title>\n<meta name=\"description\" content=\"Bask\u0131 \u00f6ncesi, bask\u0131 ve bask\u0131 sonras\u0131 geli\u015fmi\u015f bas\u0131m teknolojilerinin kullan\u0131ld\u0131\u011f\u0131 g\u00fc\u00e7l\u00fc ofset makine parkurumuzla h\u0131zl\u0131 ve kaliteli \u00e7\u00f6z\u00fcmler sunuyoruz. ABACI KART A\u015e mektup zarf\u0131 dahil t\u00fcm ofset hizmetlerini kendi b\u00fcnyesinde bas\u0131p, \u00e7\u00f6z\u00fcmler \u00fcretmektedir.\" \/>\n<meta name=\"robots\" content=\"index, follow, max-snippet:-1, max-image-preview:large, max-video-preview:-1\" \/>\n<link rel=\"canonical\" href=\"https:\/\/www.abacicard.com\/tr\/offset-printing-services-ofset-baski-isleri\/\" \/>\n<meta property=\"og:locale\" content=\"tr_TR\" \/>\n<meta property=\"og:type\" content=\"article\" \/>\n<meta property=\"og:title\" content=\"Ofset Bask\u0131 \u0130\u015fleri - Abac\u0131 Kart A.\u015e. - T\u00fcrkiye&#039;nin ilk ve en b\u00fcy\u00fck Plastik kart, RFID kart, Plastik Oyun kart\u0131, MIFARE kart, Proximity\" \/>\n<meta property=\"og:description\" content=\"Bask\u0131 \u00f6ncesi, bask\u0131 ve bask\u0131 sonras\u0131 geli\u015fmi\u015f bas\u0131m teknolojilerinin kullan\u0131ld\u0131\u011f\u0131 g\u00fc\u00e7l\u00fc ofset makine parkurumuzla h\u0131zl\u0131 ve kaliteli \u00e7\u00f6z\u00fcmler sunuyoruz. ABACI KART A\u015e mektup zarf\u0131 dahil t\u00fcm ofset hizmetlerini kendi b\u00fcnyesinde bas\u0131p, \u00e7\u00f6z\u00fcmler \u00fcretmektedir.\" \/>\n<meta property=\"og:url\" content=\"https:\/\/www.abacicard.com\/tr\/offset-printing-services-ofset-baski-isleri\/\" \/>\n<meta property=\"og:site_name\" content=\"Abac\u0131 Kart A.\u015e. - T\u00fcrkiye&#039;nin ilk ve en b\u00fcy\u00fck Plastik kart, RFID kart, Plastik Oyun kart\u0131, MIFARE kart, Proximity\" \/>\n<meta property=\"article:publisher\" content=\"https:\/\/www.facebook.com\/abacicard\" \/>\n<meta property=\"article:modified_time\" content=\"2025-06-27T06:26:37+00:00\" \/>\n<meta property=\"og:image\" content=\"http:\/\/www.abacicard.com\/tr\/wp-content\/uploads\/2025\/01\/ofset-baski-isleri.png\" \/>\n<meta name=\"twitter:card\" content=\"summary_large_image\" \/>\n<meta name=\"twitter:site\" content=\"@abacicard\" \/>\n<meta name=\"twitter:label1\" content=\"Tahmini okuma s\u00fcresi\" \/>\n\t<meta name=\"twitter:data1\" content=\"1 dakika\" \/>\n<script type=\"application\/ld+json\" class=\"yoast-schema-graph\">{\"@context\":\"https:\/\/schema.org\",\"@graph\":[{\"@type\":\"WebPage\",\"@id\":\"https:\/\/www.abacicard.com\/tr\/offset-printing-services-ofset-baski-isleri\/\",\"url\":\"https:\/\/www.abacicard.com\/tr\/offset-printing-services-ofset-baski-isleri\/\",\"name\":\"Ofset Bask\u0131 \u0130\u015fleri - Abac\u0131 Kart A.\u015e. - T\u00fcrkiye&#039;nin ilk ve en b\u00fcy\u00fck Plastik kart, RFID kart, Plastik Oyun kart\u0131, MIFARE kart, Proximity\",\"isPartOf\":{\"@id\":\"https:\/\/www.abacicard.com\/tr\/#website\"},\"primaryImageOfPage\":{\"@id\":\"https:\/\/www.abacicard.com\/tr\/offset-printing-services-ofset-baski-isleri\/#primaryimage\"},\"image\":{\"@id\":\"https:\/\/www.abacicard.com\/tr\/offset-printing-services-ofset-baski-isleri\/#primaryimage\"},\"thumbnailUrl\":\"http:\/\/www.abacicard.com\/tr\/wp-content\/uploads\/2025\/01\/ofset-baski-isleri.png\",\"datePublished\":\"2024-12-11T09:10:25+00:00\",\"dateModified\":\"2025-06-27T06:26:37+00:00\",\"description\":\"Bask\u0131 \u00f6ncesi, bask\u0131 ve bask\u0131 sonras\u0131 geli\u015fmi\u015f bas\u0131m teknolojilerinin kullan\u0131ld\u0131\u011f\u0131 g\u00fc\u00e7l\u00fc ofset makine parkurumuzla h\u0131zl\u0131 ve kaliteli \u00e7\u00f6z\u00fcmler sunuyoruz. ABACI KART A\u015e mektup zarf\u0131 dahil t\u00fcm ofset hizmetlerini kendi b\u00fcnyesinde bas\u0131p, \u00e7\u00f6z\u00fcmler \u00fcretmektedir.\",\"breadcrumb\":{\"@id\":\"https:\/\/www.abacicard.com\/tr\/offset-printing-services-ofset-baski-isleri\/#breadcrumb\"},\"inLanguage\":\"tr\",\"potentialAction\":[{\"@type\":\"ReadAction\",\"target\":[\"https:\/\/www.abacicard.com\/tr\/offset-printing-services-ofset-baski-isleri\/\"]}]},{\"@type\":\"ImageObject\",\"inLanguage\":\"tr\",\"@id\":\"https:\/\/www.abacicard.com\/tr\/offset-printing-services-ofset-baski-isleri\/#primaryimage\",\"url\":\"https:\/\/www.abacicard.com\/tr\/wp-content\/uploads\/2025\/01\/ofset-baski-isleri.png\",\"contentUrl\":\"https:\/\/www.abacicard.com\/tr\/wp-content\/uploads\/2025\/01\/ofset-baski-isleri.png\",\"width\":1000,\"height\":504},{\"@type\":\"BreadcrumbList\",\"@id\":\"https:\/\/www.abacicard.com\/tr\/offset-printing-services-ofset-baski-isleri\/#breadcrumb\",\"itemListElement\":[{\"@type\":\"ListItem\",\"position\":1,\"name\":\"Anasayfa\",\"item\":\"http:\/\/www.abacicard.com\/tr\/\"},{\"@type\":\"ListItem\",\"position\":2,\"name\":\"Ofset Bask\u0131 \u0130\u015fleri\"}]},{\"@type\":\"WebSite\",\"@id\":\"https:\/\/www.abacicard.com\/tr\/#website\",\"url\":\"https:\/\/www.abacicard.com\/tr\/\",\"name\":\"Abaci Kart A.S. - The First and Largest Manufacturer of Plastic cards, RFID cards, Plastic Game cards, MIFARE cards, Proximit\",\"description\":\"Y\u0131llar\u0131n Deneyimiyle G\u00fc\u00e7lu ve Karal\u0131\",\"publisher\":{\"@id\":\"https:\/\/www.abacicard.com\/tr\/#organization\"},\"alternateName\":\"Abaci Kart A.S. - The First and Largest Manufacturer of Plastic cards, RFID cards, Plastic Game cards, MIFARE cards, Proximit\",\"potentialAction\":[{\"@type\":\"SearchAction\",\"target\":{\"@type\":\"EntryPoint\",\"urlTemplate\":\"https:\/\/www.abacicard.com\/tr\/?s={search_term_string}\"},\"query-input\":{\"@type\":\"PropertyValueSpecification\",\"valueRequired\":true,\"valueName\":\"search_term_string\"}}],\"inLanguage\":\"tr\"},{\"@type\":\"Organization\",\"@id\":\"https:\/\/www.abacicard.com\/tr\/#organization\",\"name\":\"Abaci Kart A.S.\",\"alternateName\":\"Abaci Kart A.S. - The First and Largest Manufacturer of Plastic cards, RFID cards, Plastic Game cards, MIFARE cards, Proximit\",\"url\":\"https:\/\/www.abacicard.com\/tr\/\",\"logo\":{\"@type\":\"ImageObject\",\"inLanguage\":\"tr\",\"@id\":\"https:\/\/www.abacicard.com\/tr\/#\/schema\/logo\/image\/\",\"url\":\"http:\/\/www.abacicard.com\/tr\/wp-content\/uploads\/2025\/01\/favicon.png\",\"contentUrl\":\"http:\/\/www.abacicard.com\/tr\/wp-content\/uploads\/2025\/01\/favicon.png\",\"width\":32,\"height\":32,\"caption\":\"Abaci Kart A.S.\"},\"image\":{\"@id\":\"https:\/\/www.abacicard.com\/tr\/#\/schema\/logo\/image\/\"},\"sameAs\":[\"https:\/\/www.facebook.com\/abacicard\",\"https:\/\/x.com\/abacicard\",\"https:\/\/www.youtube.com\/channel\/UC09DwyAe-UeSqT71ZOvtb5g\",\"https:\/\/www.instagram.com\/abacicards\/\",\"https:\/\/www.linkedin.com\/company\/10275826\/\"]}]}<\/script>\n<!-- \/ Yoast SEO plugin. -->","yoast_head_json":{"title":"Ofset Bask\u0131 \u0130\u015fleri - Abac\u0131 Kart A.\u015e. - T\u00fcrkiye&#039;nin ilk ve en b\u00fcy\u00fck Plastik kart, RFID kart, Plastik Oyun kart\u0131, MIFARE kart, Proximity","description":"Bask\u0131 \u00f6ncesi, bask\u0131 ve bask\u0131 sonras\u0131 geli\u015fmi\u015f bas\u0131m teknolojilerinin kullan\u0131ld\u0131\u011f\u0131 g\u00fc\u00e7l\u00fc ofset makine parkurumuzla h\u0131zl\u0131 ve kaliteli \u00e7\u00f6z\u00fcmler sunuyoruz. ABACI KART A\u015e mektup zarf\u0131 dahil t\u00fcm ofset hizmetlerini kendi b\u00fcnyesinde bas\u0131p, \u00e7\u00f6z\u00fcmler \u00fcretmektedir.","robots":{"index":"index","follow":"follow","max-snippet":"max-snippet:-1","max-image-preview":"max-image-preview:large","max-video-preview":"max-video-preview:-1"},"canonical":"https:\/\/www.abacicard.com\/tr\/offset-printing-services-ofset-baski-isleri\/","og_locale":"tr_TR","og_type":"article","og_title":"Ofset Bask\u0131 \u0130\u015fleri - Abac\u0131 Kart A.\u015e. - T\u00fcrkiye&#039;nin ilk ve en b\u00fcy\u00fck Plastik kart, RFID kart, Plastik Oyun kart\u0131, MIFARE kart, Proximity","og_description":"Bask\u0131 \u00f6ncesi, bask\u0131 ve bask\u0131 sonras\u0131 geli\u015fmi\u015f bas\u0131m teknolojilerinin kullan\u0131ld\u0131\u011f\u0131 g\u00fc\u00e7l\u00fc ofset makine parkurumuzla h\u0131zl\u0131 ve kaliteli \u00e7\u00f6z\u00fcmler sunuyoruz. ABACI KART A\u015e mektup zarf\u0131 dahil t\u00fcm ofset hizmetlerini kendi b\u00fcnyesinde bas\u0131p, \u00e7\u00f6z\u00fcmler \u00fcretmektedir.","og_url":"https:\/\/www.abacicard.com\/tr\/offset-printing-services-ofset-baski-isleri\/","og_site_name":"Abac\u0131 Kart A.\u015e. - T\u00fcrkiye&#039;nin ilk ve en b\u00fcy\u00fck Plastik kart, RFID kart, Plastik Oyun kart\u0131, MIFARE kart, Proximity","article_publisher":"https:\/\/www.facebook.com\/abacicard","article_modified_time":"2025-06-27T06:26:37+00:00","og_image":[{"url":"http:\/\/www.abacicard.com\/tr\/wp-content\/uploads\/2025\/01\/ofset-baski-isleri.png","type":"","width":"","height":""}],"twitter_card":"summary_large_image","twitter_site":"@abacicard","twitter_misc":{"Tahmini okuma s\u00fcresi":"1 dakika"},"schema":{"@context":"https:\/\/schema.org","@graph":[{"@type":"WebPage","@id":"https:\/\/www.abacicard.com\/tr\/offset-printing-services-ofset-baski-isleri\/","url":"https:\/\/www.abacicard.com\/tr\/offset-printing-services-ofset-baski-isleri\/","name":"Ofset Bask\u0131 \u0130\u015fleri - Abac\u0131 Kart A.\u015e. - T\u00fcrkiye&#039;nin ilk ve en b\u00fcy\u00fck Plastik kart, RFID kart, Plastik Oyun kart\u0131, MIFARE kart, Proximity","isPartOf":{"@id":"https:\/\/www.abacicard.com\/tr\/#website"},"primaryImageOfPage":{"@id":"https:\/\/www.abacicard.com\/tr\/offset-printing-services-ofset-baski-isleri\/#primaryimage"},"image":{"@id":"https:\/\/www.abacicard.com\/tr\/offset-printing-services-ofset-baski-isleri\/#primaryimage"},"thumbnailUrl":"http:\/\/www.abacicard.com\/tr\/wp-content\/uploads\/2025\/01\/ofset-baski-isleri.png","datePublished":"2024-12-11T09:10:25+00:00","dateModified":"2025-06-27T06:26:37+00:00","description":"Bask\u0131 \u00f6ncesi, bask\u0131 ve bask\u0131 sonras\u0131 geli\u015fmi\u015f bas\u0131m teknolojilerinin kullan\u0131ld\u0131\u011f\u0131 g\u00fc\u00e7l\u00fc ofset makine parkurumuzla h\u0131zl\u0131 ve kaliteli \u00e7\u00f6z\u00fcmler sunuyoruz. ABACI KART A\u015e mektup zarf\u0131 dahil t\u00fcm ofset hizmetlerini kendi b\u00fcnyesinde bas\u0131p, \u00e7\u00f6z\u00fcmler \u00fcretmektedir.","breadcrumb":{"@id":"https:\/\/www.abacicard.com\/tr\/offset-printing-services-ofset-baski-isleri\/#breadcrumb"},"inLanguage":"tr","potentialAction":[{"@type":"ReadAction","target":["https:\/\/www.abacicard.com\/tr\/offset-printing-services-ofset-baski-isleri\/"]}]},{"@type":"ImageObject","inLanguage":"tr","@id":"https:\/\/www.abacicard.com\/tr\/offset-printing-services-ofset-baski-isleri\/#primaryimage","url":"https:\/\/www.abacicard.com\/tr\/wp-content\/uploads\/2025\/01\/ofset-baski-isleri.png","contentUrl":"https:\/\/www.abacicard.com\/tr\/wp-content\/uploads\/2025\/01\/ofset-baski-isleri.png","width":1000,"height":504},{"@type":"BreadcrumbList","@id":"https:\/\/www.abacicard.com\/tr\/offset-printing-services-ofset-baski-isleri\/#breadcrumb","itemListElement":[{"@type":"ListItem","position":1,"name":"Anasayfa","item":"http:\/\/www.abacicard.com\/tr\/"},{"@type":"ListItem","position":2,"name":"Ofset Bask\u0131 \u0130\u015fleri"}]},{"@type":"WebSite","@id":"https:\/\/www.abacicard.com\/tr\/#website","url":"https:\/\/www.abacicard.com\/tr\/","name":"Abaci Kart A.S. - The First and Largest Manufacturer of Plastic cards, RFID cards, Plastic Game cards, MIFARE cards, Proximit","description":"Y\u0131llar\u0131n Deneyimiyle G\u00fc\u00e7lu ve Karal\u0131","publisher":{"@id":"https:\/\/www.abacicard.com\/tr\/#organization"},"alternateName":"Abaci Kart A.S. - The First and Largest Manufacturer of Plastic cards, RFID cards, Plastic Game cards, MIFARE cards, Proximit","potentialAction":[{"@type":"SearchAction","target":{"@type":"EntryPoint","urlTemplate":"https:\/\/www.abacicard.com\/tr\/?s={search_term_string}"},"query-input":{"@type":"PropertyValueSpecification","valueRequired":true,"valueName":"search_term_string"}}],"inLanguage":"tr"},{"@type":"Organization","@id":"https:\/\/www.abacicard.com\/tr\/#organization","name":"Abaci Kart A.S.","alternateName":"Abaci Kart A.S. - The First and Largest Manufacturer of Plastic cards, RFID cards, Plastic Game cards, MIFARE cards, Proximit","url":"https:\/\/www.abacicard.com\/tr\/","logo":{"@type":"ImageObject","inLanguage":"tr","@id":"https:\/\/www.abacicard.com\/tr\/#\/schema\/logo\/image\/","url":"http:\/\/www.abacicard.com\/tr\/wp-content\/uploads\/2025\/01\/favicon.png","contentUrl":"http:\/\/www.abacicard.com\/tr\/wp-content\/uploads\/2025\/01\/favicon.png","width":32,"height":32,"caption":"Abaci Kart A.S."},"image":{"@id":"https:\/\/www.abacicard.com\/tr\/#\/schema\/logo\/image\/"},"sameAs":["https:\/\/www.facebook.com\/abacicard","https:\/\/x.com\/abacicard","https:\/\/www.youtube.com\/channel\/UC09DwyAe-UeSqT71ZOvtb5g","https:\/\/www.instagram.com\/abacicards\/","https:\/\/www.linkedin.com\/company\/10275826\/"]}]}},"_links":{"self":[{"href":"https:\/\/www.abacicard.com\/tr\/wp-json\/wp\/v2\/pages\/1429","targetHints":{"allow":["GET"]}}],"collection":[{"href":"https:\/\/www.abacicard.com\/tr\/wp-json\/wp\/v2\/pages"}],"about":[{"href":"https:\/\/www.abacicard.com\/tr\/wp-json\/wp\/v2\/types\/page"}],"author":[{"embeddable":true,"href":"https:\/\/www.abacicard.com\/tr\/wp-json\/wp\/v2\/users\/1"}],"replies":[{"embeddable":true,"href":"https:\/\/www.abacicard.com\/tr\/wp-json\/wp\/v2\/comments?post=1429"}],"version-history":[{"count":4,"href":"https:\/\/www.abacicard.com\/tr\/wp-json\/wp\/v2\/pages\/1429\/revisions"}],"predecessor-version":[{"id":2085,"href":"https:\/\/www.abacicard.com\/tr\/wp-json\/wp\/v2\/pages\/1429\/revisions\/2085"}],"wp:attachment":[{"href":"https:\/\/www.abacicard.com\/tr\/wp-json\/wp\/v2\/media?parent=1429"}],"curies":[{"name":"wp","href":"https:\/\/api.w.org\/{rel}","templated":true}]}}