{"id":1420,"date":"2024-12-11T09:00:26","date_gmt":"2024-12-11T09:00:26","guid":{"rendered":"http:\/\/www.abacicard.com\/tr\/?page_id=1420"},"modified":"2025-06-27T06:01:23","modified_gmt":"2025-06-27T06:01:23","slug":"hotel-cards","status":"publish","type":"page","link":"https:\/\/www.abacicard.com\/tr\/hotel-cards\/","title":{"rendered":"Otel Kartlar\u0131"},"content":{"rendered":"<div class=\"wp-block-image\">\n<figure class=\"aligncenter size-full\"><img loading=\"lazy\" decoding=\"async\" width=\"1000\" height=\"504\" src=\"http:\/\/www.abacicard.com\/tr\/wp-content\/uploads\/2025\/06\/otel-kartlari.png\" alt=\"\" class=\"wp-image-2074\" srcset=\"https:\/\/www.abacicard.com\/tr\/wp-content\/uploads\/2025\/06\/otel-kartlari.png 1000w, https:\/\/www.abacicard.com\/tr\/wp-content\/uploads\/2025\/06\/otel-kartlari-300x151.png 300w, https:\/\/www.abacicard.com\/tr\/wp-content\/uploads\/2025\/06\/otel-kartlari-768x387.png 768w\" sizes=\"auto, (max-width: 1000px) 100vw, 1000px\" \/><\/figure>\n<\/div>\n\n\n<p><strong>Otel Kap\u0131 Kart\u0131<\/strong><\/p>\n\n\n\n<p>Otel kap\u0131 kartlar\u0131 anahtarlar\u0131n yerini al\u0131yor. Otel kap\u0131 kartlar\u0131 oda i\u00e7erisindeki elektirik kullan\u0131m\u0131n\u0131 da d\u00fczenleyebilir. Kap\u0131 kartlar\u0131 kopyalanmaya kar\u015f\u0131 \u015fifrelenmi\u015f olduklar\u0131 i\u00e7in k\u00f6t\u00fc niyetli ki\u015filere kar\u015f\u0131 \u00f6zel bir g\u00fcvenlik \u00f6nlemi sa\u011flam\u0131\u015f olurlar.<\/p>\n\n\n\n<p>Otel kap\u0131 kartlar\u0131, smart kap\u0131 kart\u0131 (ak\u0131ll\u0131 kart) \u015feklinde \u00fcretilebilir, kap\u0131 giri\u015f kart\u0131, otel giri\u015f kart\u0131, otel oda kart\u0131, manyetik kap\u0131 kart\u0131, \u00e7ipli oda kart\u0131, \u00e7ipli kap\u0131 giri\u015f kart\u0131, \u015feklinde isimlendirilir.<\/p>\n\n\n\n<p>Otel kap\u0131 kartlar\u0131 \u00e7ok de\u011fi\u015fik g\u00f6rsel \u00f6zelliklerde yap\u0131labilir.<\/p>\n\n\n\n<p>Bir c\u00fczdan i\u00e7erisinde bile ta\u015f\u0131nabilecek boyutta olan bu kartlar sayesinde anahtar ta\u015f\u0131ma k\u00fclfetinden de kurtulmay\u0131 sa\u011fl\u0131yorlar. Otel kap\u0131 kartlar\u0131, manyetik bantl\u0131, \u00e7ipli (smart card), temass\u0131z kart (proximity ak\u0131ll\u0131 kartlar) olabilir.<\/p>\n\n\n\n<p><\/p>\n","protected":false},"excerpt":{"rendered":"<p>Otel Kap\u0131 Kart\u0131 Otel kap\u0131 kartlar\u0131 anahtarlar\u0131n yerini al\u0131yor. Otel kap\u0131 kartlar\u0131 oda i\u00e7erisindeki elektirik kullan\u0131m\u0131n\u0131 da d\u00fczenleyebilir. Kap\u0131 kartlar\u0131 kopyalanmaya kar\u015f\u0131 \u015fifrelenmi\u015f olduklar\u0131 i\u00e7in k\u00f6t\u00fc niyetli ki\u015filere kar\u015f\u0131 \u00f6zel bir g\u00fcvenlik \u00f6nlemi sa\u011flam\u0131\u015f olurlar. Otel kap\u0131 kartlar\u0131, smart kap\u0131 kart\u0131 (ak\u0131ll\u0131 kart) \u015feklinde \u00fcretilebilir, kap\u0131 giri\u015f kart\u0131, otel giri\u015f kart\u0131, otel oda kart\u0131, manyetik&hellip;&nbsp;<a href=\"https:\/\/www.abacicard.com\/tr\/hotel-cards\/\" rel=\"bookmark\">Read More &raquo;<span class=\"screen-reader-text\">Otel Kartlar\u0131<\/span><\/a><\/p>\n","protected":false},"author":1,"featured_media":0,"parent":0,"menu_order":0,"comment_status":"closed","ping_status":"closed","template":"","meta":{"_uf_show_specific_survey":0,"_uf_disable_surveys":false,"neve_meta_sidebar":"","neve_meta_container":"","neve_meta_enable_content_width":"","neve_meta_content_width":0,"neve_meta_title_alignment":"","neve_meta_author_avatar":"","neve_post_elements_order":"","neve_meta_disable_header":"","neve_meta_disable_footer":"","neve_meta_disable_title":"","neve_meta_reading_time":"","_themeisle_gutenberg_block_has_review":false,"footnotes":""},"class_list":["post-1420","page","type-page","status-publish","hentry"],"yoast_head":"<!-- This site is optimized with the Yoast SEO plugin v25.9 - https:\/\/yoast.com\/wordpress\/plugins\/seo\/ -->\n<title>Otel Kartlar\u0131 - Abac\u0131 Kart A.\u015e. - T\u00fcrkiye&#039;nin ilk ve en b\u00fcy\u00fck Plastik kart, RFID kart, Plastik Oyun kart\u0131, MIFARE kart, Proximity<\/title>\n<meta name=\"description\" content=\"Otel Kap\u0131 Kart\u0131Otel kap\u0131 kartlar\u0131 anahtarlar\u0131n yerini al\u0131yor. Otel kap\u0131 kartlar\u0131 oda i\u00e7erisindeki elektirik kullan\u0131m\u0131n\u0131 da d\u00fczenleyebilir. Kap\u0131 kartlar\u0131 kopyalanmaya kar\u015f\u0131 \u015fifrelenmi\u015f olduklar\u0131 i\u00e7in k\u00f6t\u00fc niyetli ki\u015filere kar\u015f\u0131 \u00f6zel bir g\u00fcvenlik \u00f6nlemi sa\u011flam\u0131\u015f olurlar.Otel kap\u0131 kartlar\u0131, smart kap\u0131 kart\u0131 (ak\u0131ll\u0131 kart) \u015feklinde \u00fcretilebilir, kap\u0131 giri\u015f kart\u0131, otel giri\u015f kart\u0131, otel oda kart\u0131, manyetik kap\u0131 kart\u0131, \u00e7ipli oda kart\u0131, \u00e7ipli kap\u0131 giri\u015f kart\u0131, \u015feklinde isimlendirilir.Otel kap\u0131 kartlar\u0131 \u00e7ok de\u011fi\u015fik g\u00f6rsel \u00f6zelliklerde yap\u0131labilir.Bir c\u00fczdan i\u00e7erisinde bile ta\u015f\u0131nabilecek boyutta olan bu kartlar sayesinde anahtar ta\u015f\u0131ma k\u00fclfetinden de kurtulmay\u0131 sa\u011fl\u0131yorlar. Otel kap\u0131 kartlar\u0131, manyetik bantl\u0131, \u00e7ipli (smart card), temass\u0131z kart (proximity ak\u0131ll\u0131 kartlar) olabilir.\" \/>\n<meta name=\"robots\" content=\"index, follow, max-snippet:-1, max-image-preview:large, max-video-preview:-1\" \/>\n<link rel=\"canonical\" href=\"https:\/\/www.abacicard.com\/tr\/hotel-cards\/\" \/>\n<meta property=\"og:locale\" content=\"tr_TR\" \/>\n<meta property=\"og:type\" content=\"article\" \/>\n<meta property=\"og:title\" content=\"Otel Kartlar\u0131 - Abac\u0131 Kart A.\u015e. - T\u00fcrkiye&#039;nin ilk ve en b\u00fcy\u00fck Plastik kart, RFID kart, Plastik Oyun kart\u0131, MIFARE kart, Proximity\" \/>\n<meta property=\"og:description\" content=\"Otel Kap\u0131 Kart\u0131Otel kap\u0131 kartlar\u0131 anahtarlar\u0131n yerini al\u0131yor. Otel kap\u0131 kartlar\u0131 oda i\u00e7erisindeki elektirik kullan\u0131m\u0131n\u0131 da d\u00fczenleyebilir. Kap\u0131 kartlar\u0131 kopyalanmaya kar\u015f\u0131 \u015fifrelenmi\u015f olduklar\u0131 i\u00e7in k\u00f6t\u00fc niyetli ki\u015filere kar\u015f\u0131 \u00f6zel bir g\u00fcvenlik \u00f6nlemi sa\u011flam\u0131\u015f olurlar.Otel kap\u0131 kartlar\u0131, smart kap\u0131 kart\u0131 (ak\u0131ll\u0131 kart) \u015feklinde \u00fcretilebilir, kap\u0131 giri\u015f kart\u0131, otel giri\u015f kart\u0131, otel oda kart\u0131, manyetik kap\u0131 kart\u0131, \u00e7ipli oda kart\u0131, \u00e7ipli kap\u0131 giri\u015f kart\u0131, \u015feklinde isimlendirilir.Otel kap\u0131 kartlar\u0131 \u00e7ok de\u011fi\u015fik g\u00f6rsel \u00f6zelliklerde yap\u0131labilir.Bir c\u00fczdan i\u00e7erisinde bile ta\u015f\u0131nabilecek boyutta olan bu kartlar sayesinde anahtar ta\u015f\u0131ma k\u00fclfetinden de kurtulmay\u0131 sa\u011fl\u0131yorlar. Otel kap\u0131 kartlar\u0131, manyetik bantl\u0131, \u00e7ipli (smart card), temass\u0131z kart (proximity ak\u0131ll\u0131 kartlar) olabilir.\" \/>\n<meta property=\"og:url\" content=\"https:\/\/www.abacicard.com\/tr\/hotel-cards\/\" \/>\n<meta property=\"og:site_name\" content=\"Abac\u0131 Kart A.\u015e. - T\u00fcrkiye&#039;nin ilk ve en b\u00fcy\u00fck Plastik kart, RFID kart, Plastik Oyun kart\u0131, MIFARE kart, Proximity\" \/>\n<meta property=\"article:publisher\" content=\"https:\/\/www.facebook.com\/abacicard\" \/>\n<meta property=\"article:modified_time\" content=\"2025-06-27T06:01:23+00:00\" \/>\n<meta property=\"og:image\" content=\"http:\/\/www.abacicard.com\/tr\/wp-content\/uploads\/2025\/06\/otel-kartlari.png\" \/>\n<meta name=\"twitter:card\" content=\"summary_large_image\" \/>\n<meta name=\"twitter:site\" content=\"@abacicard\" \/>\n<meta name=\"twitter:label1\" content=\"Tahmini okuma s\u00fcresi\" \/>\n\t<meta name=\"twitter:data1\" content=\"1 dakika\" \/>\n<script type=\"application\/ld+json\" class=\"yoast-schema-graph\">{\"@context\":\"https:\/\/schema.org\",\"@graph\":[{\"@type\":\"WebPage\",\"@id\":\"https:\/\/www.abacicard.com\/tr\/hotel-cards\/\",\"url\":\"https:\/\/www.abacicard.com\/tr\/hotel-cards\/\",\"name\":\"Otel Kartlar\u0131 - Abac\u0131 Kart A.\u015e. - T\u00fcrkiye&#039;nin ilk ve en b\u00fcy\u00fck Plastik kart, RFID kart, Plastik Oyun kart\u0131, MIFARE kart, Proximity\",\"isPartOf\":{\"@id\":\"https:\/\/www.abacicard.com\/tr\/#website\"},\"primaryImageOfPage\":{\"@id\":\"https:\/\/www.abacicard.com\/tr\/hotel-cards\/#primaryimage\"},\"image\":{\"@id\":\"https:\/\/www.abacicard.com\/tr\/hotel-cards\/#primaryimage\"},\"thumbnailUrl\":\"http:\/\/www.abacicard.com\/tr\/wp-content\/uploads\/2025\/06\/otel-kartlari.png\",\"datePublished\":\"2024-12-11T09:00:26+00:00\",\"dateModified\":\"2025-06-27T06:01:23+00:00\",\"description\":\"Otel Kap\u0131 Kart\u0131Otel kap\u0131 kartlar\u0131 anahtarlar\u0131n yerini al\u0131yor. Otel kap\u0131 kartlar\u0131 oda i\u00e7erisindeki elektirik kullan\u0131m\u0131n\u0131 da d\u00fczenleyebilir. Kap\u0131 kartlar\u0131 kopyalanmaya kar\u015f\u0131 \u015fifrelenmi\u015f olduklar\u0131 i\u00e7in k\u00f6t\u00fc niyetli ki\u015filere kar\u015f\u0131 \u00f6zel bir g\u00fcvenlik \u00f6nlemi sa\u011flam\u0131\u015f olurlar.Otel kap\u0131 kartlar\u0131, smart kap\u0131 kart\u0131 (ak\u0131ll\u0131 kart) \u015feklinde \u00fcretilebilir, kap\u0131 giri\u015f kart\u0131, otel giri\u015f kart\u0131, otel oda kart\u0131, manyetik kap\u0131 kart\u0131, \u00e7ipli oda kart\u0131, \u00e7ipli kap\u0131 giri\u015f kart\u0131, \u015feklinde isimlendirilir.Otel kap\u0131 kartlar\u0131 \u00e7ok de\u011fi\u015fik g\u00f6rsel \u00f6zelliklerde yap\u0131labilir.Bir c\u00fczdan i\u00e7erisinde bile ta\u015f\u0131nabilecek boyutta olan bu kartlar sayesinde anahtar ta\u015f\u0131ma k\u00fclfetinden de kurtulmay\u0131 sa\u011fl\u0131yorlar. Otel kap\u0131 kartlar\u0131, manyetik bantl\u0131, \u00e7ipli (smart card), temass\u0131z kart (proximity ak\u0131ll\u0131 kartlar) olabilir.\",\"breadcrumb\":{\"@id\":\"https:\/\/www.abacicard.com\/tr\/hotel-cards\/#breadcrumb\"},\"inLanguage\":\"tr\",\"potentialAction\":[{\"@type\":\"ReadAction\",\"target\":[\"https:\/\/www.abacicard.com\/tr\/hotel-cards\/\"]}]},{\"@type\":\"ImageObject\",\"inLanguage\":\"tr\",\"@id\":\"https:\/\/www.abacicard.com\/tr\/hotel-cards\/#primaryimage\",\"url\":\"https:\/\/www.abacicard.com\/tr\/wp-content\/uploads\/2025\/06\/otel-kartlari.png\",\"contentUrl\":\"https:\/\/www.abacicard.com\/tr\/wp-content\/uploads\/2025\/06\/otel-kartlari.png\",\"width\":1000,\"height\":504},{\"@type\":\"BreadcrumbList\",\"@id\":\"https:\/\/www.abacicard.com\/tr\/hotel-cards\/#breadcrumb\",\"itemListElement\":[{\"@type\":\"ListItem\",\"position\":1,\"name\":\"Anasayfa\",\"item\":\"http:\/\/www.abacicard.com\/tr\/\"},{\"@type\":\"ListItem\",\"position\":2,\"name\":\"Otel Kartlar\u0131\"}]},{\"@type\":\"WebSite\",\"@id\":\"https:\/\/www.abacicard.com\/tr\/#website\",\"url\":\"https:\/\/www.abacicard.com\/tr\/\",\"name\":\"Abaci Kart A.S. - The First and Largest Manufacturer of Plastic cards, RFID cards, Plastic Game cards, MIFARE cards, Proximit\",\"description\":\"Y\u0131llar\u0131n Deneyimiyle G\u00fc\u00e7lu ve Karal\u0131\",\"publisher\":{\"@id\":\"https:\/\/www.abacicard.com\/tr\/#organization\"},\"alternateName\":\"Abaci Kart A.S. - The First and Largest Manufacturer of Plastic cards, RFID cards, Plastic Game cards, MIFARE cards, Proximit\",\"potentialAction\":[{\"@type\":\"SearchAction\",\"target\":{\"@type\":\"EntryPoint\",\"urlTemplate\":\"https:\/\/www.abacicard.com\/tr\/?s={search_term_string}\"},\"query-input\":{\"@type\":\"PropertyValueSpecification\",\"valueRequired\":true,\"valueName\":\"search_term_string\"}}],\"inLanguage\":\"tr\"},{\"@type\":\"Organization\",\"@id\":\"https:\/\/www.abacicard.com\/tr\/#organization\",\"name\":\"Abaci Kart A.S.\",\"alternateName\":\"Abaci Kart A.S. - The First and Largest Manufacturer of Plastic cards, RFID cards, Plastic Game cards, MIFARE cards, Proximit\",\"url\":\"https:\/\/www.abacicard.com\/tr\/\",\"logo\":{\"@type\":\"ImageObject\",\"inLanguage\":\"tr\",\"@id\":\"https:\/\/www.abacicard.com\/tr\/#\/schema\/logo\/image\/\",\"url\":\"http:\/\/www.abacicard.com\/tr\/wp-content\/uploads\/2025\/01\/favicon.png\",\"contentUrl\":\"http:\/\/www.abacicard.com\/tr\/wp-content\/uploads\/2025\/01\/favicon.png\",\"width\":32,\"height\":32,\"caption\":\"Abaci Kart A.S.\"},\"image\":{\"@id\":\"https:\/\/www.abacicard.com\/tr\/#\/schema\/logo\/image\/\"},\"sameAs\":[\"https:\/\/www.facebook.com\/abacicard\",\"https:\/\/x.com\/abacicard\",\"https:\/\/www.youtube.com\/channel\/UC09DwyAe-UeSqT71ZOvtb5g\",\"https:\/\/www.instagram.com\/abacicards\/\",\"https:\/\/www.linkedin.com\/company\/10275826\/\"]}]}<\/script>\n<!-- \/ Yoast SEO plugin. -->","yoast_head_json":{"title":"Otel Kartlar\u0131 - Abac\u0131 Kart A.\u015e. - T\u00fcrkiye&#039;nin ilk ve en b\u00fcy\u00fck Plastik kart, RFID kart, Plastik Oyun kart\u0131, MIFARE kart, Proximity","description":"Otel Kap\u0131 Kart\u0131Otel kap\u0131 kartlar\u0131 anahtarlar\u0131n yerini al\u0131yor. Otel kap\u0131 kartlar\u0131 oda i\u00e7erisindeki elektirik kullan\u0131m\u0131n\u0131 da d\u00fczenleyebilir. Kap\u0131 kartlar\u0131 kopyalanmaya kar\u015f\u0131 \u015fifrelenmi\u015f olduklar\u0131 i\u00e7in k\u00f6t\u00fc niyetli ki\u015filere kar\u015f\u0131 \u00f6zel bir g\u00fcvenlik \u00f6nlemi sa\u011flam\u0131\u015f olurlar.Otel kap\u0131 kartlar\u0131, smart kap\u0131 kart\u0131 (ak\u0131ll\u0131 kart) \u015feklinde \u00fcretilebilir, kap\u0131 giri\u015f kart\u0131, otel giri\u015f kart\u0131, otel oda kart\u0131, manyetik kap\u0131 kart\u0131, \u00e7ipli oda kart\u0131, \u00e7ipli kap\u0131 giri\u015f kart\u0131, \u015feklinde isimlendirilir.Otel kap\u0131 kartlar\u0131 \u00e7ok de\u011fi\u015fik g\u00f6rsel \u00f6zelliklerde yap\u0131labilir.Bir c\u00fczdan i\u00e7erisinde bile ta\u015f\u0131nabilecek boyutta olan bu kartlar sayesinde anahtar ta\u015f\u0131ma k\u00fclfetinden de kurtulmay\u0131 sa\u011fl\u0131yorlar. Otel kap\u0131 kartlar\u0131, manyetik bantl\u0131, \u00e7ipli (smart card), temass\u0131z kart (proximity ak\u0131ll\u0131 kartlar) olabilir.","robots":{"index":"index","follow":"follow","max-snippet":"max-snippet:-1","max-image-preview":"max-image-preview:large","max-video-preview":"max-video-preview:-1"},"canonical":"https:\/\/www.abacicard.com\/tr\/hotel-cards\/","og_locale":"tr_TR","og_type":"article","og_title":"Otel Kartlar\u0131 - Abac\u0131 Kart A.\u015e. - T\u00fcrkiye&#039;nin ilk ve en b\u00fcy\u00fck Plastik kart, RFID kart, Plastik Oyun kart\u0131, MIFARE kart, Proximity","og_description":"Otel Kap\u0131 Kart\u0131Otel kap\u0131 kartlar\u0131 anahtarlar\u0131n yerini al\u0131yor. Otel kap\u0131 kartlar\u0131 oda i\u00e7erisindeki elektirik kullan\u0131m\u0131n\u0131 da d\u00fczenleyebilir. Kap\u0131 kartlar\u0131 kopyalanmaya kar\u015f\u0131 \u015fifrelenmi\u015f olduklar\u0131 i\u00e7in k\u00f6t\u00fc niyetli ki\u015filere kar\u015f\u0131 \u00f6zel bir g\u00fcvenlik \u00f6nlemi sa\u011flam\u0131\u015f olurlar.Otel kap\u0131 kartlar\u0131, smart kap\u0131 kart\u0131 (ak\u0131ll\u0131 kart) \u015feklinde \u00fcretilebilir, kap\u0131 giri\u015f kart\u0131, otel giri\u015f kart\u0131, otel oda kart\u0131, manyetik kap\u0131 kart\u0131, \u00e7ipli oda kart\u0131, \u00e7ipli kap\u0131 giri\u015f kart\u0131, \u015feklinde isimlendirilir.Otel kap\u0131 kartlar\u0131 \u00e7ok de\u011fi\u015fik g\u00f6rsel \u00f6zelliklerde yap\u0131labilir.Bir c\u00fczdan i\u00e7erisinde bile ta\u015f\u0131nabilecek boyutta olan bu kartlar sayesinde anahtar ta\u015f\u0131ma k\u00fclfetinden de kurtulmay\u0131 sa\u011fl\u0131yorlar. Otel kap\u0131 kartlar\u0131, manyetik bantl\u0131, \u00e7ipli (smart card), temass\u0131z kart (proximity ak\u0131ll\u0131 kartlar) olabilir.","og_url":"https:\/\/www.abacicard.com\/tr\/hotel-cards\/","og_site_name":"Abac\u0131 Kart A.\u015e. - T\u00fcrkiye&#039;nin ilk ve en b\u00fcy\u00fck Plastik kart, RFID kart, Plastik Oyun kart\u0131, MIFARE kart, Proximity","article_publisher":"https:\/\/www.facebook.com\/abacicard","article_modified_time":"2025-06-27T06:01:23+00:00","og_image":[{"url":"http:\/\/www.abacicard.com\/tr\/wp-content\/uploads\/2025\/06\/otel-kartlari.png","type":"","width":"","height":""}],"twitter_card":"summary_large_image","twitter_site":"@abacicard","twitter_misc":{"Tahmini okuma s\u00fcresi":"1 dakika"},"schema":{"@context":"https:\/\/schema.org","@graph":[{"@type":"WebPage","@id":"https:\/\/www.abacicard.com\/tr\/hotel-cards\/","url":"https:\/\/www.abacicard.com\/tr\/hotel-cards\/","name":"Otel Kartlar\u0131 - Abac\u0131 Kart A.\u015e. - T\u00fcrkiye&#039;nin ilk ve en b\u00fcy\u00fck Plastik kart, RFID kart, Plastik Oyun kart\u0131, MIFARE kart, Proximity","isPartOf":{"@id":"https:\/\/www.abacicard.com\/tr\/#website"},"primaryImageOfPage":{"@id":"https:\/\/www.abacicard.com\/tr\/hotel-cards\/#primaryimage"},"image":{"@id":"https:\/\/www.abacicard.com\/tr\/hotel-cards\/#primaryimage"},"thumbnailUrl":"http:\/\/www.abacicard.com\/tr\/wp-content\/uploads\/2025\/06\/otel-kartlari.png","datePublished":"2024-12-11T09:00:26+00:00","dateModified":"2025-06-27T06:01:23+00:00","description":"Otel Kap\u0131 Kart\u0131Otel kap\u0131 kartlar\u0131 anahtarlar\u0131n yerini al\u0131yor. Otel kap\u0131 kartlar\u0131 oda i\u00e7erisindeki elektirik kullan\u0131m\u0131n\u0131 da d\u00fczenleyebilir. Kap\u0131 kartlar\u0131 kopyalanmaya kar\u015f\u0131 \u015fifrelenmi\u015f olduklar\u0131 i\u00e7in k\u00f6t\u00fc niyetli ki\u015filere kar\u015f\u0131 \u00f6zel bir g\u00fcvenlik \u00f6nlemi sa\u011flam\u0131\u015f olurlar.Otel kap\u0131 kartlar\u0131, smart kap\u0131 kart\u0131 (ak\u0131ll\u0131 kart) \u015feklinde \u00fcretilebilir, kap\u0131 giri\u015f kart\u0131, otel giri\u015f kart\u0131, otel oda kart\u0131, manyetik kap\u0131 kart\u0131, \u00e7ipli oda kart\u0131, \u00e7ipli kap\u0131 giri\u015f kart\u0131, \u015feklinde isimlendirilir.Otel kap\u0131 kartlar\u0131 \u00e7ok de\u011fi\u015fik g\u00f6rsel \u00f6zelliklerde yap\u0131labilir.Bir c\u00fczdan i\u00e7erisinde bile ta\u015f\u0131nabilecek boyutta olan bu kartlar sayesinde anahtar ta\u015f\u0131ma k\u00fclfetinden de kurtulmay\u0131 sa\u011fl\u0131yorlar. Otel kap\u0131 kartlar\u0131, manyetik bantl\u0131, \u00e7ipli (smart card), temass\u0131z kart (proximity ak\u0131ll\u0131 kartlar) olabilir.","breadcrumb":{"@id":"https:\/\/www.abacicard.com\/tr\/hotel-cards\/#breadcrumb"},"inLanguage":"tr","potentialAction":[{"@type":"ReadAction","target":["https:\/\/www.abacicard.com\/tr\/hotel-cards\/"]}]},{"@type":"ImageObject","inLanguage":"tr","@id":"https:\/\/www.abacicard.com\/tr\/hotel-cards\/#primaryimage","url":"https:\/\/www.abacicard.com\/tr\/wp-content\/uploads\/2025\/06\/otel-kartlari.png","contentUrl":"https:\/\/www.abacicard.com\/tr\/wp-content\/uploads\/2025\/06\/otel-kartlari.png","width":1000,"height":504},{"@type":"BreadcrumbList","@id":"https:\/\/www.abacicard.com\/tr\/hotel-cards\/#breadcrumb","itemListElement":[{"@type":"ListItem","position":1,"name":"Anasayfa","item":"http:\/\/www.abacicard.com\/tr\/"},{"@type":"ListItem","position":2,"name":"Otel Kartlar\u0131"}]},{"@type":"WebSite","@id":"https:\/\/www.abacicard.com\/tr\/#website","url":"https:\/\/www.abacicard.com\/tr\/","name":"Abaci Kart A.S. - The First and Largest Manufacturer of Plastic cards, RFID cards, Plastic Game cards, MIFARE cards, Proximit","description":"Y\u0131llar\u0131n Deneyimiyle G\u00fc\u00e7lu ve Karal\u0131","publisher":{"@id":"https:\/\/www.abacicard.com\/tr\/#organization"},"alternateName":"Abaci Kart A.S. - The First and Largest Manufacturer of Plastic cards, RFID cards, Plastic Game cards, MIFARE cards, Proximit","potentialAction":[{"@type":"SearchAction","target":{"@type":"EntryPoint","urlTemplate":"https:\/\/www.abacicard.com\/tr\/?s={search_term_string}"},"query-input":{"@type":"PropertyValueSpecification","valueRequired":true,"valueName":"search_term_string"}}],"inLanguage":"tr"},{"@type":"Organization","@id":"https:\/\/www.abacicard.com\/tr\/#organization","name":"Abaci Kart A.S.","alternateName":"Abaci Kart A.S. - The First and Largest Manufacturer of Plastic cards, RFID cards, Plastic Game cards, MIFARE cards, Proximit","url":"https:\/\/www.abacicard.com\/tr\/","logo":{"@type":"ImageObject","inLanguage":"tr","@id":"https:\/\/www.abacicard.com\/tr\/#\/schema\/logo\/image\/","url":"http:\/\/www.abacicard.com\/tr\/wp-content\/uploads\/2025\/01\/favicon.png","contentUrl":"http:\/\/www.abacicard.com\/tr\/wp-content\/uploads\/2025\/01\/favicon.png","width":32,"height":32,"caption":"Abaci Kart A.S."},"image":{"@id":"https:\/\/www.abacicard.com\/tr\/#\/schema\/logo\/image\/"},"sameAs":["https:\/\/www.facebook.com\/abacicard","https:\/\/x.com\/abacicard","https:\/\/www.youtube.com\/channel\/UC09DwyAe-UeSqT71ZOvtb5g","https:\/\/www.instagram.com\/abacicards\/","https:\/\/www.linkedin.com\/company\/10275826\/"]}]}},"_links":{"self":[{"href":"https:\/\/www.abacicard.com\/tr\/wp-json\/wp\/v2\/pages\/1420","targetHints":{"allow":["GET"]}}],"collection":[{"href":"https:\/\/www.abacicard.com\/tr\/wp-json\/wp\/v2\/pages"}],"about":[{"href":"https:\/\/www.abacicard.com\/tr\/wp-json\/wp\/v2\/types\/page"}],"author":[{"embeddable":true,"href":"https:\/\/www.abacicard.com\/tr\/wp-json\/wp\/v2\/users\/1"}],"replies":[{"embeddable":true,"href":"https:\/\/www.abacicard.com\/tr\/wp-json\/wp\/v2\/comments?post=1420"}],"version-history":[{"count":7,"href":"https:\/\/www.abacicard.com\/tr\/wp-json\/wp\/v2\/pages\/1420\/revisions"}],"predecessor-version":[{"id":2077,"href":"https:\/\/www.abacicard.com\/tr\/wp-json\/wp\/v2\/pages\/1420\/revisions\/2077"}],"wp:attachment":[{"href":"https:\/\/www.abacicard.com\/tr\/wp-json\/wp\/v2\/media?parent=1420"}],"curies":[{"name":"wp","href":"https:\/\/api.w.org\/{rel}","templated":true}]}}