{"id":1404,"date":"2024-12-11T08:37:30","date_gmt":"2024-12-11T08:37:30","guid":{"rendered":"http:\/\/www.abacicard.com\/tr\/?page_id=1404"},"modified":"2025-06-27T05:49:06","modified_gmt":"2025-06-27T05:49:06","slug":"hediye-ve-promosyon-kartlari","status":"publish","type":"page","link":"https:\/\/www.abacicard.com\/tr\/hediye-ve-promosyon-kartlari\/","title":{"rendered":"Hediye ve Promosyon Kartlar\u0131"},"content":{"rendered":"\n<figure class=\"wp-block-image size-full\"><img loading=\"lazy\" decoding=\"async\" width=\"1000\" height=\"504\" src=\"http:\/\/www.abacicard.com\/tr\/wp-content\/uploads\/2025\/06\/hediye-ve-promosyon-kartlari.png\" alt=\"\" class=\"wp-image-2049\" srcset=\"https:\/\/www.abacicard.com\/tr\/wp-content\/uploads\/2025\/06\/hediye-ve-promosyon-kartlari.png 1000w, https:\/\/www.abacicard.com\/tr\/wp-content\/uploads\/2025\/06\/hediye-ve-promosyon-kartlari-300x151.png 300w, https:\/\/www.abacicard.com\/tr\/wp-content\/uploads\/2025\/06\/hediye-ve-promosyon-kartlari-768x387.png 768w\" sizes=\"auto, (max-width: 1000px) 100vw, 1000px\" \/><\/figure>\n\n\n\n<p><\/p>\n","protected":false},"excerpt":{"rendered":"","protected":false},"author":1,"featured_media":0,"parent":0,"menu_order":0,"comment_status":"closed","ping_status":"closed","template":"","meta":{"_uf_show_specific_survey":0,"_uf_disable_surveys":false,"neve_meta_sidebar":"","neve_meta_container":"","neve_meta_enable_content_width":"","neve_meta_content_width":0,"neve_meta_title_alignment":"","neve_meta_author_avatar":"","neve_post_elements_order":"","neve_meta_disable_header":"","neve_meta_disable_footer":"","neve_meta_disable_title":"","neve_meta_reading_time":"","_themeisle_gutenberg_block_has_review":false,"footnotes":""},"class_list":["post-1404","page","type-page","status-publish","hentry"],"yoast_head":"<!-- This site is optimized with the Yoast SEO plugin v25.9 - https:\/\/yoast.com\/wordpress\/plugins\/seo\/ -->\n<title>Hediye ve Promosyon Kartlar\u0131 - Abac\u0131 Kart A.\u015e. - T\u00fcrkiye&#039;nin ilk ve en b\u00fcy\u00fck Plastik kart, RFID kart, Plastik Oyun kart\u0131, MIFARE kart, Proximity<\/title>\n<meta name=\"description\" content=\"Hediye ve Promosyon Kartlar\u0131n\u0131n Avantajlar\u0131???? Kolayl\u0131k ve \u00d6zg\u00fcrl\u00fckHediye kartlar\u0131, al\u0131c\u0131ya istedi\u011fini se\u00e7me imk\u00e2n\u0131 sunar. Hediye vermeyi daha kolay ve anlaml\u0131 hale getirir.???? Sadakat Olu\u015fturmaPromosyon kartlar\u0131, \u00f6zel indirimlerle m\u00fc\u015fteri ba\u011fl\u0131l\u0131\u011f\u0131n\u0131 art\u0131r\u0131r.???? Pazarlama G\u00fcc\u00fcYeni m\u00fc\u015fteriler kazanmak ve mevcut m\u00fc\u015fterilerin harcama oran\u0131n\u0131 art\u0131rmak i\u00e7in etkili bir ara\u00e7t\u0131r.???? \u0130deal Hediye Se\u00e7ene\u011fi\u00d6zel g\u00fcnlerde, ki\u015fiye \u00f6zel al\u0131\u015fveri\u015f imk\u00e2n\u0131 sa\u011flayarak iade ihtimalini azalt\u0131r.????\ufe0f Sat\u0131\u015flar\u0131 Art\u0131r\u0131rKart sahipleri, avantajlardan yararlanmak i\u00e7in daha fazla al\u0131\u015fveri\u015f yapma e\u011filimindedir.???? M\u00fc\u015fteri Verileri Sa\u011flarAl\u0131\u015fveri\u015f tercihleri hakk\u0131nda bilgi sunar, b\u00f6ylece daha ki\u015fisel pazarlama yap\u0131labilir.???? Sonu\u00e7Hem t\u00fcketiciler hem i\u015fletmeler i\u00e7in kazan\u00e7l\u0131: T\u00fcketiciler tasarruf eder, i\u015fletmeler m\u00fc\u015fteri sadakati kazan\u0131r.\" \/>\n<meta name=\"robots\" content=\"index, follow, max-snippet:-1, max-image-preview:large, max-video-preview:-1\" \/>\n<link rel=\"canonical\" href=\"https:\/\/www.abacicard.com\/tr\/hediye-ve-promosyon-kartlari\/\" \/>\n<meta property=\"og:locale\" content=\"tr_TR\" \/>\n<meta property=\"og:type\" content=\"article\" \/>\n<meta property=\"og:title\" content=\"Hediye ve Promosyon Kartlar\u0131 - Abac\u0131 Kart A.\u015e. - T\u00fcrkiye&#039;nin ilk ve en b\u00fcy\u00fck Plastik kart, RFID kart, Plastik Oyun kart\u0131, MIFARE kart, Proximity\" \/>\n<meta property=\"og:description\" content=\"Hediye ve Promosyon Kartlar\u0131n\u0131n Avantajlar\u0131???? Kolayl\u0131k ve \u00d6zg\u00fcrl\u00fckHediye kartlar\u0131, al\u0131c\u0131ya istedi\u011fini se\u00e7me imk\u00e2n\u0131 sunar. Hediye vermeyi daha kolay ve anlaml\u0131 hale getirir.???? Sadakat Olu\u015fturmaPromosyon kartlar\u0131, \u00f6zel indirimlerle m\u00fc\u015fteri ba\u011fl\u0131l\u0131\u011f\u0131n\u0131 art\u0131r\u0131r.???? Pazarlama G\u00fcc\u00fcYeni m\u00fc\u015fteriler kazanmak ve mevcut m\u00fc\u015fterilerin harcama oran\u0131n\u0131 art\u0131rmak i\u00e7in etkili bir ara\u00e7t\u0131r.???? \u0130deal Hediye Se\u00e7ene\u011fi\u00d6zel g\u00fcnlerde, ki\u015fiye \u00f6zel al\u0131\u015fveri\u015f imk\u00e2n\u0131 sa\u011flayarak iade ihtimalini azalt\u0131r.????\ufe0f Sat\u0131\u015flar\u0131 Art\u0131r\u0131rKart sahipleri, avantajlardan yararlanmak i\u00e7in daha fazla al\u0131\u015fveri\u015f yapma e\u011filimindedir.???? M\u00fc\u015fteri Verileri Sa\u011flarAl\u0131\u015fveri\u015f tercihleri hakk\u0131nda bilgi sunar, b\u00f6ylece daha ki\u015fisel pazarlama yap\u0131labilir.???? Sonu\u00e7Hem t\u00fcketiciler hem i\u015fletmeler i\u00e7in kazan\u00e7l\u0131: T\u00fcketiciler tasarruf eder, i\u015fletmeler m\u00fc\u015fteri sadakati kazan\u0131r.\" \/>\n<meta property=\"og:url\" content=\"https:\/\/www.abacicard.com\/tr\/hediye-ve-promosyon-kartlari\/\" \/>\n<meta property=\"og:site_name\" content=\"Abac\u0131 Kart A.\u015e. - T\u00fcrkiye&#039;nin ilk ve en b\u00fcy\u00fck Plastik kart, RFID kart, Plastik Oyun kart\u0131, MIFARE kart, Proximity\" \/>\n<meta property=\"article:publisher\" content=\"https:\/\/www.facebook.com\/abacicard\" \/>\n<meta property=\"article:modified_time\" content=\"2025-06-27T05:49:06+00:00\" \/>\n<meta property=\"og:image\" content=\"http:\/\/www.abacicard.com\/tr\/wp-content\/uploads\/2025\/06\/hediye-ve-promosyon-kartlari.png\" \/>\n<meta name=\"twitter:card\" content=\"summary_large_image\" \/>\n<meta name=\"twitter:site\" content=\"@abacicard\" \/>\n<meta name=\"twitter:label1\" content=\"Tahmini okuma s\u00fcresi\" \/>\n\t<meta name=\"twitter:data1\" content=\"1 dakika\" \/>\n<script type=\"application\/ld+json\" class=\"yoast-schema-graph\">{\"@context\":\"https:\/\/schema.org\",\"@graph\":[{\"@type\":\"WebPage\",\"@id\":\"https:\/\/www.abacicard.com\/tr\/hediye-ve-promosyon-kartlari\/\",\"url\":\"https:\/\/www.abacicard.com\/tr\/hediye-ve-promosyon-kartlari\/\",\"name\":\"Hediye ve Promosyon Kartlar\u0131 - Abac\u0131 Kart A.\u015e. - T\u00fcrkiye&#039;nin ilk ve en b\u00fcy\u00fck Plastik kart, RFID kart, Plastik Oyun kart\u0131, MIFARE kart, Proximity\",\"isPartOf\":{\"@id\":\"https:\/\/www.abacicard.com\/tr\/#website\"},\"primaryImageOfPage\":{\"@id\":\"https:\/\/www.abacicard.com\/tr\/hediye-ve-promosyon-kartlari\/#primaryimage\"},\"image\":{\"@id\":\"https:\/\/www.abacicard.com\/tr\/hediye-ve-promosyon-kartlari\/#primaryimage\"},\"thumbnailUrl\":\"http:\/\/www.abacicard.com\/tr\/wp-content\/uploads\/2025\/06\/hediye-ve-promosyon-kartlari.png\",\"datePublished\":\"2024-12-11T08:37:30+00:00\",\"dateModified\":\"2025-06-27T05:49:06+00:00\",\"description\":\"Hediye ve Promosyon Kartlar\u0131n\u0131n Avantajlar\u0131???? Kolayl\u0131k ve \u00d6zg\u00fcrl\u00fckHediye kartlar\u0131, al\u0131c\u0131ya istedi\u011fini se\u00e7me imk\u00e2n\u0131 sunar. Hediye vermeyi daha kolay ve anlaml\u0131 hale getirir.???? Sadakat Olu\u015fturmaPromosyon kartlar\u0131, \u00f6zel indirimlerle m\u00fc\u015fteri ba\u011fl\u0131l\u0131\u011f\u0131n\u0131 art\u0131r\u0131r.???? Pazarlama G\u00fcc\u00fcYeni m\u00fc\u015fteriler kazanmak ve mevcut m\u00fc\u015fterilerin harcama oran\u0131n\u0131 art\u0131rmak i\u00e7in etkili bir ara\u00e7t\u0131r.???? \u0130deal Hediye Se\u00e7ene\u011fi\u00d6zel g\u00fcnlerde, ki\u015fiye \u00f6zel al\u0131\u015fveri\u015f imk\u00e2n\u0131 sa\u011flayarak iade ihtimalini azalt\u0131r.????\ufe0f Sat\u0131\u015flar\u0131 Art\u0131r\u0131rKart sahipleri, avantajlardan yararlanmak i\u00e7in daha fazla al\u0131\u015fveri\u015f yapma e\u011filimindedir.???? M\u00fc\u015fteri Verileri Sa\u011flarAl\u0131\u015fveri\u015f tercihleri hakk\u0131nda bilgi sunar, b\u00f6ylece daha ki\u015fisel pazarlama yap\u0131labilir.???? Sonu\u00e7Hem t\u00fcketiciler hem i\u015fletmeler i\u00e7in kazan\u00e7l\u0131: T\u00fcketiciler tasarruf eder, i\u015fletmeler m\u00fc\u015fteri sadakati kazan\u0131r.\",\"breadcrumb\":{\"@id\":\"https:\/\/www.abacicard.com\/tr\/hediye-ve-promosyon-kartlari\/#breadcrumb\"},\"inLanguage\":\"tr\",\"potentialAction\":[{\"@type\":\"ReadAction\",\"target\":[\"https:\/\/www.abacicard.com\/tr\/hediye-ve-promosyon-kartlari\/\"]}]},{\"@type\":\"ImageObject\",\"inLanguage\":\"tr\",\"@id\":\"https:\/\/www.abacicard.com\/tr\/hediye-ve-promosyon-kartlari\/#primaryimage\",\"url\":\"https:\/\/www.abacicard.com\/tr\/wp-content\/uploads\/2025\/06\/hediye-ve-promosyon-kartlari.png\",\"contentUrl\":\"https:\/\/www.abacicard.com\/tr\/wp-content\/uploads\/2025\/06\/hediye-ve-promosyon-kartlari.png\",\"width\":1000,\"height\":504},{\"@type\":\"BreadcrumbList\",\"@id\":\"https:\/\/www.abacicard.com\/tr\/hediye-ve-promosyon-kartlari\/#breadcrumb\",\"itemListElement\":[{\"@type\":\"ListItem\",\"position\":1,\"name\":\"Anasayfa\",\"item\":\"http:\/\/www.abacicard.com\/tr\/\"},{\"@type\":\"ListItem\",\"position\":2,\"name\":\"Hediye ve Promosyon Kartlar\u0131\"}]},{\"@type\":\"WebSite\",\"@id\":\"https:\/\/www.abacicard.com\/tr\/#website\",\"url\":\"https:\/\/www.abacicard.com\/tr\/\",\"name\":\"Abaci Kart A.S. - The First and Largest Manufacturer of Plastic cards, RFID cards, Plastic Game cards, MIFARE cards, Proximit\",\"description\":\"Y\u0131llar\u0131n Deneyimiyle G\u00fc\u00e7lu ve Karal\u0131\",\"publisher\":{\"@id\":\"https:\/\/www.abacicard.com\/tr\/#organization\"},\"alternateName\":\"Abaci Kart A.S. - The First and Largest Manufacturer of Plastic cards, RFID cards, Plastic Game cards, MIFARE cards, Proximit\",\"potentialAction\":[{\"@type\":\"SearchAction\",\"target\":{\"@type\":\"EntryPoint\",\"urlTemplate\":\"https:\/\/www.abacicard.com\/tr\/?s={search_term_string}\"},\"query-input\":{\"@type\":\"PropertyValueSpecification\",\"valueRequired\":true,\"valueName\":\"search_term_string\"}}],\"inLanguage\":\"tr\"},{\"@type\":\"Organization\",\"@id\":\"https:\/\/www.abacicard.com\/tr\/#organization\",\"name\":\"Abaci Kart A.S.\",\"alternateName\":\"Abaci Kart A.S. - The First and Largest Manufacturer of Plastic cards, RFID cards, Plastic Game cards, MIFARE cards, Proximit\",\"url\":\"https:\/\/www.abacicard.com\/tr\/\",\"logo\":{\"@type\":\"ImageObject\",\"inLanguage\":\"tr\",\"@id\":\"https:\/\/www.abacicard.com\/tr\/#\/schema\/logo\/image\/\",\"url\":\"http:\/\/www.abacicard.com\/tr\/wp-content\/uploads\/2025\/01\/favicon.png\",\"contentUrl\":\"http:\/\/www.abacicard.com\/tr\/wp-content\/uploads\/2025\/01\/favicon.png\",\"width\":32,\"height\":32,\"caption\":\"Abaci Kart A.S.\"},\"image\":{\"@id\":\"https:\/\/www.abacicard.com\/tr\/#\/schema\/logo\/image\/\"},\"sameAs\":[\"https:\/\/www.facebook.com\/abacicard\",\"https:\/\/x.com\/abacicard\",\"https:\/\/www.youtube.com\/channel\/UC09DwyAe-UeSqT71ZOvtb5g\",\"https:\/\/www.instagram.com\/abacicards\/\",\"https:\/\/www.linkedin.com\/company\/10275826\/\"]}]}<\/script>\n<!-- \/ Yoast SEO plugin. -->","yoast_head_json":{"title":"Hediye ve Promosyon Kartlar\u0131 - Abac\u0131 Kart A.\u015e. - T\u00fcrkiye&#039;nin ilk ve en b\u00fcy\u00fck Plastik kart, RFID kart, Plastik Oyun kart\u0131, MIFARE kart, Proximity","description":"Hediye ve Promosyon Kartlar\u0131n\u0131n Avantajlar\u0131???? Kolayl\u0131k ve \u00d6zg\u00fcrl\u00fckHediye kartlar\u0131, al\u0131c\u0131ya istedi\u011fini se\u00e7me imk\u00e2n\u0131 sunar. Hediye vermeyi daha kolay ve anlaml\u0131 hale getirir.???? Sadakat Olu\u015fturmaPromosyon kartlar\u0131, \u00f6zel indirimlerle m\u00fc\u015fteri ba\u011fl\u0131l\u0131\u011f\u0131n\u0131 art\u0131r\u0131r.???? Pazarlama G\u00fcc\u00fcYeni m\u00fc\u015fteriler kazanmak ve mevcut m\u00fc\u015fterilerin harcama oran\u0131n\u0131 art\u0131rmak i\u00e7in etkili bir ara\u00e7t\u0131r.???? \u0130deal Hediye Se\u00e7ene\u011fi\u00d6zel g\u00fcnlerde, ki\u015fiye \u00f6zel al\u0131\u015fveri\u015f imk\u00e2n\u0131 sa\u011flayarak iade ihtimalini azalt\u0131r.????\ufe0f Sat\u0131\u015flar\u0131 Art\u0131r\u0131rKart sahipleri, avantajlardan yararlanmak i\u00e7in daha fazla al\u0131\u015fveri\u015f yapma e\u011filimindedir.???? M\u00fc\u015fteri Verileri Sa\u011flarAl\u0131\u015fveri\u015f tercihleri hakk\u0131nda bilgi sunar, b\u00f6ylece daha ki\u015fisel pazarlama yap\u0131labilir.???? Sonu\u00e7Hem t\u00fcketiciler hem i\u015fletmeler i\u00e7in kazan\u00e7l\u0131: T\u00fcketiciler tasarruf eder, i\u015fletmeler m\u00fc\u015fteri sadakati kazan\u0131r.","robots":{"index":"index","follow":"follow","max-snippet":"max-snippet:-1","max-image-preview":"max-image-preview:large","max-video-preview":"max-video-preview:-1"},"canonical":"https:\/\/www.abacicard.com\/tr\/hediye-ve-promosyon-kartlari\/","og_locale":"tr_TR","og_type":"article","og_title":"Hediye ve Promosyon Kartlar\u0131 - Abac\u0131 Kart A.\u015e. - T\u00fcrkiye&#039;nin ilk ve en b\u00fcy\u00fck Plastik kart, RFID kart, Plastik Oyun kart\u0131, MIFARE kart, Proximity","og_description":"Hediye ve Promosyon Kartlar\u0131n\u0131n Avantajlar\u0131???? Kolayl\u0131k ve \u00d6zg\u00fcrl\u00fckHediye kartlar\u0131, al\u0131c\u0131ya istedi\u011fini se\u00e7me imk\u00e2n\u0131 sunar. Hediye vermeyi daha kolay ve anlaml\u0131 hale getirir.???? Sadakat Olu\u015fturmaPromosyon kartlar\u0131, \u00f6zel indirimlerle m\u00fc\u015fteri ba\u011fl\u0131l\u0131\u011f\u0131n\u0131 art\u0131r\u0131r.???? Pazarlama G\u00fcc\u00fcYeni m\u00fc\u015fteriler kazanmak ve mevcut m\u00fc\u015fterilerin harcama oran\u0131n\u0131 art\u0131rmak i\u00e7in etkili bir ara\u00e7t\u0131r.???? \u0130deal Hediye Se\u00e7ene\u011fi\u00d6zel g\u00fcnlerde, ki\u015fiye \u00f6zel al\u0131\u015fveri\u015f imk\u00e2n\u0131 sa\u011flayarak iade ihtimalini azalt\u0131r.????\ufe0f Sat\u0131\u015flar\u0131 Art\u0131r\u0131rKart sahipleri, avantajlardan yararlanmak i\u00e7in daha fazla al\u0131\u015fveri\u015f yapma e\u011filimindedir.???? M\u00fc\u015fteri Verileri Sa\u011flarAl\u0131\u015fveri\u015f tercihleri hakk\u0131nda bilgi sunar, b\u00f6ylece daha ki\u015fisel pazarlama yap\u0131labilir.???? Sonu\u00e7Hem t\u00fcketiciler hem i\u015fletmeler i\u00e7in kazan\u00e7l\u0131: T\u00fcketiciler tasarruf eder, i\u015fletmeler m\u00fc\u015fteri sadakati kazan\u0131r.","og_url":"https:\/\/www.abacicard.com\/tr\/hediye-ve-promosyon-kartlari\/","og_site_name":"Abac\u0131 Kart A.\u015e. - T\u00fcrkiye&#039;nin ilk ve en b\u00fcy\u00fck Plastik kart, RFID kart, Plastik Oyun kart\u0131, MIFARE kart, Proximity","article_publisher":"https:\/\/www.facebook.com\/abacicard","article_modified_time":"2025-06-27T05:49:06+00:00","og_image":[{"url":"http:\/\/www.abacicard.com\/tr\/wp-content\/uploads\/2025\/06\/hediye-ve-promosyon-kartlari.png","type":"","width":"","height":""}],"twitter_card":"summary_large_image","twitter_site":"@abacicard","twitter_misc":{"Tahmini okuma s\u00fcresi":"1 dakika"},"schema":{"@context":"https:\/\/schema.org","@graph":[{"@type":"WebPage","@id":"https:\/\/www.abacicard.com\/tr\/hediye-ve-promosyon-kartlari\/","url":"https:\/\/www.abacicard.com\/tr\/hediye-ve-promosyon-kartlari\/","name":"Hediye ve Promosyon Kartlar\u0131 - Abac\u0131 Kart A.\u015e. - T\u00fcrkiye&#039;nin ilk ve en b\u00fcy\u00fck Plastik kart, RFID kart, Plastik Oyun kart\u0131, MIFARE kart, Proximity","isPartOf":{"@id":"https:\/\/www.abacicard.com\/tr\/#website"},"primaryImageOfPage":{"@id":"https:\/\/www.abacicard.com\/tr\/hediye-ve-promosyon-kartlari\/#primaryimage"},"image":{"@id":"https:\/\/www.abacicard.com\/tr\/hediye-ve-promosyon-kartlari\/#primaryimage"},"thumbnailUrl":"http:\/\/www.abacicard.com\/tr\/wp-content\/uploads\/2025\/06\/hediye-ve-promosyon-kartlari.png","datePublished":"2024-12-11T08:37:30+00:00","dateModified":"2025-06-27T05:49:06+00:00","description":"Hediye ve Promosyon Kartlar\u0131n\u0131n Avantajlar\u0131???? Kolayl\u0131k ve \u00d6zg\u00fcrl\u00fckHediye kartlar\u0131, al\u0131c\u0131ya istedi\u011fini se\u00e7me imk\u00e2n\u0131 sunar. Hediye vermeyi daha kolay ve anlaml\u0131 hale getirir.???? Sadakat Olu\u015fturmaPromosyon kartlar\u0131, \u00f6zel indirimlerle m\u00fc\u015fteri ba\u011fl\u0131l\u0131\u011f\u0131n\u0131 art\u0131r\u0131r.???? Pazarlama G\u00fcc\u00fcYeni m\u00fc\u015fteriler kazanmak ve mevcut m\u00fc\u015fterilerin harcama oran\u0131n\u0131 art\u0131rmak i\u00e7in etkili bir ara\u00e7t\u0131r.???? \u0130deal Hediye Se\u00e7ene\u011fi\u00d6zel g\u00fcnlerde, ki\u015fiye \u00f6zel al\u0131\u015fveri\u015f imk\u00e2n\u0131 sa\u011flayarak iade ihtimalini azalt\u0131r.????\ufe0f Sat\u0131\u015flar\u0131 Art\u0131r\u0131rKart sahipleri, avantajlardan yararlanmak i\u00e7in daha fazla al\u0131\u015fveri\u015f yapma e\u011filimindedir.???? M\u00fc\u015fteri Verileri Sa\u011flarAl\u0131\u015fveri\u015f tercihleri hakk\u0131nda bilgi sunar, b\u00f6ylece daha ki\u015fisel pazarlama yap\u0131labilir.???? Sonu\u00e7Hem t\u00fcketiciler hem i\u015fletmeler i\u00e7in kazan\u00e7l\u0131: T\u00fcketiciler tasarruf eder, i\u015fletmeler m\u00fc\u015fteri sadakati kazan\u0131r.","breadcrumb":{"@id":"https:\/\/www.abacicard.com\/tr\/hediye-ve-promosyon-kartlari\/#breadcrumb"},"inLanguage":"tr","potentialAction":[{"@type":"ReadAction","target":["https:\/\/www.abacicard.com\/tr\/hediye-ve-promosyon-kartlari\/"]}]},{"@type":"ImageObject","inLanguage":"tr","@id":"https:\/\/www.abacicard.com\/tr\/hediye-ve-promosyon-kartlari\/#primaryimage","url":"https:\/\/www.abacicard.com\/tr\/wp-content\/uploads\/2025\/06\/hediye-ve-promosyon-kartlari.png","contentUrl":"https:\/\/www.abacicard.com\/tr\/wp-content\/uploads\/2025\/06\/hediye-ve-promosyon-kartlari.png","width":1000,"height":504},{"@type":"BreadcrumbList","@id":"https:\/\/www.abacicard.com\/tr\/hediye-ve-promosyon-kartlari\/#breadcrumb","itemListElement":[{"@type":"ListItem","position":1,"name":"Anasayfa","item":"http:\/\/www.abacicard.com\/tr\/"},{"@type":"ListItem","position":2,"name":"Hediye ve Promosyon Kartlar\u0131"}]},{"@type":"WebSite","@id":"https:\/\/www.abacicard.com\/tr\/#website","url":"https:\/\/www.abacicard.com\/tr\/","name":"Abaci Kart A.S. - The First and Largest Manufacturer of Plastic cards, RFID cards, Plastic Game cards, MIFARE cards, Proximit","description":"Y\u0131llar\u0131n Deneyimiyle G\u00fc\u00e7lu ve Karal\u0131","publisher":{"@id":"https:\/\/www.abacicard.com\/tr\/#organization"},"alternateName":"Abaci Kart A.S. - The First and Largest Manufacturer of Plastic cards, RFID cards, Plastic Game cards, MIFARE cards, Proximit","potentialAction":[{"@type":"SearchAction","target":{"@type":"EntryPoint","urlTemplate":"https:\/\/www.abacicard.com\/tr\/?s={search_term_string}"},"query-input":{"@type":"PropertyValueSpecification","valueRequired":true,"valueName":"search_term_string"}}],"inLanguage":"tr"},{"@type":"Organization","@id":"https:\/\/www.abacicard.com\/tr\/#organization","name":"Abaci Kart A.S.","alternateName":"Abaci Kart A.S. - The First and Largest Manufacturer of Plastic cards, RFID cards, Plastic Game cards, MIFARE cards, Proximit","url":"https:\/\/www.abacicard.com\/tr\/","logo":{"@type":"ImageObject","inLanguage":"tr","@id":"https:\/\/www.abacicard.com\/tr\/#\/schema\/logo\/image\/","url":"http:\/\/www.abacicard.com\/tr\/wp-content\/uploads\/2025\/01\/favicon.png","contentUrl":"http:\/\/www.abacicard.com\/tr\/wp-content\/uploads\/2025\/01\/favicon.png","width":32,"height":32,"caption":"Abaci Kart A.S."},"image":{"@id":"https:\/\/www.abacicard.com\/tr\/#\/schema\/logo\/image\/"},"sameAs":["https:\/\/www.facebook.com\/abacicard","https:\/\/x.com\/abacicard","https:\/\/www.youtube.com\/channel\/UC09DwyAe-UeSqT71ZOvtb5g","https:\/\/www.instagram.com\/abacicards\/","https:\/\/www.linkedin.com\/company\/10275826\/"]}]}},"_links":{"self":[{"href":"https:\/\/www.abacicard.com\/tr\/wp-json\/wp\/v2\/pages\/1404","targetHints":{"allow":["GET"]}}],"collection":[{"href":"https:\/\/www.abacicard.com\/tr\/wp-json\/wp\/v2\/pages"}],"about":[{"href":"https:\/\/www.abacicard.com\/tr\/wp-json\/wp\/v2\/types\/page"}],"author":[{"embeddable":true,"href":"https:\/\/www.abacicard.com\/tr\/wp-json\/wp\/v2\/users\/1"}],"replies":[{"embeddable":true,"href":"https:\/\/www.abacicard.com\/tr\/wp-json\/wp\/v2\/comments?post=1404"}],"version-history":[{"count":8,"href":"https:\/\/www.abacicard.com\/tr\/wp-json\/wp\/v2\/pages\/1404\/revisions"}],"predecessor-version":[{"id":2050,"href":"https:\/\/www.abacicard.com\/tr\/wp-json\/wp\/v2\/pages\/1404\/revisions\/2050"}],"wp:attachment":[{"href":"https:\/\/www.abacicard.com\/tr\/wp-json\/wp\/v2\/media?parent=1404"}],"curies":[{"name":"wp","href":"https:\/\/api.w.org\/{rel}","templated":true}]}}