{"id":1326,"date":"2024-12-06T04:01:37","date_gmt":"2024-12-06T04:01:37","guid":{"rendered":"http:\/\/www.abacicard.com\/tr\/?page_id=1326"},"modified":"2025-06-27T07:01:25","modified_gmt":"2025-06-27T07:01:25","slug":"referanslar","status":"publish","type":"page","link":"https:\/\/www.abacicard.com\/tr\/referanslar\/","title":{"rendered":"Referanslar"},"content":{"rendered":"\n<div class=\"wp-block-columns is-layout-flex wp-container-core-columns-is-layout-9d6595d7 wp-block-columns-is-layout-flex\">\n<div class=\"wp-block-column is-layout-flow wp-block-column-is-layout-flow\">\n<figure class=\"wp-block-image size-full is-resized\"><img loading=\"lazy\" decoding=\"async\" width=\"1000\" height=\"509\" src=\"http:\/\/www.abacicard.com\/tr\/wp-content\/uploads\/2025\/06\/referanslar_tr.png\" alt=\"\" class=\"wp-image-2103\" style=\"width:1170px;height:auto\" srcset=\"https:\/\/www.abacicard.com\/tr\/wp-content\/uploads\/2025\/06\/referanslar_tr.png 1000w, https:\/\/www.abacicard.com\/tr\/wp-content\/uploads\/2025\/06\/referanslar_tr-300x153.png 300w, https:\/\/www.abacicard.com\/tr\/wp-content\/uploads\/2025\/06\/referanslar_tr-768x391.png 768w\" sizes=\"auto, (max-width: 1000px) 100vw, 1000px\" \/><\/figure>\n<\/div>\n<\/div>\n\n\n\n<div class=\"wp-block-columns is-layout-flex wp-container-core-columns-is-layout-9d6595d7 wp-block-columns-is-layout-flex\"><\/div>\n\n\n\n<p class=\"has-nv-site-bg-color has-text-color has-link-color wp-elements-5e83a25149c26302617d1a0ba7b6fa6b\" style=\"font-size:1px\">censan<\/p>\n\n\n\n<p><\/p>\n","protected":false},"excerpt":{"rendered":"<p>censan<\/p>\n","protected":false},"author":1,"featured_media":0,"parent":0,"menu_order":0,"comment_status":"closed","ping_status":"closed","template":"","meta":{"_uf_show_specific_survey":0,"_uf_disable_surveys":false,"neve_meta_sidebar":"","neve_meta_container":"","neve_meta_enable_content_width":"","neve_meta_content_width":0,"neve_meta_title_alignment":"","neve_meta_author_avatar":"","neve_post_elements_order":"","neve_meta_disable_header":"","neve_meta_disable_footer":"","neve_meta_disable_title":"","neve_meta_reading_time":"","_themeisle_gutenberg_block_has_review":false,"footnotes":""},"class_list":["post-1326","page","type-page","status-publish","hentry"],"yoast_head":"<!-- This site is optimized with the Yoast SEO plugin v25.9 - https:\/\/yoast.com\/wordpress\/plugins\/seo\/ -->\n<title>Referanslar - Abac\u0131 Kart A.\u015e. - T\u00fcrkiye&#039;nin ilk ve en b\u00fcy\u00fck Plastik kart, RFID kart, Plastik Oyun kart\u0131, MIFARE kart, Proximity<\/title>\n<meta name=\"description\" content=\"500&#039;\u00dc A\u015eKIN ULUSAL VE ULUSLARARASI F\u0130RMA ABACICARD \u0130LE \u00c7ALI\u015eIYOR.MIGROSMETROtelecelko\u00e7ta\u015fSheratonyurti\u00e7i kargo YKMTansas SOKTURKCELLIKEA ar\u00e7elik gratis \u00e7a\u011fda\u015f AYGAZ avea BEYMENTURKISH AIRLINESTITANICHOTELSALTINYILDIZ AKSigortaSunExpress SEVIL T\u00dcRK\u0130YE BANKASI WIND Mogaz RAMADA GAPZORLU GRAND HOTEL opet boyner MEDICAL PARK BAZARSTORE Yap\u0131 KrediYARGICI Ramstore Garanti LC Waikiki chicco Ko\u00e7 TOYOTAKIA MICHELIN Komili Jeep K\u0130\u011eILI H\u00fcrriyet Google Playbeko PO Brooks BrothersDigit\u00fcrkvodafone\u0644\u064a\u0628\u064a\u0627\u0646\u0627 \u0644\u0644\u0647\u0627\u062a\u0641 \u0627\u0644\u0645\u062d\u0645\u0648\u0644AMERIKANHASTANESIIRELLIANEK LINES HDI Levi&#039;s FINANSBANKmed line444 12 12 VIALANDgen\u00e7allarDOCKERSCLINIQUEPARKBRAVOfacebookdamat D&amp;RCONRAD ELECTRO WORLDTUN\u0130S\u0130E TELECOMBETASARARFlormard\u00fcnyag\u00f6zbe\u011fendik cinemaximum AllianzistikbalMercedes-Benz MARKS &amp; SPENCER L&#039;OCCITANE\u0130STANBUL B\u0130LG\u0130 \u00dcN\u0130VERS\u0130TES\u0130 Setur TWISTFordBORUSAN VaranAS\u0130DA\u0130PEKYOLSINPA\u015e GYOGROSER\u0130 NOKIAHILTONWORLDWIDEABACICARD\" \/>\n<meta name=\"robots\" content=\"index, follow, max-snippet:-1, max-image-preview:large, max-video-preview:-1\" \/>\n<link rel=\"canonical\" href=\"https:\/\/www.abacicard.com\/tr\/referanslar\/\" \/>\n<meta property=\"og:locale\" content=\"tr_TR\" \/>\n<meta property=\"og:type\" content=\"article\" \/>\n<meta property=\"og:title\" content=\"Referanslar - Abac\u0131 Kart A.\u015e. - T\u00fcrkiye&#039;nin ilk ve en b\u00fcy\u00fck Plastik kart, RFID kart, Plastik Oyun kart\u0131, MIFARE kart, Proximity\" \/>\n<meta property=\"og:description\" content=\"500&#039;\u00dc A\u015eKIN ULUSAL VE ULUSLARARASI F\u0130RMA ABACICARD \u0130LE \u00c7ALI\u015eIYOR.MIGROSMETROtelecelko\u00e7ta\u015fSheratonyurti\u00e7i kargo YKMTansas SOKTURKCELLIKEA ar\u00e7elik gratis \u00e7a\u011fda\u015f AYGAZ avea BEYMENTURKISH AIRLINESTITANICHOTELSALTINYILDIZ AKSigortaSunExpress SEVIL T\u00dcRK\u0130YE BANKASI WIND Mogaz RAMADA GAPZORLU GRAND HOTEL opet boyner MEDICAL PARK BAZARSTORE Yap\u0131 KrediYARGICI Ramstore Garanti LC Waikiki chicco Ko\u00e7 TOYOTAKIA MICHELIN Komili Jeep K\u0130\u011eILI H\u00fcrriyet Google Playbeko PO Brooks BrothersDigit\u00fcrkvodafone\u0644\u064a\u0628\u064a\u0627\u0646\u0627 \u0644\u0644\u0647\u0627\u062a\u0641 \u0627\u0644\u0645\u062d\u0645\u0648\u0644AMERIKANHASTANESIIRELLIANEK LINES HDI Levi&#039;s FINANSBANKmed line444 12 12 VIALANDgen\u00e7allarDOCKERSCLINIQUEPARKBRAVOfacebookdamat D&amp;RCONRAD ELECTRO WORLDTUN\u0130S\u0130E TELECOMBETASARARFlormard\u00fcnyag\u00f6zbe\u011fendik cinemaximum AllianzistikbalMercedes-Benz MARKS &amp; SPENCER L&#039;OCCITANE\u0130STANBUL B\u0130LG\u0130 \u00dcN\u0130VERS\u0130TES\u0130 Setur TWISTFordBORUSAN VaranAS\u0130DA\u0130PEKYOLSINPA\u015e GYOGROSER\u0130 NOKIAHILTONWORLDWIDEABACICARD\" \/>\n<meta property=\"og:url\" content=\"https:\/\/www.abacicard.com\/tr\/referanslar\/\" \/>\n<meta property=\"og:site_name\" content=\"Abac\u0131 Kart A.\u015e. - T\u00fcrkiye&#039;nin ilk ve en b\u00fcy\u00fck Plastik kart, RFID kart, Plastik Oyun kart\u0131, MIFARE kart, Proximity\" \/>\n<meta property=\"article:publisher\" content=\"https:\/\/www.facebook.com\/abacicard\" \/>\n<meta property=\"article:modified_time\" content=\"2025-06-27T07:01:25+00:00\" \/>\n<meta property=\"og:image\" content=\"http:\/\/www.abacicard.com\/tr\/wp-content\/uploads\/2025\/06\/referanslar_tr.png\" \/>\n<meta name=\"twitter:card\" content=\"summary_large_image\" \/>\n<meta name=\"twitter:site\" content=\"@abacicard\" \/>\n<meta name=\"twitter:label1\" content=\"Tahmini okuma s\u00fcresi\" \/>\n\t<meta name=\"twitter:data1\" content=\"1 dakika\" \/>\n<script type=\"application\/ld+json\" class=\"yoast-schema-graph\">{\"@context\":\"https:\/\/schema.org\",\"@graph\":[{\"@type\":\"WebPage\",\"@id\":\"https:\/\/www.abacicard.com\/tr\/referanslar\/\",\"url\":\"https:\/\/www.abacicard.com\/tr\/referanslar\/\",\"name\":\"Referanslar - Abac\u0131 Kart A.\u015e. - T\u00fcrkiye&#039;nin ilk ve en b\u00fcy\u00fck Plastik kart, RFID kart, Plastik Oyun kart\u0131, MIFARE kart, Proximity\",\"isPartOf\":{\"@id\":\"https:\/\/www.abacicard.com\/tr\/#website\"},\"primaryImageOfPage\":{\"@id\":\"https:\/\/www.abacicard.com\/tr\/referanslar\/#primaryimage\"},\"image\":{\"@id\":\"https:\/\/www.abacicard.com\/tr\/referanslar\/#primaryimage\"},\"thumbnailUrl\":\"http:\/\/www.abacicard.com\/tr\/wp-content\/uploads\/2025\/06\/referanslar_tr.png\",\"datePublished\":\"2024-12-06T04:01:37+00:00\",\"dateModified\":\"2025-06-27T07:01:25+00:00\",\"description\":\"500'\u00dc A\u015eKIN ULUSAL VE ULUSLARARASI F\u0130RMA ABACICARD \u0130LE \u00c7ALI\u015eIYOR.MIGROSMETROtelecelko\u00e7ta\u015fSheratonyurti\u00e7i kargo YKMTansas SOKTURKCELLIKEA ar\u00e7elik gratis \u00e7a\u011fda\u015f AYGAZ avea BEYMENTURKISH AIRLINESTITANICHOTELSALTINYILDIZ AKSigortaSunExpress SEVIL T\u00dcRK\u0130YE BANKASI WIND Mogaz RAMADA GAPZORLU GRAND HOTEL opet boyner MEDICAL PARK BAZARSTORE Yap\u0131 KrediYARGICI Ramstore Garanti LC Waikiki chicco Ko\u00e7 TOYOTAKIA MICHELIN Komili Jeep K\u0130\u011eILI H\u00fcrriyet Google Playbeko PO Brooks BrothersDigit\u00fcrkvodafone\u0644\u064a\u0628\u064a\u0627\u0646\u0627 \u0644\u0644\u0647\u0627\u062a\u0641 \u0627\u0644\u0645\u062d\u0645\u0648\u0644AMERIKANHASTANESIIRELLIANEK LINES HDI Levi's FINANSBANKmed line444 12 12 VIALANDgen\u00e7allarDOCKERSCLINIQUEPARKBRAVOfacebookdamat D&RCONRAD ELECTRO WORLDTUN\u0130S\u0130E TELECOMBETASARARFlormard\u00fcnyag\u00f6zbe\u011fendik cinemaximum AllianzistikbalMercedes-Benz MARKS & SPENCER L'OCCITANE\u0130STANBUL B\u0130LG\u0130 \u00dcN\u0130VERS\u0130TES\u0130 Setur TWISTFordBORUSAN VaranAS\u0130DA\u0130PEKYOLSINPA\u015e GYOGROSER\u0130 NOKIAHILTONWORLDWIDEABACICARD\",\"breadcrumb\":{\"@id\":\"https:\/\/www.abacicard.com\/tr\/referanslar\/#breadcrumb\"},\"inLanguage\":\"tr\",\"potentialAction\":[{\"@type\":\"ReadAction\",\"target\":[\"https:\/\/www.abacicard.com\/tr\/referanslar\/\"]}]},{\"@type\":\"ImageObject\",\"inLanguage\":\"tr\",\"@id\":\"https:\/\/www.abacicard.com\/tr\/referanslar\/#primaryimage\",\"url\":\"https:\/\/www.abacicard.com\/tr\/wp-content\/uploads\/2025\/06\/referanslar_tr.png\",\"contentUrl\":\"https:\/\/www.abacicard.com\/tr\/wp-content\/uploads\/2025\/06\/referanslar_tr.png\",\"width\":1000,\"height\":509},{\"@type\":\"BreadcrumbList\",\"@id\":\"https:\/\/www.abacicard.com\/tr\/referanslar\/#breadcrumb\",\"itemListElement\":[{\"@type\":\"ListItem\",\"position\":1,\"name\":\"Anasayfa\",\"item\":\"http:\/\/www.abacicard.com\/tr\/\"},{\"@type\":\"ListItem\",\"position\":2,\"name\":\"Referanslar\"}]},{\"@type\":\"WebSite\",\"@id\":\"https:\/\/www.abacicard.com\/tr\/#website\",\"url\":\"https:\/\/www.abacicard.com\/tr\/\",\"name\":\"Abaci Kart A.S. - The First and Largest Manufacturer of Plastic cards, RFID cards, Plastic Game cards, MIFARE cards, Proximit\",\"description\":\"Y\u0131llar\u0131n Deneyimiyle G\u00fc\u00e7lu ve Karal\u0131\",\"publisher\":{\"@id\":\"https:\/\/www.abacicard.com\/tr\/#organization\"},\"alternateName\":\"Abaci Kart A.S. - The First and Largest Manufacturer of Plastic cards, RFID cards, Plastic Game cards, MIFARE cards, Proximit\",\"potentialAction\":[{\"@type\":\"SearchAction\",\"target\":{\"@type\":\"EntryPoint\",\"urlTemplate\":\"https:\/\/www.abacicard.com\/tr\/?s={search_term_string}\"},\"query-input\":{\"@type\":\"PropertyValueSpecification\",\"valueRequired\":true,\"valueName\":\"search_term_string\"}}],\"inLanguage\":\"tr\"},{\"@type\":\"Organization\",\"@id\":\"https:\/\/www.abacicard.com\/tr\/#organization\",\"name\":\"Abaci Kart A.S.\",\"alternateName\":\"Abaci Kart A.S. - The First and Largest Manufacturer of Plastic cards, RFID cards, Plastic Game cards, MIFARE cards, Proximit\",\"url\":\"https:\/\/www.abacicard.com\/tr\/\",\"logo\":{\"@type\":\"ImageObject\",\"inLanguage\":\"tr\",\"@id\":\"https:\/\/www.abacicard.com\/tr\/#\/schema\/logo\/image\/\",\"url\":\"http:\/\/www.abacicard.com\/tr\/wp-content\/uploads\/2025\/01\/favicon.png\",\"contentUrl\":\"http:\/\/www.abacicard.com\/tr\/wp-content\/uploads\/2025\/01\/favicon.png\",\"width\":32,\"height\":32,\"caption\":\"Abaci Kart A.S.\"},\"image\":{\"@id\":\"https:\/\/www.abacicard.com\/tr\/#\/schema\/logo\/image\/\"},\"sameAs\":[\"https:\/\/www.facebook.com\/abacicard\",\"https:\/\/x.com\/abacicard\",\"https:\/\/www.youtube.com\/channel\/UC09DwyAe-UeSqT71ZOvtb5g\",\"https:\/\/www.instagram.com\/abacicards\/\",\"https:\/\/www.linkedin.com\/company\/10275826\/\"]}]}<\/script>\n<!-- \/ Yoast SEO plugin. -->","yoast_head_json":{"title":"Referanslar - Abac\u0131 Kart A.\u015e. - T\u00fcrkiye&#039;nin ilk ve en b\u00fcy\u00fck Plastik kart, RFID kart, Plastik Oyun kart\u0131, MIFARE kart, Proximity","description":"500'\u00dc A\u015eKIN ULUSAL VE ULUSLARARASI F\u0130RMA ABACICARD \u0130LE \u00c7ALI\u015eIYOR.MIGROSMETROtelecelko\u00e7ta\u015fSheratonyurti\u00e7i kargo YKMTansas SOKTURKCELLIKEA ar\u00e7elik gratis \u00e7a\u011fda\u015f AYGAZ avea BEYMENTURKISH AIRLINESTITANICHOTELSALTINYILDIZ AKSigortaSunExpress SEVIL T\u00dcRK\u0130YE BANKASI WIND Mogaz RAMADA GAPZORLU GRAND HOTEL opet boyner MEDICAL PARK BAZARSTORE Yap\u0131 KrediYARGICI Ramstore Garanti LC Waikiki chicco Ko\u00e7 TOYOTAKIA MICHELIN Komili Jeep K\u0130\u011eILI H\u00fcrriyet Google Playbeko PO Brooks BrothersDigit\u00fcrkvodafone\u0644\u064a\u0628\u064a\u0627\u0646\u0627 \u0644\u0644\u0647\u0627\u062a\u0641 \u0627\u0644\u0645\u062d\u0645\u0648\u0644AMERIKANHASTANESIIRELLIANEK LINES HDI Levi's FINANSBANKmed line444 12 12 VIALANDgen\u00e7allarDOCKERSCLINIQUEPARKBRAVOfacebookdamat D&RCONRAD ELECTRO WORLDTUN\u0130S\u0130E TELECOMBETASARARFlormard\u00fcnyag\u00f6zbe\u011fendik cinemaximum AllianzistikbalMercedes-Benz MARKS & SPENCER L'OCCITANE\u0130STANBUL B\u0130LG\u0130 \u00dcN\u0130VERS\u0130TES\u0130 Setur TWISTFordBORUSAN VaranAS\u0130DA\u0130PEKYOLSINPA\u015e GYOGROSER\u0130 NOKIAHILTONWORLDWIDEABACICARD","robots":{"index":"index","follow":"follow","max-snippet":"max-snippet:-1","max-image-preview":"max-image-preview:large","max-video-preview":"max-video-preview:-1"},"canonical":"https:\/\/www.abacicard.com\/tr\/referanslar\/","og_locale":"tr_TR","og_type":"article","og_title":"Referanslar - Abac\u0131 Kart A.\u015e. - T\u00fcrkiye&#039;nin ilk ve en b\u00fcy\u00fck Plastik kart, RFID kart, Plastik Oyun kart\u0131, MIFARE kart, Proximity","og_description":"500'\u00dc A\u015eKIN ULUSAL VE ULUSLARARASI F\u0130RMA ABACICARD \u0130LE \u00c7ALI\u015eIYOR.MIGROSMETROtelecelko\u00e7ta\u015fSheratonyurti\u00e7i kargo YKMTansas SOKTURKCELLIKEA ar\u00e7elik gratis \u00e7a\u011fda\u015f AYGAZ avea BEYMENTURKISH AIRLINESTITANICHOTELSALTINYILDIZ AKSigortaSunExpress SEVIL T\u00dcRK\u0130YE BANKASI WIND Mogaz RAMADA GAPZORLU GRAND HOTEL opet boyner MEDICAL PARK BAZARSTORE Yap\u0131 KrediYARGICI Ramstore Garanti LC Waikiki chicco Ko\u00e7 TOYOTAKIA MICHELIN Komili Jeep K\u0130\u011eILI H\u00fcrriyet Google Playbeko PO Brooks BrothersDigit\u00fcrkvodafone\u0644\u064a\u0628\u064a\u0627\u0646\u0627 \u0644\u0644\u0647\u0627\u062a\u0641 \u0627\u0644\u0645\u062d\u0645\u0648\u0644AMERIKANHASTANESIIRELLIANEK LINES HDI Levi's FINANSBANKmed line444 12 12 VIALANDgen\u00e7allarDOCKERSCLINIQUEPARKBRAVOfacebookdamat D&RCONRAD ELECTRO WORLDTUN\u0130S\u0130E TELECOMBETASARARFlormard\u00fcnyag\u00f6zbe\u011fendik cinemaximum AllianzistikbalMercedes-Benz MARKS & SPENCER L'OCCITANE\u0130STANBUL B\u0130LG\u0130 \u00dcN\u0130VERS\u0130TES\u0130 Setur TWISTFordBORUSAN VaranAS\u0130DA\u0130PEKYOLSINPA\u015e GYOGROSER\u0130 NOKIAHILTONWORLDWIDEABACICARD","og_url":"https:\/\/www.abacicard.com\/tr\/referanslar\/","og_site_name":"Abac\u0131 Kart A.\u015e. - T\u00fcrkiye&#039;nin ilk ve en b\u00fcy\u00fck Plastik kart, RFID kart, Plastik Oyun kart\u0131, MIFARE kart, Proximity","article_publisher":"https:\/\/www.facebook.com\/abacicard","article_modified_time":"2025-06-27T07:01:25+00:00","og_image":[{"url":"http:\/\/www.abacicard.com\/tr\/wp-content\/uploads\/2025\/06\/referanslar_tr.png","type":"","width":"","height":""}],"twitter_card":"summary_large_image","twitter_site":"@abacicard","twitter_misc":{"Tahmini okuma s\u00fcresi":"1 dakika"},"schema":{"@context":"https:\/\/schema.org","@graph":[{"@type":"WebPage","@id":"https:\/\/www.abacicard.com\/tr\/referanslar\/","url":"https:\/\/www.abacicard.com\/tr\/referanslar\/","name":"Referanslar - Abac\u0131 Kart A.\u015e. - T\u00fcrkiye&#039;nin ilk ve en b\u00fcy\u00fck Plastik kart, RFID kart, Plastik Oyun kart\u0131, MIFARE kart, Proximity","isPartOf":{"@id":"https:\/\/www.abacicard.com\/tr\/#website"},"primaryImageOfPage":{"@id":"https:\/\/www.abacicard.com\/tr\/referanslar\/#primaryimage"},"image":{"@id":"https:\/\/www.abacicard.com\/tr\/referanslar\/#primaryimage"},"thumbnailUrl":"http:\/\/www.abacicard.com\/tr\/wp-content\/uploads\/2025\/06\/referanslar_tr.png","datePublished":"2024-12-06T04:01:37+00:00","dateModified":"2025-06-27T07:01:25+00:00","description":"500'\u00dc A\u015eKIN ULUSAL VE ULUSLARARASI F\u0130RMA ABACICARD \u0130LE \u00c7ALI\u015eIYOR.MIGROSMETROtelecelko\u00e7ta\u015fSheratonyurti\u00e7i kargo YKMTansas SOKTURKCELLIKEA ar\u00e7elik gratis \u00e7a\u011fda\u015f AYGAZ avea BEYMENTURKISH AIRLINESTITANICHOTELSALTINYILDIZ AKSigortaSunExpress SEVIL T\u00dcRK\u0130YE BANKASI WIND Mogaz RAMADA GAPZORLU GRAND HOTEL opet boyner MEDICAL PARK BAZARSTORE Yap\u0131 KrediYARGICI Ramstore Garanti LC Waikiki chicco Ko\u00e7 TOYOTAKIA MICHELIN Komili Jeep K\u0130\u011eILI H\u00fcrriyet Google Playbeko PO Brooks BrothersDigit\u00fcrkvodafone\u0644\u064a\u0628\u064a\u0627\u0646\u0627 \u0644\u0644\u0647\u0627\u062a\u0641 \u0627\u0644\u0645\u062d\u0645\u0648\u0644AMERIKANHASTANESIIRELLIANEK LINES HDI Levi's FINANSBANKmed line444 12 12 VIALANDgen\u00e7allarDOCKERSCLINIQUEPARKBRAVOfacebookdamat D&RCONRAD ELECTRO WORLDTUN\u0130S\u0130E TELECOMBETASARARFlormard\u00fcnyag\u00f6zbe\u011fendik cinemaximum AllianzistikbalMercedes-Benz MARKS & SPENCER L'OCCITANE\u0130STANBUL B\u0130LG\u0130 \u00dcN\u0130VERS\u0130TES\u0130 Setur TWISTFordBORUSAN VaranAS\u0130DA\u0130PEKYOLSINPA\u015e GYOGROSER\u0130 NOKIAHILTONWORLDWIDEABACICARD","breadcrumb":{"@id":"https:\/\/www.abacicard.com\/tr\/referanslar\/#breadcrumb"},"inLanguage":"tr","potentialAction":[{"@type":"ReadAction","target":["https:\/\/www.abacicard.com\/tr\/referanslar\/"]}]},{"@type":"ImageObject","inLanguage":"tr","@id":"https:\/\/www.abacicard.com\/tr\/referanslar\/#primaryimage","url":"https:\/\/www.abacicard.com\/tr\/wp-content\/uploads\/2025\/06\/referanslar_tr.png","contentUrl":"https:\/\/www.abacicard.com\/tr\/wp-content\/uploads\/2025\/06\/referanslar_tr.png","width":1000,"height":509},{"@type":"BreadcrumbList","@id":"https:\/\/www.abacicard.com\/tr\/referanslar\/#breadcrumb","itemListElement":[{"@type":"ListItem","position":1,"name":"Anasayfa","item":"http:\/\/www.abacicard.com\/tr\/"},{"@type":"ListItem","position":2,"name":"Referanslar"}]},{"@type":"WebSite","@id":"https:\/\/www.abacicard.com\/tr\/#website","url":"https:\/\/www.abacicard.com\/tr\/","name":"Abaci Kart A.S. - The First and Largest Manufacturer of Plastic cards, RFID cards, Plastic Game cards, MIFARE cards, Proximit","description":"Y\u0131llar\u0131n Deneyimiyle G\u00fc\u00e7lu ve Karal\u0131","publisher":{"@id":"https:\/\/www.abacicard.com\/tr\/#organization"},"alternateName":"Abaci Kart A.S. - The First and Largest Manufacturer of Plastic cards, RFID cards, Plastic Game cards, MIFARE cards, Proximit","potentialAction":[{"@type":"SearchAction","target":{"@type":"EntryPoint","urlTemplate":"https:\/\/www.abacicard.com\/tr\/?s={search_term_string}"},"query-input":{"@type":"PropertyValueSpecification","valueRequired":true,"valueName":"search_term_string"}}],"inLanguage":"tr"},{"@type":"Organization","@id":"https:\/\/www.abacicard.com\/tr\/#organization","name":"Abaci Kart A.S.","alternateName":"Abaci Kart A.S. - The First and Largest Manufacturer of Plastic cards, RFID cards, Plastic Game cards, MIFARE cards, Proximit","url":"https:\/\/www.abacicard.com\/tr\/","logo":{"@type":"ImageObject","inLanguage":"tr","@id":"https:\/\/www.abacicard.com\/tr\/#\/schema\/logo\/image\/","url":"http:\/\/www.abacicard.com\/tr\/wp-content\/uploads\/2025\/01\/favicon.png","contentUrl":"http:\/\/www.abacicard.com\/tr\/wp-content\/uploads\/2025\/01\/favicon.png","width":32,"height":32,"caption":"Abaci Kart A.S."},"image":{"@id":"https:\/\/www.abacicard.com\/tr\/#\/schema\/logo\/image\/"},"sameAs":["https:\/\/www.facebook.com\/abacicard","https:\/\/x.com\/abacicard","https:\/\/www.youtube.com\/channel\/UC09DwyAe-UeSqT71ZOvtb5g","https:\/\/www.instagram.com\/abacicards\/","https:\/\/www.linkedin.com\/company\/10275826\/"]}]}},"_links":{"self":[{"href":"https:\/\/www.abacicard.com\/tr\/wp-json\/wp\/v2\/pages\/1326","targetHints":{"allow":["GET"]}}],"collection":[{"href":"https:\/\/www.abacicard.com\/tr\/wp-json\/wp\/v2\/pages"}],"about":[{"href":"https:\/\/www.abacicard.com\/tr\/wp-json\/wp\/v2\/types\/page"}],"author":[{"embeddable":true,"href":"https:\/\/www.abacicard.com\/tr\/wp-json\/wp\/v2\/users\/1"}],"replies":[{"embeddable":true,"href":"https:\/\/www.abacicard.com\/tr\/wp-json\/wp\/v2\/comments?post=1326"}],"version-history":[{"count":15,"href":"https:\/\/www.abacicard.com\/tr\/wp-json\/wp\/v2\/pages\/1326\/revisions"}],"predecessor-version":[{"id":2105,"href":"https:\/\/www.abacicard.com\/tr\/wp-json\/wp\/v2\/pages\/1326\/revisions\/2105"}],"wp:attachment":[{"href":"https:\/\/www.abacicard.com\/tr\/wp-json\/wp\/v2\/media?parent=1326"}],"curies":[{"name":"wp","href":"https:\/\/api.w.org\/{rel}","templated":true}]}}