{"id":1877,"date":"2025-01-27T09:44:36","date_gmt":"2025-01-27T09:44:36","guid":{"rendered":"https:\/\/www.abacicard.com\/en\/?page_id=1877"},"modified":"2025-01-27T09:44:37","modified_gmt":"2025-01-27T09:44:37","slug":"kvkk-veri-sahibi-basvuru-formu","status":"publish","type":"page","link":"https:\/\/www.abacicard.com\/en\/kvkk-veri-sahibi-basvuru-formu\/","title":{"rendered":"KVKK Veri Sahibi Ba\u015fvuru Formu"},"content":{"rendered":"\n<p>KVKK Veri Sahibi Ba\u015fvuru Formu<\/p>\n\n\n\n<p>\u0130\u015fbu Ki\u015fisel Verilerin Korunmas\u0131 Kanunu Veri Sahibi Talep Formu (\u2018Form\u2019), 6698 say\u0131l\u0131 Ki\u015fisel Verilerin Korunmas\u0131 Kanunu (\u2018KVKK\u2019) kapsam\u0131nda veri sahiplerinin,&nbsp;<em>Abac\u0131 Kart Ki\u015fisel Verilerin Korunmas\u0131 ve Gizlilik Politikas\u0131<\/em>nda da belirtilen haklar\u0131n\u0131 kullanmak amac\u0131yla yapacaklar\u0131 ba\u015fvurularda kullan\u0131lmas\u0131 amac\u0131yla Abac\u0131 Kart taraf\u0131ndan olu\u015fturulmu\u015ftur.<\/p>\n\n\n\n<p>Veri sahiplerinin bu haklar\u0131n\u0131 kullanmak \u00fczere Hayat Kimya\u2019ya ba\u015fvuru yapmak istemesi durumunda i\u015fbu Formun, eksiksiz olarak doldurulmas\u0131n\u0131n ard\u0131ndan imzalanarak a\u015fa\u011f\u0131daki y\u00f6ntemlerden birinin arac\u0131l\u0131\u011f\u0131yla Hayat Kimya\u2019ya ula\u015ft\u0131r\u0131lmas\u0131 gerekmektedir:<\/p>\n\n\n\n<ol class=\"wp-block-list\">\n<li>Kimlik do\u011frulanmas\u0131n\u0131 sa\u011flay\u0131c\u0131 belgelerle (n\u00fcfus c\u00fczdan\u0131, ehliyet vb.) birlikte Abac\u0131 Kart \u015eirketine bizzat ba\u015fvuru yap\u0131lmal\u0131 ve Form bu ba\u015fvuru esnas\u0131nda imzalanmal\u0131d\u0131r.<\/li>\n\n\n\n<li>Form, noter kanal\u0131 ile Ye\u015filce mh. \u00c7elik sk. 69\/2 Seyrantepe Ka\u011f\u0131thane\/\u0130stanbull<\/li>\n\n\n\n<li>Form, [<a href=\"mailto:abacikart@hs01.kep.tr\">abacikart@hs01.kep.tr<\/a>] adresine veri sahibine ait KEP vas\u0131tas\u0131yla iletilmelidir<\/li>\n<\/ol>\n\n\n\n<h1 class=\"wp-block-heading\">1.&nbsp;&nbsp;&nbsp;&nbsp; Veri Sahibine Y\u00f6nelik Bilgiler<\/h1>\n\n\n\n<p>L\u00fctfen ba\u015fvurular\u0131n sa\u011fl\u0131kl\u0131 bir \u015fekilde de\u011ferlendirilmesi amac\u0131yla talep edilen bilgileri temin ediniz.<\/p>\n\n\n\n<figure class=\"wp-block-table\"><table class=\"has-fixed-layout\"><tbody><tr><td>Ad ve Soyad<\/td><td>:<\/td><td>&nbsp;<\/td><\/tr><tr><td>TC Kimlik Numaras\u0131<\/td><td>:<\/td><td>&nbsp;<\/td><\/tr><tr><td>Adres<\/td><td>:<\/td><td>&nbsp;<\/td><\/tr><tr><td>Telefon Numaras\u0131<\/td><td>:<\/td><td>&nbsp;<\/td><\/tr><tr><td>E-posta<\/td><td>:<\/td><td>&nbsp;<\/td><\/tr><\/tbody><\/table><\/figure>\n\n\n\n<p>L\u00fctfen a\u015fa\u011f\u0131da belirtilenlerden Abac\u0131 Kart ile ili\u015fkinizi en uygun \u015fekilde tan\u0131mlayan se\u00e7ene\u011fi i\u015faretleyerek a\u015fa\u011f\u0131s\u0131nda bulunan serbest metin alan\u0131na bu ili\u015fkinin devam durumunu, sona ermi\u015f olmas\u0131 durumunda ili\u015fkinin vuku buldu\u011fu periyodu ve varsa irtibatta olunan m\u00fcd\u00fcrl\u00fck veyahut ta \u015fube bilgisini detayland\u0131r\u0131n\u0131z.<\/p>\n\n\n\n<figure class=\"wp-block-table\"><table class=\"has-fixed-layout\"><tbody><tr><td>M\u00fc\u015fteri<\/td><td>&nbsp;<\/td><td>\u00c7al\u0131\u015fan<\/td><td>&nbsp;<\/td><td>\u00c7al\u0131\u015fan Aday\u0131<\/td><td>&nbsp;<\/td><\/tr><tr><td>Tedarik\u00e7i<\/td><td>&nbsp;<\/td><td>Acente<\/td><td>&nbsp;<\/td><td>Ziyaret\u00e7i<\/td><td>&nbsp;<\/td><\/tr><tr><td colspan=\"5\">Di\u011fer (\u2026\u2026\u2026\u2026\u2026\u2026\u2026\u2026\u2026\u2026\u2026\u2026\u2026\u2026\u2026\u2026\u2026\u2026\u2026\u2026\u2026\u2026\u2026\u2026\u2026\u2026\u2026\u2026\u2026\u2026\u2026\u2026\u2026\u2026\u2026\u2026\u2026\u2026\u2026)<\/td><td>&nbsp;<\/td><\/tr><\/tbody><\/table><\/figure>\n\n\n\n<h1 class=\"wp-block-heading\">2.&nbsp;&nbsp;&nbsp;&nbsp; Veri Sahibinin Talebine Y\u00f6nelik Bilgiler<\/h1>\n\n\n\n<p>L\u00fctfen ki\u015fisel verilerle ili\u015fkili talep veya taleplerinizi a\u015fa\u011f\u0131daki listeden i\u015faretleyiniz.<\/p>\n\n\n\n<figure class=\"wp-block-table\"><table class=\"has-fixed-layout\"><tbody><tr><td>Ki\u015fisel verilerimin i\u015flenip i\u015flenmedi\u011fini \u00f6\u011frenmek istiyorum.<\/td><td>&nbsp;<\/td><\/tr><tr><td>Ki\u015fisel verilerim i\u015flenmi\u015fse buna ili\u015fkin bilgi almak istiyorum.<\/td><td>&nbsp;<\/td><\/tr><tr><td>Ki\u015fisel verilerimin i\u015flenme amac\u0131n\u0131 \u00f6\u011frenip bu verilerin amac\u0131na uygun kullan\u0131l\u0131p kullan\u0131lmad\u0131\u011f\u0131 hakk\u0131nda bilgi almak istiyorum.<\/td><td>&nbsp;<\/td><\/tr><tr><td>Yurt i\u00e7inde veya yurt d\u0131\u015f\u0131nda ki\u015fisel verilerimin aktar\u0131ld\u0131\u011f\u0131 \u00fc\u00e7\u00fcnc\u00fc ki\u015fileri bilmek istiyorum.<\/td><td>&nbsp;<\/td><\/tr><tr><td>Ki\u015fisel verilerimin eksik veya yanl\u0131\u015f i\u015flenmi\u015f olmas\u0131 halinde bunlar\u0131n d\u00fczeltilmesini istiyorum.<\/td><td>&nbsp;<\/td><\/tr><tr><td>Ki\u015fisel verilerimin i\u015flenmesini gerektiren sebeplerin ortadan kalkmas\u0131 halinde, bunlar\u0131n silinmesini veya yok edilmesini istiyorum.<\/td><td>&nbsp;<\/td><\/tr><tr><td>D\u00fczeltme i\u015fleminin ki\u015fisel verilerimin aktar\u0131ld\u0131\u011f\u0131 \u00fc\u00e7\u00fcnc\u00fc ki\u015filere de bildirilmesini istiyorum.<\/td><td>&nbsp;<\/td><\/tr><tr><td>Silme i\u015fleminin ki\u015fisel verilerimin aktar\u0131ld\u0131\u011f\u0131 \u00fc\u00e7\u00fcnc\u00fc ki\u015filere bildirilmesini istiyorum.<\/td><td>&nbsp;<\/td><\/tr><tr><td>Ki\u015fisel verilerimin m\u00fcnhas\u0131ran otomatik sistemler vas\u0131tas\u0131yla analiz edildi\u011fini ve bu analiz neticesinde aleyhine bir sonu\u00e7 ortaya \u00e7\u0131kt\u0131\u011f\u0131n\u0131 d\u00fc\u015f\u00fcn\u00fcyor ve bu sonuca itiraz ediyorum.<\/td><td>&nbsp;<\/td><\/tr><tr><td>Ki\u015fisel verilerimin kanuna ayk\u0131r\u0131 olarak i\u015flenmesi sebebiyle u\u011frad\u0131\u011f\u0131m zarar\u0131n giderilmesini talep ediyorum.<\/td><td>&nbsp;<\/td><\/tr><\/tbody><\/table><\/figure>\n\n\n\n<p>Yukar\u0131daki listede yapt\u0131\u011f\u0131n\u0131z i\u015faretlemeye istinaden ek bilgi gerekti\u011fini d\u00fc\u015f\u00fcn\u00fcyorsan\u0131z l\u00fctfen a\u015fa\u011f\u0131daki serbest metin alan\u0131n\u0131 kullan\u0131n\u0131z.<\/p>\n\n\n\n<figure class=\"wp-block-table\"><table class=\"has-fixed-layout\"><tbody><tr><td>&nbsp;<\/td><\/tr><tr><td>&nbsp;<\/td><\/tr><tr><td>&nbsp;<\/td><\/tr><tr><td>&nbsp;<\/td><\/tr><tr><td>&nbsp;<\/td><\/tr><tr><td>&nbsp;<\/td><\/tr><\/tbody><\/table><\/figure>\n\n\n\n<h1 class=\"wp-block-heading\">3.&nbsp;&nbsp;&nbsp;&nbsp; Ba\u015fvurunun Sonu\u00e7land\u0131rmas\u0131na Y\u00f6nelik Bilgiler<\/h1>\n\n\n\n<p>B\u0130M talebinizi en ge\u00e7 otuz g\u00fcn i\u00e7inde sonu\u00e7land\u0131racak olup, 1. B\u00f6l\u00fcmde sa\u011flad\u0131\u011f\u0131n\u0131z adres ve e-posta bilgilerine istinaden postalama yoluyla veyahut ta dijital ortam arac\u0131l\u0131\u011f\u0131yla geri d\u00f6n\u00fc\u015f sa\u011flayacakt\u0131r. Geri d\u00f6n\u00fc\u015f\u00fcn sa\u011flanaca\u011f\u0131 bu kanallar aras\u0131ndan \u00f6zel bir tercihiniz varsa l\u00fctfen a\u015fa\u011f\u0131da belirtiniz.<\/p>\n\n\n\n<figure class=\"wp-block-table\"><table class=\"has-fixed-layout\"><tbody><tr><td>Geri d\u00f6n\u00fc\u015f\u00fcn posta kanal\u0131yla yap\u0131lmas\u0131n\u0131 istiyorum.<\/td><td>\u25a1<\/td><\/tr><tr><td>Geri d\u00f6n\u00fc\u015f\u00fcn e-posta kanal\u0131yla yap\u0131lmas\u0131n\u0131 istiyorum.<\/td><td>\u25a1<\/td><\/tr><\/tbody><\/table><\/figure>\n\n\n\n<p>Talebin de\u011ferlendirilmesi kapsam\u0131nda ek bilgiye ihtiya\u00e7 duyulmas\u0131 halinde Abac\u0131 Kart \u0130\u015fbu Form\u2019 da belirtti\u011finiz ba\u015fvuruyu sonu\u00e7land\u0131rabilmek amac\u0131yla sizinle ileti\u015fim kurabilecektir. Ba\u015fvurunuz \u00fccretsiz olarak sonu\u00e7land\u0131r\u0131lacak olup, ayr\u0131ca bir maliyet gerektirmesi durumunda ilgili mevzuat kapsam\u0131nda belirlenen tutarlarda \u00fccret talep edilebilecektir.<\/p>\n\n\n\n<h1 class=\"wp-block-heading\">BEYAN<\/h1>\n\n\n\n<p>\u0130\u015fbu Form\u2019 da belirtmi\u015f oldu\u011fum KVKK \u00f6zelindeki taleplerime ait bu ba\u015fvurumun de\u011ferlendirilerek sonu\u00e7land\u0131r\u0131lmas\u0131n\u0131 talep ederim.<\/p>\n\n\n\n<figure class=\"wp-block-table\"><table class=\"has-fixed-layout\"><tbody><tr><td>Veri Sahibinin Ad\u0131 ve Soyad\u0131<\/td><td>:<\/td><td>&nbsp;<\/td><\/tr><tr><td>Veri Sahibinin \u0130mzas\u0131&nbsp;&nbsp;Tarih<\/td><\/tr><\/tbody><\/table><\/figure>\n","protected":false},"excerpt":{"rendered":"<p>KVKK Veri Sahibi Ba\u015fvuru Formu \u0130\u015fbu Ki\u015fisel Verilerin Korunmas\u0131 Kanunu Veri Sahibi Talep Formu (\u2018Form\u2019), 6698 say\u0131l\u0131 Ki\u015fisel Verilerin Korunmas\u0131 Kanunu (\u2018KVKK\u2019) kapsam\u0131nda veri sahiplerinin,&nbsp;Abac\u0131 Kart Ki\u015fisel Verilerin Korunmas\u0131 ve Gizlilik Politikas\u0131nda da belirtilen haklar\u0131n\u0131 kullanmak amac\u0131yla yapacaklar\u0131 ba\u015fvurularda kullan\u0131lmas\u0131 amac\u0131yla Abac\u0131 Kart taraf\u0131ndan olu\u015fturulmu\u015ftur. Veri sahiplerinin bu haklar\u0131n\u0131 kullanmak \u00fczere Hayat Kimya\u2019ya ba\u015fvuru yapmak&hellip;&nbsp;<a href=\"https:\/\/www.abacicard.com\/en\/kvkk-veri-sahibi-basvuru-formu\/\" rel=\"bookmark\">Read More &raquo;<span class=\"screen-reader-text\">KVKK Veri Sahibi Ba\u015fvuru Formu<\/span><\/a><\/p>\n","protected":false},"author":1,"featured_media":0,"parent":0,"menu_order":0,"comment_status":"closed","ping_status":"closed","template":"","meta":{"_uf_show_specific_survey":0,"_uf_disable_surveys":false,"neve_meta_sidebar":"","neve_meta_container":"","neve_meta_enable_content_width":"","neve_meta_content_width":0,"neve_meta_title_alignment":"","neve_meta_author_avatar":"","neve_post_elements_order":"","neve_meta_disable_header":"","neve_meta_disable_footer":"","neve_meta_disable_title":"","neve_meta_reading_time":"","_themeisle_gutenberg_block_has_review":false,"footnotes":""},"class_list":["post-1877","page","type-page","status-publish","hentry"],"yoast_head":"<!-- This site is optimized with the Yoast SEO plugin v27.1.1 - https:\/\/yoast.com\/product\/yoast-seo-wordpress\/ -->\n<title>KVKK Veri Sahibi Ba\u015fvuru Formu - Abaci Kart A.S. - The First and Largest Manufacturer of Plastic cards, RFID cards, Plastic Game cards, MIFARE cards, Proximit<\/title>\n<meta name=\"description\" content=\"Abaci Kart A.S. - The First and Largest Manufacturer of Plastic cards, RFID cards, Plastic Game cards, MIFARE cards, Proximit\" \/>\n<meta name=\"robots\" content=\"index, follow, max-snippet:-1, max-image-preview:large, max-video-preview:-1\" \/>\n<link rel=\"canonical\" href=\"https:\/\/www.abacicard.com\/en\/kvkk-veri-sahibi-basvuru-formu\/\" \/>\n<meta property=\"og:locale\" content=\"en_GB\" \/>\n<meta property=\"og:type\" content=\"article\" \/>\n<meta property=\"og:title\" content=\"KVKK Veri Sahibi Ba\u015fvuru Formu - Abaci Kart A.S. - The First and Largest Manufacturer of Plastic cards, RFID cards, Plastic Game cards, MIFARE cards, Proximit\" \/>\n<meta property=\"og:description\" content=\"Abaci Kart A.S. - The First and Largest Manufacturer of Plastic cards, RFID cards, Plastic Game cards, MIFARE cards, Proximit\" \/>\n<meta property=\"og:url\" content=\"https:\/\/www.abacicard.com\/en\/kvkk-veri-sahibi-basvuru-formu\/\" \/>\n<meta property=\"og:site_name\" content=\"Abaci Kart A.S. - The First and Largest Manufacturer of Plastic cards, RFID cards, Plastic Game cards, MIFARE cards, Proximit\" \/>\n<meta property=\"article:publisher\" content=\"https:\/\/www.facebook.com\/abacicard\" \/>\n<meta property=\"article:modified_time\" content=\"2025-01-27T09:44:37+00:00\" \/>\n<meta property=\"og:image\" content=\"https:\/\/www.abacicard.com\/en\/wp-content\/uploads\/2025\/01\/favicon.png\" \/>\n\t<meta property=\"og:image:width\" content=\"32\" \/>\n\t<meta property=\"og:image:height\" content=\"32\" \/>\n\t<meta property=\"og:image:type\" content=\"image\/png\" \/>\n<meta name=\"twitter:card\" content=\"summary_large_image\" \/>\n<meta name=\"twitter:site\" content=\"@abacicard\" \/>\n<meta name=\"twitter:label1\" content=\"Estimated reading time\" \/>\n\t<meta name=\"twitter:data1\" content=\"3 minutes\" \/>\n<script type=\"application\/ld+json\" class=\"yoast-schema-graph\">{\"@context\":\"https:\/\/schema.org\",\"@graph\":[{\"@type\":\"WebPage\",\"@id\":\"https:\/\/www.abacicard.com\/en\/kvkk-veri-sahibi-basvuru-formu\/\",\"url\":\"https:\/\/www.abacicard.com\/en\/kvkk-veri-sahibi-basvuru-formu\/\",\"name\":\"KVKK Veri Sahibi Ba\u015fvuru Formu - Abaci Kart A.S. - The First and Largest Manufacturer of Plastic cards, RFID cards, Plastic Game cards, MIFARE cards, Proximit\",\"isPartOf\":{\"@id\":\"https:\/\/www.abacicard.com\/en\/#website\"},\"datePublished\":\"2025-01-27T09:44:36+00:00\",\"dateModified\":\"2025-01-27T09:44:37+00:00\",\"description\":\"Abaci Kart A.S. - The First and Largest Manufacturer of Plastic cards, RFID cards, Plastic Game cards, MIFARE cards, Proximit\",\"breadcrumb\":{\"@id\":\"https:\/\/www.abacicard.com\/en\/kvkk-veri-sahibi-basvuru-formu\/#breadcrumb\"},\"inLanguage\":\"en-GB\",\"potentialAction\":[{\"@type\":\"ReadAction\",\"target\":[\"https:\/\/www.abacicard.com\/en\/kvkk-veri-sahibi-basvuru-formu\/\"]}]},{\"@type\":\"BreadcrumbList\",\"@id\":\"https:\/\/www.abacicard.com\/en\/kvkk-veri-sahibi-basvuru-formu\/#breadcrumb\",\"itemListElement\":[{\"@type\":\"ListItem\",\"position\":1,\"name\":\"Anasayfa\",\"item\":\"https:\/\/www.abacicard.com\/en\/\"},{\"@type\":\"ListItem\",\"position\":2,\"name\":\"KVKK Veri Sahibi Ba\u015fvuru Formu\"}]},{\"@type\":\"WebSite\",\"@id\":\"https:\/\/www.abacicard.com\/en\/#website\",\"url\":\"https:\/\/www.abacicard.com\/en\/\",\"name\":\"Abaci Kart A.S. - The First and Largest Manufacturer of Plastic cards, RFID cards, Plastic Game cards, MIFARE cards, Proximit\",\"description\":\"Y\u0131llar\u0131n Deneyimiyle G\u00fc\u00e7lu ve Karal\u0131\",\"publisher\":{\"@id\":\"https:\/\/www.abacicard.com\/en\/#organization\"},\"alternateName\":\"Abaci Kart A.S. - The First and Largest Manufacturer of Plastic cards, RFID cards, Plastic Game cards, MIFARE cards, Proximit\",\"potentialAction\":[{\"@type\":\"SearchAction\",\"target\":{\"@type\":\"EntryPoint\",\"urlTemplate\":\"https:\/\/www.abacicard.com\/en\/?s={search_term_string}\"},\"query-input\":{\"@type\":\"PropertyValueSpecification\",\"valueRequired\":true,\"valueName\":\"search_term_string\"}}],\"inLanguage\":\"en-GB\"},{\"@type\":\"Organization\",\"@id\":\"https:\/\/www.abacicard.com\/en\/#organization\",\"name\":\"Abaci Kart A.S.\",\"alternateName\":\"Abaci Kart A.S. - The First and Largest Manufacturer of Plastic cards, RFID cards, Plastic Game cards, MIFARE cards, Proximit\",\"url\":\"https:\/\/www.abacicard.com\/en\/\",\"logo\":{\"@type\":\"ImageObject\",\"inLanguage\":\"en-GB\",\"@id\":\"https:\/\/www.abacicard.com\/en\/#\/schema\/logo\/image\/\",\"url\":\"https:\/\/www.abacicard.com\/en\/wp-content\/uploads\/2025\/01\/favicon.png\",\"contentUrl\":\"https:\/\/www.abacicard.com\/en\/wp-content\/uploads\/2025\/01\/favicon.png\",\"width\":32,\"height\":32,\"caption\":\"Abaci Kart A.S.\"},\"image\":{\"@id\":\"https:\/\/www.abacicard.com\/en\/#\/schema\/logo\/image\/\"},\"sameAs\":[\"https:\/\/www.facebook.com\/abacicard\",\"https:\/\/x.com\/abacicard\",\"https:\/\/www.youtube.com\/channel\/UC09DwyAe-UeSqT71ZOvtb5g\",\"https:\/\/www.instagram.com\/abacicards\/\",\"https:\/\/www.linkedin.com\/company\/10275826\/\"]}]}<\/script>\n<!-- \/ Yoast SEO plugin. -->","yoast_head_json":{"title":"KVKK Veri Sahibi Ba\u015fvuru Formu - Abaci Kart A.S. - The First and Largest Manufacturer of Plastic cards, RFID cards, Plastic Game cards, MIFARE cards, Proximit","description":"Abaci Kart A.S. - The First and Largest Manufacturer of Plastic cards, RFID cards, Plastic Game cards, MIFARE cards, Proximit","robots":{"index":"index","follow":"follow","max-snippet":"max-snippet:-1","max-image-preview":"max-image-preview:large","max-video-preview":"max-video-preview:-1"},"canonical":"https:\/\/www.abacicard.com\/en\/kvkk-veri-sahibi-basvuru-formu\/","og_locale":"en_GB","og_type":"article","og_title":"KVKK Veri Sahibi Ba\u015fvuru Formu - Abaci Kart A.S. - The First and Largest Manufacturer of Plastic cards, RFID cards, Plastic Game cards, MIFARE cards, Proximit","og_description":"Abaci Kart A.S. - The First and Largest Manufacturer of Plastic cards, RFID cards, Plastic Game cards, MIFARE cards, Proximit","og_url":"https:\/\/www.abacicard.com\/en\/kvkk-veri-sahibi-basvuru-formu\/","og_site_name":"Abaci Kart A.S. - The First and Largest Manufacturer of Plastic cards, RFID cards, Plastic Game cards, MIFARE cards, Proximit","article_publisher":"https:\/\/www.facebook.com\/abacicard","article_modified_time":"2025-01-27T09:44:37+00:00","og_image":[{"width":32,"height":32,"url":"https:\/\/www.abacicard.com\/en\/wp-content\/uploads\/2025\/01\/favicon.png","type":"image\/png"}],"twitter_card":"summary_large_image","twitter_site":"@abacicard","twitter_misc":{"Estimated reading time":"3 minutes"},"schema":{"@context":"https:\/\/schema.org","@graph":[{"@type":"WebPage","@id":"https:\/\/www.abacicard.com\/en\/kvkk-veri-sahibi-basvuru-formu\/","url":"https:\/\/www.abacicard.com\/en\/kvkk-veri-sahibi-basvuru-formu\/","name":"KVKK Veri Sahibi Ba\u015fvuru Formu - Abaci Kart A.S. - The First and Largest Manufacturer of Plastic cards, RFID cards, Plastic Game cards, MIFARE cards, Proximit","isPartOf":{"@id":"https:\/\/www.abacicard.com\/en\/#website"},"datePublished":"2025-01-27T09:44:36+00:00","dateModified":"2025-01-27T09:44:37+00:00","description":"Abaci Kart A.S. - The First and Largest Manufacturer of Plastic cards, RFID cards, Plastic Game cards, MIFARE cards, Proximit","breadcrumb":{"@id":"https:\/\/www.abacicard.com\/en\/kvkk-veri-sahibi-basvuru-formu\/#breadcrumb"},"inLanguage":"en-GB","potentialAction":[{"@type":"ReadAction","target":["https:\/\/www.abacicard.com\/en\/kvkk-veri-sahibi-basvuru-formu\/"]}]},{"@type":"BreadcrumbList","@id":"https:\/\/www.abacicard.com\/en\/kvkk-veri-sahibi-basvuru-formu\/#breadcrumb","itemListElement":[{"@type":"ListItem","position":1,"name":"Anasayfa","item":"https:\/\/www.abacicard.com\/en\/"},{"@type":"ListItem","position":2,"name":"KVKK Veri Sahibi Ba\u015fvuru Formu"}]},{"@type":"WebSite","@id":"https:\/\/www.abacicard.com\/en\/#website","url":"https:\/\/www.abacicard.com\/en\/","name":"Abaci Kart A.S. - The First and Largest Manufacturer of Plastic cards, RFID cards, Plastic Game cards, MIFARE cards, Proximit","description":"Y\u0131llar\u0131n Deneyimiyle G\u00fc\u00e7lu ve Karal\u0131","publisher":{"@id":"https:\/\/www.abacicard.com\/en\/#organization"},"alternateName":"Abaci Kart A.S. - The First and Largest Manufacturer of Plastic cards, RFID cards, Plastic Game cards, MIFARE cards, Proximit","potentialAction":[{"@type":"SearchAction","target":{"@type":"EntryPoint","urlTemplate":"https:\/\/www.abacicard.com\/en\/?s={search_term_string}"},"query-input":{"@type":"PropertyValueSpecification","valueRequired":true,"valueName":"search_term_string"}}],"inLanguage":"en-GB"},{"@type":"Organization","@id":"https:\/\/www.abacicard.com\/en\/#organization","name":"Abaci Kart A.S.","alternateName":"Abaci Kart A.S. - The First and Largest Manufacturer of Plastic cards, RFID cards, Plastic Game cards, MIFARE cards, Proximit","url":"https:\/\/www.abacicard.com\/en\/","logo":{"@type":"ImageObject","inLanguage":"en-GB","@id":"https:\/\/www.abacicard.com\/en\/#\/schema\/logo\/image\/","url":"https:\/\/www.abacicard.com\/en\/wp-content\/uploads\/2025\/01\/favicon.png","contentUrl":"https:\/\/www.abacicard.com\/en\/wp-content\/uploads\/2025\/01\/favicon.png","width":32,"height":32,"caption":"Abaci Kart A.S."},"image":{"@id":"https:\/\/www.abacicard.com\/en\/#\/schema\/logo\/image\/"},"sameAs":["https:\/\/www.facebook.com\/abacicard","https:\/\/x.com\/abacicard","https:\/\/www.youtube.com\/channel\/UC09DwyAe-UeSqT71ZOvtb5g","https:\/\/www.instagram.com\/abacicards\/","https:\/\/www.linkedin.com\/company\/10275826\/"]}]}},"_links":{"self":[{"href":"https:\/\/www.abacicard.com\/en\/wp-json\/wp\/v2\/pages\/1877","targetHints":{"allow":["GET"]}}],"collection":[{"href":"https:\/\/www.abacicard.com\/en\/wp-json\/wp\/v2\/pages"}],"about":[{"href":"https:\/\/www.abacicard.com\/en\/wp-json\/wp\/v2\/types\/page"}],"author":[{"embeddable":true,"href":"https:\/\/www.abacicard.com\/en\/wp-json\/wp\/v2\/users\/1"}],"replies":[{"embeddable":true,"href":"https:\/\/www.abacicard.com\/en\/wp-json\/wp\/v2\/comments?post=1877"}],"version-history":[{"count":1,"href":"https:\/\/www.abacicard.com\/en\/wp-json\/wp\/v2\/pages\/1877\/revisions"}],"predecessor-version":[{"id":1878,"href":"https:\/\/www.abacicard.com\/en\/wp-json\/wp\/v2\/pages\/1877\/revisions\/1878"}],"wp:attachment":[{"href":"https:\/\/www.abacicard.com\/en\/wp-json\/wp\/v2\/media?parent=1877"}],"curies":[{"name":"wp","href":"https:\/\/api.w.org\/{rel}","templated":true}]}}