{"id":1864,"date":"2025-01-27T09:38:03","date_gmt":"2025-01-27T09:38:03","guid":{"rendered":"https:\/\/www.abacicard.com\/en\/?page_id=1864"},"modified":"2025-01-27T09:38:04","modified_gmt":"2025-01-27T09:38:04","slug":"kvkk-gizlilik-politikasi","status":"publish","type":"page","link":"https:\/\/www.abacicard.com\/en\/kvkk-gizlilik-politikasi\/","title":{"rendered":"KVKK Gizlilik Politikas\u0131"},"content":{"rendered":"\n<p>KVKK Gizlilik Politikas\u0131<\/p>\n\n\n\n<p>Abac\u0131 Kart San. Tic. A.\u015e. ilgili yasal mevzuatlar \u00e7er\u00e7evesinde m\u00fc\u015fteri bilgilerinin gizlili\u011fini ve g\u00fcvenli\u011fini en \u00fcst seviyede sa\u011flamak konusunda gerekli tedbirleri almakta ve bu do\u011frultuda Firmam\u0131z web adresinde (www.abac\u0131card.com adresine gitmek i\u00e7in t\u0131klay\u0131n\u0131z.) a\u015fa\u011f\u0131da belirtilen hususlar uygulamaktad\u0131r.<\/p>\n\n\n\n<ul class=\"wp-block-list\">\n<li>Abac\u0131 Kart San. Tic. A.\u015e.\u00fcretim, sat\u0131\u015f, pazarlama ve y\u00f6netim faaliyetlerini ger\u00e7ekle\u015ftirebilmek ve hizmetlerinin kesintisiz ilerleyebilmesini sa\u011flamak ad\u0131na, Genel M\u00fcd\u00fcrl\u00fck, fabrikalar, bayiler gibi kanallardan; s\u00f6zl\u00fc, yaz\u0131l\u0131 ya da elektronik ortam \u00fczerinden temin edebildi\u011fi ki\u015fisel verileri, Veri Sorumlusu s\u0131fat\u0131yla, hukuka uygun bir bi\u00e7imde i\u015flemektedir.<\/li>\n\n\n\n<li>Ki\u015fisel veriler Firmam\u0131z taraf\u0131ndan; \u00fcretim, sat\u0131\u015f, pazarlama ve y\u00f6netim faaliyetlerinin eksiksiz olarak s\u00fcrd\u00fcr\u00fclmesi, yasal ve idari y\u00fck\u00fcml\u00fcl\u00fckler kapsam\u0131nda Firma\u2019n\u0131n y\u00fcr\u00fctmekte sorumlu oldu\u011fu faaliyetlerin ger\u00e7ekle\u015ftirilmesi, veri sahibinin mevzuattaki veya Firma b\u00fcnyesince kabul g\u00f6ren kural ve politikalardaki de\u011fi\u015fiklikler hususunda ayd\u0131nlat\u0131lmas\u0131, me\u015fru menfaatlerin korunmas\u0131, tan\u0131t\u0131m ve pazarlama faaliyetlerinin y\u00fcr\u00fct\u00fclmesi ile birlikte, m\u00fc\u015fteri memnuniyetinin sa\u011flanmas\u0131, Firma\u2019 ya ait veya Firma taraf\u0131ndan kullan\u0131lan elektronik sistemlerin ve fiziki ortamlar\u0131n g\u00fcvenli\u011finin sa\u011flanmas\u0131 ve ilgili de\u011ferlendirmelerin yap\u0131lmas\u0131 suretiyle gerekli \u00f6nlemlerin al\u0131nmas\u0131, Firma taraf\u0131ndan sunulan \u00fcr\u00fcn ve hizmetlerden m\u00fc\u015fterileri faydaland\u0131rmak i\u00e7in i\u015f birimleri taraf\u0131ndan gerekli \u00e7al\u0131\u015fmalar\u0131n yap\u0131lmas\u0131 amac\u0131yla i\u015flenmektedir.<\/li>\n\n\n\n<li>Firmam\u0131z web sitesi \u00fczerinden, ileti\u015fim formunun (\u00fcr\u00fcn ve hizmet ile ilgili yorum ve sorulara ili\u015fkin) doldurulmas\u0131na y\u00f6nelik m\u00fc\u015fteri bilgileri al\u0131nmaktad\u0131r.<\/li>\n\n\n\n<li>Firmam\u0131z, ki\u015fisel verilerin gizlili\u011fini ve g\u00fcvenli\u011fini korumaya \u00f6nem verir. Bu do\u011frultuda, ki\u015fisel verileri yetkisiz eri\u015fim, zarar, kay\u0131p veya if\u015faya kar\u015f\u0131 korumak i\u00e7in gerekli teknik ve idari g\u00fcvenlik \u00f6nlemleri al\u0131n\u0131r. Firma, web sitesi \u00fczerinden di\u011fer web sitelerine eri\u015fim i\u00e7in verilen ba\u011flant\u0131lar\u0131n g\u00fcvenlik ve gizlili\u011finden sorumlu de\u011fildir. Bu sitelere giri\u015f sonucu kar\u015f\u0131la\u015f\u0131labilecek maddi veya manevi kay\u0131plarda sorumluluk kabul edilmeyecektir.<\/li>\n\n\n\n<li>Firma web sitesi \u00fczerinden ileti\u015fim formu ile talep edilen m\u00fc\u015fterilere ait her t\u00fcrl\u00fc ki\u015fisel bilgi, m\u00fc\u015fteri onay\u0131 olmadan 3. Ki\u015filerle hi\u00e7bir \u015fekilde payla\u015f\u0131lmamaktad\u0131r. Yaln\u0131zca m\u00fc\u015fteri bilgilerine eri\u015fme yetkisi bulunan yasal kurumlar ve yetkililer ile talep edilmesi durumunda m\u00fc\u015fteri bilgileri payla\u015f\u0131labilecektir.<\/li>\n\n\n\n<li>M\u00fc\u015fterilerimizin web sitesi \u00fczerinden girmi\u015f olduklar\u0131 bilgilere 3. ki\u015filerin eri\u015fimi engellenmi\u015ftir. M\u00fc\u015fterilerimizin ki\u015fisel bilgilerinin gizlili\u011fini korumak amac\u0131yla Firmam\u0131z sistem ve internet alt yap\u0131s\u0131 g\u00fcvenilir seviyede tutularak gerekli \u00f6nlemler al\u0131nm\u0131\u015ft\u0131r.<\/li>\n\n\n\n<li>KVKK\u2019 n\u0131n 11. Maddesi kapsam\u0131nda ki\u015fisel verileri i\u015flenen ger\u00e7ek ki\u015filerin haklar\u0131 d\u00fczenlenmektedir ve bu madde uyar\u0131nca veri sahipleri Firma \u00fczerinde a\u015fa\u011f\u0131daki haklara sahiptir.<\/li>\n\n\n\n<li>Kullan\u0131m amac\u0131 sonlanan ve yasal saklama s\u00fcresi sona eren ki\u015fisel veriler, KVKK\u2019 n\u0131n 7. maddesi uyar\u0131nca Firmam\u0131z taraf\u0131ndan silinmekte, yok edilmekte veya anonim hale getirilmektedir.<\/li>\n\n\n\n<li>Firmam\u0131z, gerekli g\u00f6rd\u00fc\u011f\u00fc durumlarda farkl\u0131 kurulu\u015flardan destek hizmeti almakta ve ilgili kurulu\u015flar\u0131n Firman\u0131n gizlilik standartlar\u0131na ve \u015fartlar\u0131na uygun hareket etmesini sa\u011flamaktad\u0131r. Firmam\u0131z, s\u00f6zle\u015fme d\u00fczenledi\u011fi veri i\u015fleyenlerin bilgi g\u00fcvenli\u011fine en az kendisi kadar \u00f6nem verdiklerinden ve m\u00fc\u015fterek sorumlulu\u011fun bilinciyle hareket ettiklerinden emin olmakta ve bunu s\u00f6zle\u015fmesel olarak da g\u00fcvenceye almaktad\u0131r. Veri i\u015fleyenler, mevzuattaki tan\u0131m ile paralel olarak yaln\u0131z Abac\u0131 Kart\u2019 \u0131n talimatlar\u0131 do\u011frultusunda, Abac\u0131 Kart ile akdedilmi\u015f s\u00f6zle\u015fme \u00e7er\u00e7evesinde kalmak suretiyle ve mevzuata uygun olarak ki\u015fisel verileri i\u015fler.<\/li>\n\n\n\n<li>Firmam\u0131z web sitesi \u00fczerinden di\u011fer web sitelerine eri\u015fim i\u00e7in verilen linklerin g\u00fcvenlik ve gizlili\u011fi Firmam\u0131z sorumlulu\u011fu alt\u0131nda bulunmamaktad\u0131r. Bu sitelerde kar\u015f\u0131la\u015f\u0131labilecek maddi\/manevi kay\u0131plardan Firmam\u0131z sorumluluk \u00fcstlenemez.<\/li>\n\n\n\n<li>Firmam\u0131z web sitesinde bulunan bilgi, materyal ve bunlar\u0131n d\u00fczenlenmesi konusundaki telif haklar\u0131, Abac\u0131 Kart San. Tic. A.\u015e.&#8217; ye aittir. Firmam\u0131z web sitesinde yer alan \u00fc\u00e7\u00fcnc\u00fc \u015fah\u0131slara ait materyaller d\u0131\u015f\u0131nda kalan bilgi ve materyallere dair t\u00fcm telif haklar\u0131, tescilli marka, patent, entelekt\u00fcel ve di\u011fer m\u00fclkiyet haklar\u0131 Firmam\u0131zda sakl\u0131d\u0131r.<\/li>\n<\/ul>\n\n\n\n<p>&nbsp;&nbsp;&nbsp;&nbsp;&nbsp;&nbsp;&nbsp;&nbsp;&nbsp;&nbsp;&nbsp;&nbsp;&nbsp;&nbsp;&nbsp;&nbsp;&nbsp;&nbsp;&nbsp;&nbsp;&nbsp; i.&nbsp;&nbsp;&nbsp;&nbsp;&nbsp;&nbsp;&nbsp; Ki\u015fisel veri i\u015flenip i\u015flenmedi\u011fini \u00f6\u011frenme,<\/p>\n\n\n\n<p>&nbsp;&nbsp;&nbsp;&nbsp;&nbsp;&nbsp;&nbsp;&nbsp;&nbsp;&nbsp;&nbsp;&nbsp;&nbsp;&nbsp;&nbsp;&nbsp;&nbsp;&nbsp;&nbsp;&nbsp; ii.&nbsp;&nbsp;&nbsp;&nbsp;&nbsp;&nbsp;&nbsp; Ki\u015fisel verileri i\u015flenmi\u015fse buna ili\u015fkin bilgi talep etme,<\/p>\n\n\n\n<p>&nbsp;&nbsp;&nbsp;&nbsp;&nbsp;&nbsp;&nbsp;&nbsp;&nbsp;&nbsp;&nbsp;&nbsp;&nbsp;&nbsp;&nbsp;&nbsp;&nbsp;&nbsp;&nbsp; iii.&nbsp;&nbsp;&nbsp;&nbsp;&nbsp;&nbsp;&nbsp; Ki\u015fisel verilerin i\u015flenme amac\u0131n\u0131 ve bunlar\u0131n amac\u0131na uygun kullan\u0131l\u0131p kullan\u0131lmad\u0131\u011f\u0131n\u0131 \u00f6\u011frenme,<\/p>\n\n\n\n<p>&nbsp;&nbsp;&nbsp;&nbsp;&nbsp;&nbsp;&nbsp;&nbsp;&nbsp;&nbsp;&nbsp;&nbsp;&nbsp;&nbsp;&nbsp;&nbsp;&nbsp;&nbsp;&nbsp; iv.&nbsp;&nbsp;&nbsp;&nbsp;&nbsp;&nbsp;&nbsp; Yurt i\u00e7inde veya yurt d\u0131\u015f\u0131nda ki\u015fisel verilerin aktar\u0131ld\u0131\u011f\u0131 \u00fc\u00e7\u00fcnc\u00fc ki\u015fileri bilme,<\/p>\n\n\n\n<p>&nbsp;&nbsp;&nbsp;&nbsp;&nbsp;&nbsp;&nbsp;&nbsp;&nbsp;&nbsp;&nbsp;&nbsp;&nbsp;&nbsp;&nbsp;&nbsp;&nbsp;&nbsp;&nbsp;&nbsp; v.&nbsp;&nbsp;&nbsp;&nbsp;&nbsp;&nbsp;&nbsp; Ki\u015fisel verilerin eksik veya yanl\u0131\u015f i\u015flenmi\u015f olmas\u0131 halinde bunlar\u0131n d\u00fczeltilmesini isteme,<\/p>\n\n\n\n<p>&nbsp;&nbsp;&nbsp;&nbsp;&nbsp;&nbsp;&nbsp;&nbsp;&nbsp;&nbsp;&nbsp;&nbsp;&nbsp;&nbsp;&nbsp;&nbsp;&nbsp;&nbsp;&nbsp; vi.&nbsp;&nbsp;&nbsp;&nbsp;&nbsp;&nbsp;&nbsp; Ki\u015fisel verilerin i\u015flenmesini gerektiren sebeplerin ortadan kalkmas\u0131 halinde, bunlar\u0131n silinmesini veya yok edilmesini isteme,<\/p>\n\n\n\n<p>&nbsp;&nbsp;&nbsp;&nbsp;&nbsp;&nbsp;&nbsp;&nbsp;&nbsp;&nbsp;&nbsp;&nbsp;&nbsp;&nbsp;&nbsp;&nbsp;&nbsp;&nbsp; vii.&nbsp;&nbsp;&nbsp;&nbsp;&nbsp;&nbsp;&nbsp; D\u00fczeltme ve silme i\u015flemlerinin ki\u015fisel verilerin aktar\u0131ld\u0131\u011f\u0131 \u00fc\u00e7\u00fcnc\u00fc ki\u015filere bildirilmesini isteme,<\/p>\n\n\n\n<p>&nbsp;&nbsp;&nbsp;&nbsp;&nbsp;&nbsp;&nbsp;&nbsp;&nbsp;&nbsp;&nbsp;&nbsp;&nbsp;&nbsp;&nbsp;&nbsp;&nbsp; viii.&nbsp;&nbsp;&nbsp;&nbsp;&nbsp;&nbsp;&nbsp; \u0130\u015flenen verilerin m\u00fcnhas\u0131ran otomatik sistemler vas\u0131tas\u0131yla analiz edilmesi suretiyle ki\u015finin kendisi aleyhine bir sonucun ortaya \u00e7\u0131kmas\u0131na itiraz etme,<\/p>\n\n\n\n<p>&nbsp;&nbsp;&nbsp;&nbsp;&nbsp;&nbsp;&nbsp;&nbsp;&nbsp;&nbsp;&nbsp;&nbsp;&nbsp;&nbsp;&nbsp;&nbsp;&nbsp;&nbsp;&nbsp; ix.&nbsp;&nbsp;&nbsp;&nbsp;&nbsp;&nbsp;&nbsp; Ki\u015fisel verilerin kanuna ayk\u0131r\u0131 olarak i\u015flenmesi sebebiyle zarara u\u011framas\u0131 halinde zarar\u0131n giderilmesini talep etme.<\/p>\n\n\n\n<p>Yukar\u0131daki haklardan birinin kullan\u0131lmas\u0131 ama\u00e7l\u0131 olarak veri sahiplerinden gelecek talepler, Firma taraf\u0131ndan en ge\u00e7 30 g\u00fcn i\u00e7erisinde kar\u015f\u0131lanacakt\u0131r. Bu talepler, KVKK Veri Sahibi Talep Formu\u2019nu ba\u015fvuru esnas\u0131nda doldurup imzalayarak kimlik do\u011frulanmas\u0131n\u0131 sa\u011flay\u0131c\u0131 belgelerle (n\u00fcfus c\u00fczdan\u0131, ehliyet vb.) birlikte; Abac\u0131 Kart \u015firketine bizzat ba\u015fvuru yaparak, \u201cYe\u015filce mh. \u00c7elik sk. 69\/2 Seyrantepe Ka\u011f\u0131thane \/ \u0130stanbul\u201d adresine kimlik tespit edici belgeler ile bizzat elden teslim edilerek, noter kanal\u0131yla s\u00f6z konusu adrese g\u00f6nderilerek veya [<a href=\"mailto:abacikart@hs01.kep.tr\">abacikart@hs01.kep.tr<\/a>] adresine g\u00fcvenli elektronik imzal\u0131 olarak iletebilecektir.<\/p>\n\n\n\n<p>Taleplerin ayr\u0131ca bir maliyet gerektirmesi durumunda Firma ilgili mevzuat kapsam\u0131nda belirlenen tutarlarda \u00fccret talep edebilecektir.<\/p>\n\n\n\n<p>Firmam\u0131z web sitesine m\u00fc\u015fterilerimizin\/ziyaret\u00e7ilerimizin giri\u015f yapmas\u0131, yukar\u0131da belirtilen ko\u015fullar\u0131 kabul etti\u011fi anlam\u0131na gelmekte olup, Firmam\u0131z bu yasal uyar\u0131da yer alan ko\u015fullar\u0131 ve h\u00fck\u00fcmleri, \u00f6nceden bir ihbara gerek kalmaks\u0131z\u0131n de\u011fi\u015ftirme ve g\u00fcncelleme hakk\u0131na sahiptir.<\/p>\n","protected":false},"excerpt":{"rendered":"<p>KVKK Gizlilik Politikas\u0131 Abac\u0131 Kart San. Tic. A.\u015e. ilgili yasal mevzuatlar \u00e7er\u00e7evesinde m\u00fc\u015fteri bilgilerinin gizlili\u011fini ve g\u00fcvenli\u011fini en \u00fcst seviyede sa\u011flamak konusunda gerekli tedbirleri almakta ve bu do\u011frultuda Firmam\u0131z web adresinde (www.abac\u0131card.com adresine gitmek i\u00e7in t\u0131klay\u0131n\u0131z.) a\u015fa\u011f\u0131da belirtilen hususlar uygulamaktad\u0131r. &nbsp;&nbsp;&nbsp;&nbsp;&nbsp;&nbsp;&nbsp;&nbsp;&nbsp;&nbsp;&nbsp;&nbsp;&nbsp;&nbsp;&nbsp;&nbsp;&nbsp;&nbsp;&nbsp;&nbsp;&nbsp; i.&nbsp;&nbsp;&nbsp;&nbsp;&nbsp;&nbsp;&nbsp; Ki\u015fisel veri i\u015flenip i\u015flenmedi\u011fini \u00f6\u011frenme, &nbsp;&nbsp;&nbsp;&nbsp;&nbsp;&nbsp;&nbsp;&nbsp;&nbsp;&nbsp;&nbsp;&nbsp;&nbsp;&nbsp;&nbsp;&nbsp;&nbsp;&nbsp;&nbsp;&nbsp; ii.&nbsp;&nbsp;&nbsp;&nbsp;&nbsp;&nbsp;&nbsp; Ki\u015fisel verileri i\u015flenmi\u015fse buna ili\u015fkin bilgi&hellip;&nbsp;<a href=\"https:\/\/www.abacicard.com\/en\/kvkk-gizlilik-politikasi\/\" rel=\"bookmark\">Read More &raquo;<span class=\"screen-reader-text\">KVKK Gizlilik Politikas\u0131<\/span><\/a><\/p>\n","protected":false},"author":1,"featured_media":0,"parent":0,"menu_order":0,"comment_status":"closed","ping_status":"closed","template":"","meta":{"_uf_show_specific_survey":0,"_uf_disable_surveys":false,"neve_meta_sidebar":"","neve_meta_container":"","neve_meta_enable_content_width":"","neve_meta_content_width":0,"neve_meta_title_alignment":"","neve_meta_author_avatar":"","neve_post_elements_order":"","neve_meta_disable_header":"","neve_meta_disable_footer":"","neve_meta_disable_title":"","neve_meta_reading_time":"","_themeisle_gutenberg_block_has_review":false,"footnotes":""},"class_list":["post-1864","page","type-page","status-publish","hentry"],"yoast_head":"<!-- This site is optimized with the Yoast SEO plugin v27.1.1 - https:\/\/yoast.com\/product\/yoast-seo-wordpress\/ -->\n<title>KVKK Gizlilik Politikas\u0131 - Abaci Kart A.S. - The First and Largest Manufacturer of Plastic cards, RFID cards, Plastic Game cards, MIFARE cards, Proximit<\/title>\n<meta name=\"description\" content=\"Abaci Kart A.S. - The First and Largest Manufacturer of Plastic cards, RFID cards, Plastic Game cards, MIFARE cards, Proximit\" \/>\n<meta name=\"robots\" content=\"index, follow, max-snippet:-1, max-image-preview:large, max-video-preview:-1\" \/>\n<link rel=\"canonical\" href=\"https:\/\/www.abacicard.com\/en\/kvkk-gizlilik-politikasi\/\" \/>\n<meta property=\"og:locale\" content=\"en_GB\" \/>\n<meta property=\"og:type\" content=\"article\" \/>\n<meta property=\"og:title\" content=\"KVKK Gizlilik Politikas\u0131 - Abaci Kart A.S. - The First and Largest Manufacturer of Plastic cards, RFID cards, Plastic Game cards, MIFARE cards, Proximit\" \/>\n<meta property=\"og:description\" content=\"Abaci Kart A.S. - The First and Largest Manufacturer of Plastic cards, RFID cards, Plastic Game cards, MIFARE cards, Proximit\" \/>\n<meta property=\"og:url\" content=\"https:\/\/www.abacicard.com\/en\/kvkk-gizlilik-politikasi\/\" \/>\n<meta property=\"og:site_name\" content=\"Abaci Kart A.S. - The First and Largest Manufacturer of Plastic cards, RFID cards, Plastic Game cards, MIFARE cards, Proximit\" \/>\n<meta property=\"article:publisher\" content=\"https:\/\/www.facebook.com\/abacicard\" \/>\n<meta property=\"article:modified_time\" content=\"2025-01-27T09:38:04+00:00\" \/>\n<meta property=\"og:image\" content=\"https:\/\/www.abacicard.com\/en\/wp-content\/uploads\/2025\/01\/favicon.png\" \/>\n\t<meta property=\"og:image:width\" content=\"32\" \/>\n\t<meta property=\"og:image:height\" content=\"32\" \/>\n\t<meta property=\"og:image:type\" content=\"image\/png\" \/>\n<meta name=\"twitter:card\" content=\"summary_large_image\" \/>\n<meta name=\"twitter:site\" content=\"@abacicard\" \/>\n<meta name=\"twitter:label1\" content=\"Estimated reading time\" \/>\n\t<meta name=\"twitter:data1\" content=\"4 minutes\" \/>\n<script type=\"application\/ld+json\" class=\"yoast-schema-graph\">{\"@context\":\"https:\/\/schema.org\",\"@graph\":[{\"@type\":\"WebPage\",\"@id\":\"https:\/\/www.abacicard.com\/en\/kvkk-gizlilik-politikasi\/\",\"url\":\"https:\/\/www.abacicard.com\/en\/kvkk-gizlilik-politikasi\/\",\"name\":\"KVKK Gizlilik Politikas\u0131 - Abaci Kart A.S. - The First and Largest Manufacturer of Plastic cards, RFID cards, Plastic Game cards, MIFARE cards, Proximit\",\"isPartOf\":{\"@id\":\"https:\/\/www.abacicard.com\/en\/#website\"},\"datePublished\":\"2025-01-27T09:38:03+00:00\",\"dateModified\":\"2025-01-27T09:38:04+00:00\",\"description\":\"Abaci Kart A.S. - The First and Largest Manufacturer of Plastic cards, RFID cards, Plastic Game cards, MIFARE cards, Proximit\",\"breadcrumb\":{\"@id\":\"https:\/\/www.abacicard.com\/en\/kvkk-gizlilik-politikasi\/#breadcrumb\"},\"inLanguage\":\"en-GB\",\"potentialAction\":[{\"@type\":\"ReadAction\",\"target\":[\"https:\/\/www.abacicard.com\/en\/kvkk-gizlilik-politikasi\/\"]}]},{\"@type\":\"BreadcrumbList\",\"@id\":\"https:\/\/www.abacicard.com\/en\/kvkk-gizlilik-politikasi\/#breadcrumb\",\"itemListElement\":[{\"@type\":\"ListItem\",\"position\":1,\"name\":\"Anasayfa\",\"item\":\"https:\/\/www.abacicard.com\/en\/\"},{\"@type\":\"ListItem\",\"position\":2,\"name\":\"KVKK Gizlilik Politikas\u0131\"}]},{\"@type\":\"WebSite\",\"@id\":\"https:\/\/www.abacicard.com\/en\/#website\",\"url\":\"https:\/\/www.abacicard.com\/en\/\",\"name\":\"Abaci Kart A.S. - The First and Largest Manufacturer of Plastic cards, RFID cards, Plastic Game cards, MIFARE cards, Proximit\",\"description\":\"Y\u0131llar\u0131n Deneyimiyle G\u00fc\u00e7lu ve Karal\u0131\",\"publisher\":{\"@id\":\"https:\/\/www.abacicard.com\/en\/#organization\"},\"alternateName\":\"Abaci Kart A.S. - The First and Largest Manufacturer of Plastic cards, RFID cards, Plastic Game cards, MIFARE cards, Proximit\",\"potentialAction\":[{\"@type\":\"SearchAction\",\"target\":{\"@type\":\"EntryPoint\",\"urlTemplate\":\"https:\/\/www.abacicard.com\/en\/?s={search_term_string}\"},\"query-input\":{\"@type\":\"PropertyValueSpecification\",\"valueRequired\":true,\"valueName\":\"search_term_string\"}}],\"inLanguage\":\"en-GB\"},{\"@type\":\"Organization\",\"@id\":\"https:\/\/www.abacicard.com\/en\/#organization\",\"name\":\"Abaci Kart A.S.\",\"alternateName\":\"Abaci Kart A.S. - The First and Largest Manufacturer of Plastic cards, RFID cards, Plastic Game cards, MIFARE cards, Proximit\",\"url\":\"https:\/\/www.abacicard.com\/en\/\",\"logo\":{\"@type\":\"ImageObject\",\"inLanguage\":\"en-GB\",\"@id\":\"https:\/\/www.abacicard.com\/en\/#\/schema\/logo\/image\/\",\"url\":\"https:\/\/www.abacicard.com\/en\/wp-content\/uploads\/2025\/01\/favicon.png\",\"contentUrl\":\"https:\/\/www.abacicard.com\/en\/wp-content\/uploads\/2025\/01\/favicon.png\",\"width\":32,\"height\":32,\"caption\":\"Abaci Kart A.S.\"},\"image\":{\"@id\":\"https:\/\/www.abacicard.com\/en\/#\/schema\/logo\/image\/\"},\"sameAs\":[\"https:\/\/www.facebook.com\/abacicard\",\"https:\/\/x.com\/abacicard\",\"https:\/\/www.youtube.com\/channel\/UC09DwyAe-UeSqT71ZOvtb5g\",\"https:\/\/www.instagram.com\/abacicards\/\",\"https:\/\/www.linkedin.com\/company\/10275826\/\"]}]}<\/script>\n<!-- \/ Yoast SEO plugin. -->","yoast_head_json":{"title":"KVKK Gizlilik Politikas\u0131 - Abaci Kart A.S. - The First and Largest Manufacturer of Plastic cards, RFID cards, Plastic Game cards, MIFARE cards, Proximit","description":"Abaci Kart A.S. - The First and Largest Manufacturer of Plastic cards, RFID cards, Plastic Game cards, MIFARE cards, Proximit","robots":{"index":"index","follow":"follow","max-snippet":"max-snippet:-1","max-image-preview":"max-image-preview:large","max-video-preview":"max-video-preview:-1"},"canonical":"https:\/\/www.abacicard.com\/en\/kvkk-gizlilik-politikasi\/","og_locale":"en_GB","og_type":"article","og_title":"KVKK Gizlilik Politikas\u0131 - Abaci Kart A.S. - The First and Largest Manufacturer of Plastic cards, RFID cards, Plastic Game cards, MIFARE cards, Proximit","og_description":"Abaci Kart A.S. - The First and Largest Manufacturer of Plastic cards, RFID cards, Plastic Game cards, MIFARE cards, Proximit","og_url":"https:\/\/www.abacicard.com\/en\/kvkk-gizlilik-politikasi\/","og_site_name":"Abaci Kart A.S. - The First and Largest Manufacturer of Plastic cards, RFID cards, Plastic Game cards, MIFARE cards, Proximit","article_publisher":"https:\/\/www.facebook.com\/abacicard","article_modified_time":"2025-01-27T09:38:04+00:00","og_image":[{"width":32,"height":32,"url":"https:\/\/www.abacicard.com\/en\/wp-content\/uploads\/2025\/01\/favicon.png","type":"image\/png"}],"twitter_card":"summary_large_image","twitter_site":"@abacicard","twitter_misc":{"Estimated reading time":"4 minutes"},"schema":{"@context":"https:\/\/schema.org","@graph":[{"@type":"WebPage","@id":"https:\/\/www.abacicard.com\/en\/kvkk-gizlilik-politikasi\/","url":"https:\/\/www.abacicard.com\/en\/kvkk-gizlilik-politikasi\/","name":"KVKK Gizlilik Politikas\u0131 - Abaci Kart A.S. - The First and Largest Manufacturer of Plastic cards, RFID cards, Plastic Game cards, MIFARE cards, Proximit","isPartOf":{"@id":"https:\/\/www.abacicard.com\/en\/#website"},"datePublished":"2025-01-27T09:38:03+00:00","dateModified":"2025-01-27T09:38:04+00:00","description":"Abaci Kart A.S. - The First and Largest Manufacturer of Plastic cards, RFID cards, Plastic Game cards, MIFARE cards, Proximit","breadcrumb":{"@id":"https:\/\/www.abacicard.com\/en\/kvkk-gizlilik-politikasi\/#breadcrumb"},"inLanguage":"en-GB","potentialAction":[{"@type":"ReadAction","target":["https:\/\/www.abacicard.com\/en\/kvkk-gizlilik-politikasi\/"]}]},{"@type":"BreadcrumbList","@id":"https:\/\/www.abacicard.com\/en\/kvkk-gizlilik-politikasi\/#breadcrumb","itemListElement":[{"@type":"ListItem","position":1,"name":"Anasayfa","item":"https:\/\/www.abacicard.com\/en\/"},{"@type":"ListItem","position":2,"name":"KVKK Gizlilik Politikas\u0131"}]},{"@type":"WebSite","@id":"https:\/\/www.abacicard.com\/en\/#website","url":"https:\/\/www.abacicard.com\/en\/","name":"Abaci Kart A.S. - The First and Largest Manufacturer of Plastic cards, RFID cards, Plastic Game cards, MIFARE cards, Proximit","description":"Y\u0131llar\u0131n Deneyimiyle G\u00fc\u00e7lu ve Karal\u0131","publisher":{"@id":"https:\/\/www.abacicard.com\/en\/#organization"},"alternateName":"Abaci Kart A.S. - The First and Largest Manufacturer of Plastic cards, RFID cards, Plastic Game cards, MIFARE cards, Proximit","potentialAction":[{"@type":"SearchAction","target":{"@type":"EntryPoint","urlTemplate":"https:\/\/www.abacicard.com\/en\/?s={search_term_string}"},"query-input":{"@type":"PropertyValueSpecification","valueRequired":true,"valueName":"search_term_string"}}],"inLanguage":"en-GB"},{"@type":"Organization","@id":"https:\/\/www.abacicard.com\/en\/#organization","name":"Abaci Kart A.S.","alternateName":"Abaci Kart A.S. - The First and Largest Manufacturer of Plastic cards, RFID cards, Plastic Game cards, MIFARE cards, Proximit","url":"https:\/\/www.abacicard.com\/en\/","logo":{"@type":"ImageObject","inLanguage":"en-GB","@id":"https:\/\/www.abacicard.com\/en\/#\/schema\/logo\/image\/","url":"https:\/\/www.abacicard.com\/en\/wp-content\/uploads\/2025\/01\/favicon.png","contentUrl":"https:\/\/www.abacicard.com\/en\/wp-content\/uploads\/2025\/01\/favicon.png","width":32,"height":32,"caption":"Abaci Kart A.S."},"image":{"@id":"https:\/\/www.abacicard.com\/en\/#\/schema\/logo\/image\/"},"sameAs":["https:\/\/www.facebook.com\/abacicard","https:\/\/x.com\/abacicard","https:\/\/www.youtube.com\/channel\/UC09DwyAe-UeSqT71ZOvtb5g","https:\/\/www.instagram.com\/abacicards\/","https:\/\/www.linkedin.com\/company\/10275826\/"]}]}},"_links":{"self":[{"href":"https:\/\/www.abacicard.com\/en\/wp-json\/wp\/v2\/pages\/1864","targetHints":{"allow":["GET"]}}],"collection":[{"href":"https:\/\/www.abacicard.com\/en\/wp-json\/wp\/v2\/pages"}],"about":[{"href":"https:\/\/www.abacicard.com\/en\/wp-json\/wp\/v2\/types\/page"}],"author":[{"embeddable":true,"href":"https:\/\/www.abacicard.com\/en\/wp-json\/wp\/v2\/users\/1"}],"replies":[{"embeddable":true,"href":"https:\/\/www.abacicard.com\/en\/wp-json\/wp\/v2\/comments?post=1864"}],"version-history":[{"count":1,"href":"https:\/\/www.abacicard.com\/en\/wp-json\/wp\/v2\/pages\/1864\/revisions"}],"predecessor-version":[{"id":1865,"href":"https:\/\/www.abacicard.com\/en\/wp-json\/wp\/v2\/pages\/1864\/revisions\/1865"}],"wp:attachment":[{"href":"https:\/\/www.abacicard.com\/en\/wp-json\/wp\/v2\/media?parent=1864"}],"curies":[{"name":"wp","href":"https:\/\/api.w.org\/{rel}","templated":true}]}}