{"id":1820,"date":"2025-01-27T07:16:58","date_gmt":"2025-01-27T07:16:58","guid":{"rendered":"https:\/\/www.abacicard.com\/en\/?page_id=1820"},"modified":"2025-02-03T08:00:29","modified_gmt":"2025-02-03T08:00:29","slug":"kvk-politikalarimiz","status":"publish","type":"page","link":"https:\/\/www.abacicard.com\/en\/kvk-politikalarimiz\/","title":{"rendered":"KVK Politikalar\u0131m\u0131z"},"content":{"rendered":"\n<hr class=\"wp-block-separator has-alpha-channel-opacity\"\/>\n\n\n\n<p><a href=\"\/en\/kvkk-gizlilik-politikasi\">\u2022\u00a0KVKK Gizlilik Politikas\u0131<\/a><br>\u2022\u00a0<a href=\"\/en\/kvkk-veri-sahibi-basvuru-formu\/\">KVKK Veri Saklama ve \u0130mha Politikas\u0131<\/a><br>\u2022\u00a0<a href=\"\/en\/potansiyel-veri-guvenligi-ihlali-protokolu\/\">Potansiyel Veri G\u00fcvenli\u011fi \u0130hlali Protokol\u00fc<\/a><br>\u2022\u00a0<a href=\"https:\/\/www.abacicard.com\/en\/kvkk-kisisel-veri-aktarim-politikasi\/\">KVKK Ki\u015fisel Veri Aktar\u0131m Politikas\u0131<\/a><br>\u2022\u00a0<a href=\"https:\/\/www.abacicard.com\/en\/kvkk-ozel-nitelikli-kisisel-veri-yonetimi-politikasi\/\">KVKK \u00d6zel Nitelikli Ki\u015fisel Veri Y\u00f6netimi Politikas\u0131<\/a><br>\u2022\u00a0<a href=\"https:\/\/www.abacicard.com\/en\/kvkk-veri-sahibi-basvuru-formu\/\">KVKK Veri Sahibi Ba\u015fvuru Formu<\/a><br><\/p>\n\n\n\n<hr class=\"wp-block-separator has-alpha-channel-opacity\"\/>\n\n\n\n<p><\/p>\n","protected":false},"excerpt":{"rendered":"<p>\u2022\u00a0KVKK Gizlilik Politikas\u0131\u2022\u00a0KVKK Veri Saklama ve \u0130mha Politikas\u0131\u2022\u00a0Potansiyel Veri G\u00fcvenli\u011fi \u0130hlali Protokol\u00fc\u2022\u00a0KVKK Ki\u015fisel Veri Aktar\u0131m Politikas\u0131\u2022\u00a0KVKK \u00d6zel Nitelikli Ki\u015fisel Veri Y\u00f6netimi Politikas\u0131\u2022\u00a0KVKK Veri Sahibi Ba\u015fvuru Formu<\/p>\n","protected":false},"author":1,"featured_media":0,"parent":0,"menu_order":0,"comment_status":"closed","ping_status":"closed","template":"","meta":{"_uf_show_specific_survey":0,"_uf_disable_surveys":false,"neve_meta_sidebar":"","neve_meta_container":"","neve_meta_enable_content_width":"","neve_meta_content_width":0,"neve_meta_title_alignment":"","neve_meta_author_avatar":"","neve_post_elements_order":"","neve_meta_disable_header":"","neve_meta_disable_footer":"","neve_meta_disable_title":"","neve_meta_reading_time":"","_themeisle_gutenberg_block_has_review":false,"footnotes":""},"class_list":["post-1820","page","type-page","status-publish","hentry"],"yoast_head":"<!-- This site is optimized with the Yoast SEO plugin v27.1.1 - https:\/\/yoast.com\/product\/yoast-seo-wordpress\/ -->\n<title>KVK Politikalar\u0131m\u0131z - Abaci Kart A.S. - The First and Largest Manufacturer of Plastic cards, RFID cards, Plastic Game cards, MIFARE cards, Proximit<\/title>\n<meta name=\"description\" content=\"Abaci Kart A.S. - The First and Largest Manufacturer of Plastic cards, RFID cards, Plastic Game cards, MIFARE cards, Proximit\" \/>\n<meta name=\"robots\" content=\"index, follow, max-snippet:-1, max-image-preview:large, max-video-preview:-1\" \/>\n<link rel=\"canonical\" href=\"https:\/\/www.abacicard.com\/en\/kvk-politikalarimiz\/\" \/>\n<meta property=\"og:locale\" content=\"en_GB\" \/>\n<meta property=\"og:type\" content=\"article\" \/>\n<meta property=\"og:title\" content=\"KVK Politikalar\u0131m\u0131z - Abaci Kart A.S. - The First and Largest Manufacturer of Plastic cards, RFID cards, Plastic Game cards, MIFARE cards, Proximit\" \/>\n<meta property=\"og:description\" content=\"Abaci Kart A.S. - The First and Largest Manufacturer of Plastic cards, RFID cards, Plastic Game cards, MIFARE cards, Proximit\" \/>\n<meta property=\"og:url\" content=\"https:\/\/www.abacicard.com\/en\/kvk-politikalarimiz\/\" \/>\n<meta property=\"og:site_name\" content=\"Abaci Kart A.S. - The First and Largest Manufacturer of Plastic cards, RFID cards, Plastic Game cards, MIFARE cards, Proximit\" \/>\n<meta property=\"article:publisher\" content=\"https:\/\/www.facebook.com\/abacicard\" \/>\n<meta property=\"article:modified_time\" content=\"2025-02-03T08:00:29+00:00\" \/>\n<meta property=\"og:image\" content=\"https:\/\/www.abacicard.com\/en\/wp-content\/uploads\/2025\/01\/favicon.png\" \/>\n\t<meta property=\"og:image:width\" content=\"32\" \/>\n\t<meta property=\"og:image:height\" content=\"32\" \/>\n\t<meta property=\"og:image:type\" content=\"image\/png\" \/>\n<meta name=\"twitter:card\" content=\"summary_large_image\" \/>\n<meta name=\"twitter:site\" content=\"@abacicard\" \/>\n<meta name=\"twitter:label1\" content=\"Estimated reading time\" \/>\n\t<meta name=\"twitter:data1\" content=\"1 minute\" \/>\n<script type=\"application\/ld+json\" class=\"yoast-schema-graph\">{\"@context\":\"https:\/\/schema.org\",\"@graph\":[{\"@type\":\"WebPage\",\"@id\":\"https:\/\/www.abacicard.com\/en\/kvk-politikalarimiz\/\",\"url\":\"https:\/\/www.abacicard.com\/en\/kvk-politikalarimiz\/\",\"name\":\"KVK Politikalar\u0131m\u0131z - Abaci Kart A.S. - The First and Largest Manufacturer of Plastic cards, RFID cards, Plastic Game cards, MIFARE cards, Proximit\",\"isPartOf\":{\"@id\":\"https:\/\/www.abacicard.com\/en\/#website\"},\"datePublished\":\"2025-01-27T07:16:58+00:00\",\"dateModified\":\"2025-02-03T08:00:29+00:00\",\"description\":\"Abaci Kart A.S. - The First and Largest Manufacturer of Plastic cards, RFID cards, Plastic Game cards, MIFARE cards, Proximit\",\"breadcrumb\":{\"@id\":\"https:\/\/www.abacicard.com\/en\/kvk-politikalarimiz\/#breadcrumb\"},\"inLanguage\":\"en-GB\",\"potentialAction\":[{\"@type\":\"ReadAction\",\"target\":[\"https:\/\/www.abacicard.com\/en\/kvk-politikalarimiz\/\"]}]},{\"@type\":\"BreadcrumbList\",\"@id\":\"https:\/\/www.abacicard.com\/en\/kvk-politikalarimiz\/#breadcrumb\",\"itemListElement\":[{\"@type\":\"ListItem\",\"position\":1,\"name\":\"Anasayfa\",\"item\":\"https:\/\/www.abacicard.com\/en\/\"},{\"@type\":\"ListItem\",\"position\":2,\"name\":\"KVK Politikalar\u0131m\u0131z\"}]},{\"@type\":\"WebSite\",\"@id\":\"https:\/\/www.abacicard.com\/en\/#website\",\"url\":\"https:\/\/www.abacicard.com\/en\/\",\"name\":\"Abaci Kart A.S. - The First and Largest Manufacturer of Plastic cards, RFID cards, Plastic Game cards, MIFARE cards, Proximit\",\"description\":\"Y\u0131llar\u0131n Deneyimiyle G\u00fc\u00e7lu ve Karal\u0131\",\"publisher\":{\"@id\":\"https:\/\/www.abacicard.com\/en\/#organization\"},\"alternateName\":\"Abaci Kart A.S. - The First and Largest Manufacturer of Plastic cards, RFID cards, Plastic Game cards, MIFARE cards, Proximit\",\"potentialAction\":[{\"@type\":\"SearchAction\",\"target\":{\"@type\":\"EntryPoint\",\"urlTemplate\":\"https:\/\/www.abacicard.com\/en\/?s={search_term_string}\"},\"query-input\":{\"@type\":\"PropertyValueSpecification\",\"valueRequired\":true,\"valueName\":\"search_term_string\"}}],\"inLanguage\":\"en-GB\"},{\"@type\":\"Organization\",\"@id\":\"https:\/\/www.abacicard.com\/en\/#organization\",\"name\":\"Abaci Kart A.S.\",\"alternateName\":\"Abaci Kart A.S. - The First and Largest Manufacturer of Plastic cards, RFID cards, Plastic Game cards, MIFARE cards, Proximit\",\"url\":\"https:\/\/www.abacicard.com\/en\/\",\"logo\":{\"@type\":\"ImageObject\",\"inLanguage\":\"en-GB\",\"@id\":\"https:\/\/www.abacicard.com\/en\/#\/schema\/logo\/image\/\",\"url\":\"https:\/\/www.abacicard.com\/en\/wp-content\/uploads\/2025\/01\/favicon.png\",\"contentUrl\":\"https:\/\/www.abacicard.com\/en\/wp-content\/uploads\/2025\/01\/favicon.png\",\"width\":32,\"height\":32,\"caption\":\"Abaci Kart A.S.\"},\"image\":{\"@id\":\"https:\/\/www.abacicard.com\/en\/#\/schema\/logo\/image\/\"},\"sameAs\":[\"https:\/\/www.facebook.com\/abacicard\",\"https:\/\/x.com\/abacicard\",\"https:\/\/www.youtube.com\/channel\/UC09DwyAe-UeSqT71ZOvtb5g\",\"https:\/\/www.instagram.com\/abacicards\/\",\"https:\/\/www.linkedin.com\/company\/10275826\/\"]}]}<\/script>\n<!-- \/ Yoast SEO plugin. -->","yoast_head_json":{"title":"KVK Politikalar\u0131m\u0131z - Abaci Kart A.S. - The First and Largest Manufacturer of Plastic cards, RFID cards, Plastic Game cards, MIFARE cards, Proximit","description":"Abaci Kart A.S. - The First and Largest Manufacturer of Plastic cards, RFID cards, Plastic Game cards, MIFARE cards, Proximit","robots":{"index":"index","follow":"follow","max-snippet":"max-snippet:-1","max-image-preview":"max-image-preview:large","max-video-preview":"max-video-preview:-1"},"canonical":"https:\/\/www.abacicard.com\/en\/kvk-politikalarimiz\/","og_locale":"en_GB","og_type":"article","og_title":"KVK Politikalar\u0131m\u0131z - Abaci Kart A.S. - The First and Largest Manufacturer of Plastic cards, RFID cards, Plastic Game cards, MIFARE cards, Proximit","og_description":"Abaci Kart A.S. - The First and Largest Manufacturer of Plastic cards, RFID cards, Plastic Game cards, MIFARE cards, Proximit","og_url":"https:\/\/www.abacicard.com\/en\/kvk-politikalarimiz\/","og_site_name":"Abaci Kart A.S. - The First and Largest Manufacturer of Plastic cards, RFID cards, Plastic Game cards, MIFARE cards, Proximit","article_publisher":"https:\/\/www.facebook.com\/abacicard","article_modified_time":"2025-02-03T08:00:29+00:00","og_image":[{"width":32,"height":32,"url":"https:\/\/www.abacicard.com\/en\/wp-content\/uploads\/2025\/01\/favicon.png","type":"image\/png"}],"twitter_card":"summary_large_image","twitter_site":"@abacicard","twitter_misc":{"Estimated reading time":"1 minute"},"schema":{"@context":"https:\/\/schema.org","@graph":[{"@type":"WebPage","@id":"https:\/\/www.abacicard.com\/en\/kvk-politikalarimiz\/","url":"https:\/\/www.abacicard.com\/en\/kvk-politikalarimiz\/","name":"KVK Politikalar\u0131m\u0131z - Abaci Kart A.S. - The First and Largest Manufacturer of Plastic cards, RFID cards, Plastic Game cards, MIFARE cards, Proximit","isPartOf":{"@id":"https:\/\/www.abacicard.com\/en\/#website"},"datePublished":"2025-01-27T07:16:58+00:00","dateModified":"2025-02-03T08:00:29+00:00","description":"Abaci Kart A.S. - The First and Largest Manufacturer of Plastic cards, RFID cards, Plastic Game cards, MIFARE cards, Proximit","breadcrumb":{"@id":"https:\/\/www.abacicard.com\/en\/kvk-politikalarimiz\/#breadcrumb"},"inLanguage":"en-GB","potentialAction":[{"@type":"ReadAction","target":["https:\/\/www.abacicard.com\/en\/kvk-politikalarimiz\/"]}]},{"@type":"BreadcrumbList","@id":"https:\/\/www.abacicard.com\/en\/kvk-politikalarimiz\/#breadcrumb","itemListElement":[{"@type":"ListItem","position":1,"name":"Anasayfa","item":"https:\/\/www.abacicard.com\/en\/"},{"@type":"ListItem","position":2,"name":"KVK Politikalar\u0131m\u0131z"}]},{"@type":"WebSite","@id":"https:\/\/www.abacicard.com\/en\/#website","url":"https:\/\/www.abacicard.com\/en\/","name":"Abaci Kart A.S. - The First and Largest Manufacturer of Plastic cards, RFID cards, Plastic Game cards, MIFARE cards, Proximit","description":"Y\u0131llar\u0131n Deneyimiyle G\u00fc\u00e7lu ve Karal\u0131","publisher":{"@id":"https:\/\/www.abacicard.com\/en\/#organization"},"alternateName":"Abaci Kart A.S. - The First and Largest Manufacturer of Plastic cards, RFID cards, Plastic Game cards, MIFARE cards, Proximit","potentialAction":[{"@type":"SearchAction","target":{"@type":"EntryPoint","urlTemplate":"https:\/\/www.abacicard.com\/en\/?s={search_term_string}"},"query-input":{"@type":"PropertyValueSpecification","valueRequired":true,"valueName":"search_term_string"}}],"inLanguage":"en-GB"},{"@type":"Organization","@id":"https:\/\/www.abacicard.com\/en\/#organization","name":"Abaci Kart A.S.","alternateName":"Abaci Kart A.S. - The First and Largest Manufacturer of Plastic cards, RFID cards, Plastic Game cards, MIFARE cards, Proximit","url":"https:\/\/www.abacicard.com\/en\/","logo":{"@type":"ImageObject","inLanguage":"en-GB","@id":"https:\/\/www.abacicard.com\/en\/#\/schema\/logo\/image\/","url":"https:\/\/www.abacicard.com\/en\/wp-content\/uploads\/2025\/01\/favicon.png","contentUrl":"https:\/\/www.abacicard.com\/en\/wp-content\/uploads\/2025\/01\/favicon.png","width":32,"height":32,"caption":"Abaci Kart A.S."},"image":{"@id":"https:\/\/www.abacicard.com\/en\/#\/schema\/logo\/image\/"},"sameAs":["https:\/\/www.facebook.com\/abacicard","https:\/\/x.com\/abacicard","https:\/\/www.youtube.com\/channel\/UC09DwyAe-UeSqT71ZOvtb5g","https:\/\/www.instagram.com\/abacicards\/","https:\/\/www.linkedin.com\/company\/10275826\/"]}]}},"_links":{"self":[{"href":"https:\/\/www.abacicard.com\/en\/wp-json\/wp\/v2\/pages\/1820","targetHints":{"allow":["GET"]}}],"collection":[{"href":"https:\/\/www.abacicard.com\/en\/wp-json\/wp\/v2\/pages"}],"about":[{"href":"https:\/\/www.abacicard.com\/en\/wp-json\/wp\/v2\/types\/page"}],"author":[{"embeddable":true,"href":"https:\/\/www.abacicard.com\/en\/wp-json\/wp\/v2\/users\/1"}],"replies":[{"embeddable":true,"href":"https:\/\/www.abacicard.com\/en\/wp-json\/wp\/v2\/comments?post=1820"}],"version-history":[{"count":7,"href":"https:\/\/www.abacicard.com\/en\/wp-json\/wp\/v2\/pages\/1820\/revisions"}],"predecessor-version":[{"id":2033,"href":"https:\/\/www.abacicard.com\/en\/wp-json\/wp\/v2\/pages\/1820\/revisions\/2033"}],"wp:attachment":[{"href":"https:\/\/www.abacicard.com\/en\/wp-json\/wp\/v2\/media?parent=1820"}],"curies":[{"name":"wp","href":"https:\/\/api.w.org\/{rel}","templated":true}]}}