{"id":1796,"date":"2025-01-27T06:44:56","date_gmt":"2025-01-27T06:44:56","guid":{"rendered":"https:\/\/www.abacicard.com\/en\/?page_id=1796"},"modified":"2025-02-03T09:02:31","modified_gmt":"2025-02-03T09:02:31","slug":"corporate","status":"publish","type":"page","link":"https:\/\/www.abacicard.com\/en\/corporate\/","title":{"rendered":"Corporate"},"content":{"rendered":"\n<figure class=\"wp-block-image alignwide size-full\"><img loading=\"lazy\" decoding=\"async\" width=\"1000\" height=\"366\" src=\"https:\/\/www.abacicard.com\/en\/wp-content\/uploads\/2025\/01\/35thyear.jpg\" alt=\"\" class=\"wp-image-1797\" srcset=\"https:\/\/www.abacicard.com\/en\/wp-content\/uploads\/2025\/01\/35thyear.jpg 1000w, https:\/\/www.abacicard.com\/en\/wp-content\/uploads\/2025\/01\/35thyear-300x110.jpg 300w, https:\/\/www.abacicard.com\/en\/wp-content\/uploads\/2025\/01\/35thyear-768x281.jpg 768w\" sizes=\"auto, (max-width: 1000px) 100vw, 1000px\" \/><\/figure>\n\n\n\n<p>ABACICARD is a plastic and scratch card producer in Turkey since 1985.&nbsp; We are proud to be the market leader as the first and the largest card manufacturer, thanks to our factory plant in Istanbul.<\/p>\n\n\n\n<p>We are serving our 1200 customers with cutting edge technologies.&nbsp; ABACICARD has one manufacturing plant in Istanbul and sales offices in Ankara and Istanbul. Also our system integrator company SWISSCARD was founded later on in 1993 in partnership with Printoplast AG (Switzerland) .<\/p>\n\n\n\n<p>ABACICARD is one of the significant companies in \u201con time delivery\u201d and quality. We performed many first in Turkey. Some of these achievements have been published in the Turkish Media as great success.<\/p>\n\n\n\n<p>ABACICARD has a product range beginning from magnetic stripe cards, scratch cards up to governmental \u2013 ID cards like driving licenses and high tecnology RFID (proximity) cards.<\/p>\n\n\n\n<p>ABACICARD has been the pioneer and the leader manufacturer in Turkey in card manufacturing since its foundation in 1985. We are known as the first domestic manufacturer for the first driving license cards. When ABACICARD was founded, it was accepted as a evry successful enterprise for Turkey that a first native Turkish company would be able to manufacture all kinds of cards and paper tickets locally , in the world quality standards. Consequently, it did not take much for many of the large banks, associations, governmental establishments and similar important customers to receive \u201cfull solution\u201d services from ABACICARD<\/p>\n\n\n\n<p>In year 2000, we have been the first local scratch card manufacturer in Turkey. In the previous years the Turkish GSM companies did not prefer local supplier because of security vulnerabilities and in parallel with the potential problems. For the first time the TELSIM GSM Company started working with ABACICARD in Turkey. This cooperation has kept on going even when Vodafone bought the shares of TELSIM GSM Company.<\/p>\n\n\n\n<p>Today, with its 120 staff, ABACICARD\u2019s production capacity has reached to 700 million scratch cards per year. Most of the ATM Bank cards, all the paper highway tickets, the largest shopping centers\u2019 loyalty cards, most of the important universities\u2019 ID cards, many similar international and domestic cards are being manufactured by ABACICARD.&nbsp; So we have become the first adress of most of the customers whenn they need card solutions.<\/p>\n\n\n\n<p>Starting from paper transportation tickets, magnetic stripe cards, loyalty card solutions personalization and mailing services, ABACICARD is ready to serve for turn-key solutions.<\/p>\n\n\n\n<p>ABACICARD is in every step of card services.<\/p>\n\n\n\n<p>\u2022\u00a0<a href=\"\/en\/entegre-yonetim-sistemi-politikamiz\/\">Entegre Y\u00f6netim Sistemi Politikam\u0131z<\/a><br>\u2022\u00a0<a href=\"\/en\/kvk-politikalarimiz\/l\">KVK Politikalar\u0131m\u0131z<\/a><\/p>\n","protected":false},"excerpt":{"rendered":"<p>ABACICARD is a plastic and scratch card producer in Turkey since 1985.&nbsp; We are proud to be the market leader as the first and the largest card manufacturer, thanks to our factory plant in Istanbul. We are serving our 1200 customers with cutting edge technologies.&nbsp; ABACICARD has one manufacturing plant in Istanbul and sales offices&hellip;&nbsp;<a href=\"https:\/\/www.abacicard.com\/en\/corporate\/\" rel=\"bookmark\">Read More &raquo;<span class=\"screen-reader-text\">Corporate<\/span><\/a><\/p>\n","protected":false},"author":1,"featured_media":0,"parent":0,"menu_order":0,"comment_status":"closed","ping_status":"closed","template":"","meta":{"_uf_show_specific_survey":0,"_uf_disable_surveys":false,"neve_meta_sidebar":"","neve_meta_container":"","neve_meta_enable_content_width":"","neve_meta_content_width":0,"neve_meta_title_alignment":"","neve_meta_author_avatar":"","neve_post_elements_order":"","neve_meta_disable_header":"","neve_meta_disable_footer":"","neve_meta_disable_title":"","neve_meta_reading_time":"","_themeisle_gutenberg_block_has_review":false,"footnotes":""},"class_list":["post-1796","page","type-page","status-publish","hentry"],"yoast_head":"<!-- This site is optimized with the Yoast SEO plugin v27.1.1 - https:\/\/yoast.com\/product\/yoast-seo-wordpress\/ -->\n<title>Corporate - Abaci Kart A.S. - The First and Largest Manufacturer of Plastic cards, RFID cards, Plastic Game cards, MIFARE cards, Proximit<\/title>\n<meta name=\"description\" content=\"Abaci Kart A.S. - The First and Largest Manufacturer of Plastic cards, RFID cards, Plastic Game cards, MIFARE cards, Proximit\" \/>\n<meta name=\"robots\" content=\"index, follow, max-snippet:-1, max-image-preview:large, max-video-preview:-1\" \/>\n<link rel=\"canonical\" href=\"https:\/\/www.abacicard.com\/en\/corporate\/\" \/>\n<meta property=\"og:locale\" content=\"en_GB\" \/>\n<meta property=\"og:type\" content=\"article\" \/>\n<meta property=\"og:title\" content=\"Corporate - Abaci Kart A.S. - The First and Largest Manufacturer of Plastic cards, RFID cards, Plastic Game cards, MIFARE cards, Proximit\" \/>\n<meta property=\"og:description\" content=\"Abaci Kart A.S. - The First and Largest Manufacturer of Plastic cards, RFID cards, Plastic Game cards, MIFARE cards, Proximit\" \/>\n<meta property=\"og:url\" content=\"https:\/\/www.abacicard.com\/en\/corporate\/\" \/>\n<meta property=\"og:site_name\" content=\"Abaci Kart A.S. - The First and Largest Manufacturer of Plastic cards, RFID cards, Plastic Game cards, MIFARE cards, Proximit\" \/>\n<meta property=\"article:publisher\" content=\"https:\/\/www.facebook.com\/abacicard\" \/>\n<meta property=\"article:modified_time\" content=\"2025-02-03T09:02:31+00:00\" \/>\n<meta property=\"og:image\" content=\"https:\/\/www.abacicard.com\/en\/wp-content\/uploads\/2025\/01\/35thyear.jpg\" \/>\n\t<meta property=\"og:image:width\" content=\"1000\" \/>\n\t<meta property=\"og:image:height\" content=\"366\" \/>\n\t<meta property=\"og:image:type\" content=\"image\/jpeg\" \/>\n<meta name=\"twitter:card\" content=\"summary_large_image\" \/>\n<meta name=\"twitter:site\" content=\"@abacicard\" \/>\n<meta name=\"twitter:label1\" content=\"Estimated reading time\" \/>\n\t<meta name=\"twitter:data1\" content=\"2 minutes\" \/>\n<script type=\"application\/ld+json\" class=\"yoast-schema-graph\">{\"@context\":\"https:\/\/schema.org\",\"@graph\":[{\"@type\":\"WebPage\",\"@id\":\"https:\/\/www.abacicard.com\/en\/corporate\/\",\"url\":\"https:\/\/www.abacicard.com\/en\/corporate\/\",\"name\":\"Corporate - Abaci Kart A.S. - The First and Largest Manufacturer of Plastic cards, RFID cards, Plastic Game cards, MIFARE cards, Proximit\",\"isPartOf\":{\"@id\":\"https:\/\/www.abacicard.com\/en\/#website\"},\"primaryImageOfPage\":{\"@id\":\"https:\/\/www.abacicard.com\/en\/corporate\/#primaryimage\"},\"image\":{\"@id\":\"https:\/\/www.abacicard.com\/en\/corporate\/#primaryimage\"},\"thumbnailUrl\":\"https:\/\/www.abacicard.com\/en\/wp-content\/uploads\/2025\/01\/35thyear.jpg\",\"datePublished\":\"2025-01-27T06:44:56+00:00\",\"dateModified\":\"2025-02-03T09:02:31+00:00\",\"description\":\"Abaci Kart A.S. - The First and Largest Manufacturer of Plastic cards, RFID cards, Plastic Game cards, MIFARE cards, Proximit\",\"breadcrumb\":{\"@id\":\"https:\/\/www.abacicard.com\/en\/corporate\/#breadcrumb\"},\"inLanguage\":\"en-GB\",\"potentialAction\":[{\"@type\":\"ReadAction\",\"target\":[\"https:\/\/www.abacicard.com\/en\/corporate\/\"]}]},{\"@type\":\"ImageObject\",\"inLanguage\":\"en-GB\",\"@id\":\"https:\/\/www.abacicard.com\/en\/corporate\/#primaryimage\",\"url\":\"https:\/\/www.abacicard.com\/en\/wp-content\/uploads\/2025\/01\/35thyear.jpg\",\"contentUrl\":\"https:\/\/www.abacicard.com\/en\/wp-content\/uploads\/2025\/01\/35thyear.jpg\",\"width\":1000,\"height\":366},{\"@type\":\"BreadcrumbList\",\"@id\":\"https:\/\/www.abacicard.com\/en\/corporate\/#breadcrumb\",\"itemListElement\":[{\"@type\":\"ListItem\",\"position\":1,\"name\":\"Anasayfa\",\"item\":\"https:\/\/www.abacicard.com\/en\/\"},{\"@type\":\"ListItem\",\"position\":2,\"name\":\"Corporate\"}]},{\"@type\":\"WebSite\",\"@id\":\"https:\/\/www.abacicard.com\/en\/#website\",\"url\":\"https:\/\/www.abacicard.com\/en\/\",\"name\":\"Abaci Kart A.S. - The First and Largest Manufacturer of Plastic cards, RFID cards, Plastic Game cards, MIFARE cards, Proximit\",\"description\":\"Y\u0131llar\u0131n Deneyimiyle G\u00fc\u00e7lu ve Karal\u0131\",\"publisher\":{\"@id\":\"https:\/\/www.abacicard.com\/en\/#organization\"},\"alternateName\":\"Abaci Kart A.S. - The First and Largest Manufacturer of Plastic cards, RFID cards, Plastic Game cards, MIFARE cards, Proximit\",\"potentialAction\":[{\"@type\":\"SearchAction\",\"target\":{\"@type\":\"EntryPoint\",\"urlTemplate\":\"https:\/\/www.abacicard.com\/en\/?s={search_term_string}\"},\"query-input\":{\"@type\":\"PropertyValueSpecification\",\"valueRequired\":true,\"valueName\":\"search_term_string\"}}],\"inLanguage\":\"en-GB\"},{\"@type\":\"Organization\",\"@id\":\"https:\/\/www.abacicard.com\/en\/#organization\",\"name\":\"Abaci Kart A.S.\",\"alternateName\":\"Abaci Kart A.S. - The First and Largest Manufacturer of Plastic cards, RFID cards, Plastic Game cards, MIFARE cards, Proximit\",\"url\":\"https:\/\/www.abacicard.com\/en\/\",\"logo\":{\"@type\":\"ImageObject\",\"inLanguage\":\"en-GB\",\"@id\":\"https:\/\/www.abacicard.com\/en\/#\/schema\/logo\/image\/\",\"url\":\"https:\/\/www.abacicard.com\/en\/wp-content\/uploads\/2025\/01\/favicon.png\",\"contentUrl\":\"https:\/\/www.abacicard.com\/en\/wp-content\/uploads\/2025\/01\/favicon.png\",\"width\":32,\"height\":32,\"caption\":\"Abaci Kart A.S.\"},\"image\":{\"@id\":\"https:\/\/www.abacicard.com\/en\/#\/schema\/logo\/image\/\"},\"sameAs\":[\"https:\/\/www.facebook.com\/abacicard\",\"https:\/\/x.com\/abacicard\",\"https:\/\/www.youtube.com\/channel\/UC09DwyAe-UeSqT71ZOvtb5g\",\"https:\/\/www.instagram.com\/abacicards\/\",\"https:\/\/www.linkedin.com\/company\/10275826\/\"]}]}<\/script>\n<!-- \/ Yoast SEO plugin. -->","yoast_head_json":{"title":"Corporate - Abaci Kart A.S. - The First and Largest Manufacturer of Plastic cards, RFID cards, Plastic Game cards, MIFARE cards, Proximit","description":"Abaci Kart A.S. - The First and Largest Manufacturer of Plastic cards, RFID cards, Plastic Game cards, MIFARE cards, Proximit","robots":{"index":"index","follow":"follow","max-snippet":"max-snippet:-1","max-image-preview":"max-image-preview:large","max-video-preview":"max-video-preview:-1"},"canonical":"https:\/\/www.abacicard.com\/en\/corporate\/","og_locale":"en_GB","og_type":"article","og_title":"Corporate - Abaci Kart A.S. - The First and Largest Manufacturer of Plastic cards, RFID cards, Plastic Game cards, MIFARE cards, Proximit","og_description":"Abaci Kart A.S. - The First and Largest Manufacturer of Plastic cards, RFID cards, Plastic Game cards, MIFARE cards, Proximit","og_url":"https:\/\/www.abacicard.com\/en\/corporate\/","og_site_name":"Abaci Kart A.S. - The First and Largest Manufacturer of Plastic cards, RFID cards, Plastic Game cards, MIFARE cards, Proximit","article_publisher":"https:\/\/www.facebook.com\/abacicard","article_modified_time":"2025-02-03T09:02:31+00:00","og_image":[{"width":1000,"height":366,"url":"https:\/\/www.abacicard.com\/en\/wp-content\/uploads\/2025\/01\/35thyear.jpg","type":"image\/jpeg"}],"twitter_card":"summary_large_image","twitter_site":"@abacicard","twitter_misc":{"Estimated reading time":"2 minutes"},"schema":{"@context":"https:\/\/schema.org","@graph":[{"@type":"WebPage","@id":"https:\/\/www.abacicard.com\/en\/corporate\/","url":"https:\/\/www.abacicard.com\/en\/corporate\/","name":"Corporate - Abaci Kart A.S. - The First and Largest Manufacturer of Plastic cards, RFID cards, Plastic Game cards, MIFARE cards, Proximit","isPartOf":{"@id":"https:\/\/www.abacicard.com\/en\/#website"},"primaryImageOfPage":{"@id":"https:\/\/www.abacicard.com\/en\/corporate\/#primaryimage"},"image":{"@id":"https:\/\/www.abacicard.com\/en\/corporate\/#primaryimage"},"thumbnailUrl":"https:\/\/www.abacicard.com\/en\/wp-content\/uploads\/2025\/01\/35thyear.jpg","datePublished":"2025-01-27T06:44:56+00:00","dateModified":"2025-02-03T09:02:31+00:00","description":"Abaci Kart A.S. - The First and Largest Manufacturer of Plastic cards, RFID cards, Plastic Game cards, MIFARE cards, Proximit","breadcrumb":{"@id":"https:\/\/www.abacicard.com\/en\/corporate\/#breadcrumb"},"inLanguage":"en-GB","potentialAction":[{"@type":"ReadAction","target":["https:\/\/www.abacicard.com\/en\/corporate\/"]}]},{"@type":"ImageObject","inLanguage":"en-GB","@id":"https:\/\/www.abacicard.com\/en\/corporate\/#primaryimage","url":"https:\/\/www.abacicard.com\/en\/wp-content\/uploads\/2025\/01\/35thyear.jpg","contentUrl":"https:\/\/www.abacicard.com\/en\/wp-content\/uploads\/2025\/01\/35thyear.jpg","width":1000,"height":366},{"@type":"BreadcrumbList","@id":"https:\/\/www.abacicard.com\/en\/corporate\/#breadcrumb","itemListElement":[{"@type":"ListItem","position":1,"name":"Anasayfa","item":"https:\/\/www.abacicard.com\/en\/"},{"@type":"ListItem","position":2,"name":"Corporate"}]},{"@type":"WebSite","@id":"https:\/\/www.abacicard.com\/en\/#website","url":"https:\/\/www.abacicard.com\/en\/","name":"Abaci Kart A.S. - The First and Largest Manufacturer of Plastic cards, RFID cards, Plastic Game cards, MIFARE cards, Proximit","description":"Y\u0131llar\u0131n Deneyimiyle G\u00fc\u00e7lu ve Karal\u0131","publisher":{"@id":"https:\/\/www.abacicard.com\/en\/#organization"},"alternateName":"Abaci Kart A.S. - The First and Largest Manufacturer of Plastic cards, RFID cards, Plastic Game cards, MIFARE cards, Proximit","potentialAction":[{"@type":"SearchAction","target":{"@type":"EntryPoint","urlTemplate":"https:\/\/www.abacicard.com\/en\/?s={search_term_string}"},"query-input":{"@type":"PropertyValueSpecification","valueRequired":true,"valueName":"search_term_string"}}],"inLanguage":"en-GB"},{"@type":"Organization","@id":"https:\/\/www.abacicard.com\/en\/#organization","name":"Abaci Kart A.S.","alternateName":"Abaci Kart A.S. - The First and Largest Manufacturer of Plastic cards, RFID cards, Plastic Game cards, MIFARE cards, Proximit","url":"https:\/\/www.abacicard.com\/en\/","logo":{"@type":"ImageObject","inLanguage":"en-GB","@id":"https:\/\/www.abacicard.com\/en\/#\/schema\/logo\/image\/","url":"https:\/\/www.abacicard.com\/en\/wp-content\/uploads\/2025\/01\/favicon.png","contentUrl":"https:\/\/www.abacicard.com\/en\/wp-content\/uploads\/2025\/01\/favicon.png","width":32,"height":32,"caption":"Abaci Kart A.S."},"image":{"@id":"https:\/\/www.abacicard.com\/en\/#\/schema\/logo\/image\/"},"sameAs":["https:\/\/www.facebook.com\/abacicard","https:\/\/x.com\/abacicard","https:\/\/www.youtube.com\/channel\/UC09DwyAe-UeSqT71ZOvtb5g","https:\/\/www.instagram.com\/abacicards\/","https:\/\/www.linkedin.com\/company\/10275826\/"]}]}},"_links":{"self":[{"href":"https:\/\/www.abacicard.com\/en\/wp-json\/wp\/v2\/pages\/1796","targetHints":{"allow":["GET"]}}],"collection":[{"href":"https:\/\/www.abacicard.com\/en\/wp-json\/wp\/v2\/pages"}],"about":[{"href":"https:\/\/www.abacicard.com\/en\/wp-json\/wp\/v2\/types\/page"}],"author":[{"embeddable":true,"href":"https:\/\/www.abacicard.com\/en\/wp-json\/wp\/v2\/users\/1"}],"replies":[{"embeddable":true,"href":"https:\/\/www.abacicard.com\/en\/wp-json\/wp\/v2\/comments?post=1796"}],"version-history":[{"count":3,"href":"https:\/\/www.abacicard.com\/en\/wp-json\/wp\/v2\/pages\/1796\/revisions"}],"predecessor-version":[{"id":2035,"href":"https:\/\/www.abacicard.com\/en\/wp-json\/wp\/v2\/pages\/1796\/revisions\/2035"}],"wp:attachment":[{"href":"https:\/\/www.abacicard.com\/en\/wp-json\/wp\/v2\/media?parent=1796"}],"curies":[{"name":"wp","href":"https:\/\/api.w.org\/{rel}","templated":true}]}}