{"id":1401,"date":"2024-12-11T08:34:21","date_gmt":"2024-12-11T08:34:21","guid":{"rendered":"https:\/\/www.abacicard.com\/en\/?page_id=1401"},"modified":"2025-06-26T17:35:28","modified_gmt":"2025-06-26T17:35:28","slug":"shopping-and-loyalty-cards","status":"publish","type":"page","link":"https:\/\/www.abacicard.com\/en\/shopping-and-loyalty-cards\/","title":{"rendered":"Shopping and Loyalty Cards"},"content":{"rendered":"\n<div class=\"wp-block-columns is-layout-flex wp-container-core-columns-is-layout-9d6595d7 wp-block-columns-is-layout-flex\">\n<div class=\"wp-block-column is-layout-flow wp-block-column-is-layout-flow\">\n<figure class=\"wp-block-image size-full\"><img loading=\"lazy\" decoding=\"async\" width=\"1000\" height=\"504\" src=\"https:\/\/www.abacicard.com\/en\/wp-content\/uploads\/2025\/06\/hediye-ve-promosyon-kartlari-1.png\" alt=\"\" class=\"wp-image-2049\" srcset=\"https:\/\/www.abacicard.com\/en\/wp-content\/uploads\/2025\/06\/hediye-ve-promosyon-kartlari-1.png 1000w, https:\/\/www.abacicard.com\/en\/wp-content\/uploads\/2025\/06\/hediye-ve-promosyon-kartlari-1-300x151.png 300w, https:\/\/www.abacicard.com\/en\/wp-content\/uploads\/2025\/06\/hediye-ve-promosyon-kartlari-1-768x387.png 768w\" sizes=\"auto, (max-width: 1000px) 100vw, 1000px\" \/><\/figure>\n<\/div>\n<\/div>\n\n\n\n<p><\/p>\n","protected":false},"excerpt":{"rendered":"","protected":false},"author":1,"featured_media":0,"parent":0,"menu_order":0,"comment_status":"closed","ping_status":"closed","template":"","meta":{"_uf_show_specific_survey":0,"_uf_disable_surveys":false,"neve_meta_sidebar":"","neve_meta_container":"","neve_meta_enable_content_width":"","neve_meta_content_width":0,"neve_meta_title_alignment":"","neve_meta_author_avatar":"","neve_post_elements_order":"","neve_meta_disable_header":"","neve_meta_disable_footer":"","neve_meta_disable_title":"","neve_meta_reading_time":"","_themeisle_gutenberg_block_has_review":false,"footnotes":""},"class_list":["post-1401","page","type-page","status-publish","hentry"],"yoast_head":"<!-- This site is optimized with the Yoast SEO plugin v27.1.1 - https:\/\/yoast.com\/product\/yoast-seo-wordpress\/ -->\n<title>Shopping and Loyalty Cards - Abaci Kart A.S. - The First and Largest Manufacturer of Plastic cards, RFID cards, Plastic Game cards, MIFARE cards, Proximit<\/title>\n<meta name=\"description\" content=\"MONEY ClubBrooks BrotiBP ClubIKEAA\u0130LEClubFOREVETOYOTASunPoints OrangegratisTWIS\" \/>\n<meta name=\"robots\" content=\"index, follow, max-snippet:-1, max-image-preview:large, max-video-preview:-1\" \/>\n<link rel=\"canonical\" href=\"https:\/\/www.abacicard.com\/en\/shopping-and-loyalty-cards\/\" \/>\n<meta property=\"og:locale\" content=\"en_GB\" \/>\n<meta property=\"og:type\" content=\"article\" \/>\n<meta property=\"og:title\" content=\"Shopping and Loyalty Cards - Abaci Kart A.S. - The First and Largest Manufacturer of Plastic cards, RFID cards, Plastic Game cards, MIFARE cards, Proximit\" \/>\n<meta property=\"og:description\" content=\"MONEY ClubBrooks BrotiBP ClubIKEAA\u0130LEClubFOREVETOYOTASunPoints OrangegratisTWIS\" \/>\n<meta property=\"og:url\" content=\"https:\/\/www.abacicard.com\/en\/shopping-and-loyalty-cards\/\" \/>\n<meta property=\"og:site_name\" content=\"Abaci Kart A.S. - The First and Largest Manufacturer of Plastic cards, RFID cards, Plastic Game cards, MIFARE cards, Proximit\" \/>\n<meta property=\"article:publisher\" content=\"https:\/\/www.facebook.com\/abacicard\" \/>\n<meta property=\"article:modified_time\" content=\"2025-06-26T17:35:28+00:00\" \/>\n<meta property=\"og:image\" content=\"https:\/\/www.abacicard.com\/en\/wp-content\/uploads\/2025\/06\/hediye-ve-promosyon-kartlari-1.png\" \/>\n\t<meta property=\"og:image:width\" content=\"1000\" \/>\n\t<meta property=\"og:image:height\" content=\"504\" \/>\n\t<meta property=\"og:image:type\" content=\"image\/png\" \/>\n<meta name=\"twitter:card\" content=\"summary_large_image\" \/>\n<meta name=\"twitter:site\" content=\"@abacicard\" \/>\n<meta name=\"twitter:label1\" content=\"Estimated reading time\" \/>\n\t<meta name=\"twitter:data1\" content=\"1 minute\" \/>\n<script type=\"application\/ld+json\" class=\"yoast-schema-graph\">{\"@context\":\"https:\/\/schema.org\",\"@graph\":[{\"@type\":\"WebPage\",\"@id\":\"https:\/\/www.abacicard.com\/en\/shopping-and-loyalty-cards\/\",\"url\":\"https:\/\/www.abacicard.com\/en\/shopping-and-loyalty-cards\/\",\"name\":\"Shopping and Loyalty Cards - Abaci Kart A.S. - The First and Largest Manufacturer of Plastic cards, RFID cards, Plastic Game cards, MIFARE cards, Proximit\",\"isPartOf\":{\"@id\":\"https:\/\/www.abacicard.com\/en\/#website\"},\"primaryImageOfPage\":{\"@id\":\"https:\/\/www.abacicard.com\/en\/shopping-and-loyalty-cards\/#primaryimage\"},\"image\":{\"@id\":\"https:\/\/www.abacicard.com\/en\/shopping-and-loyalty-cards\/#primaryimage\"},\"thumbnailUrl\":\"https:\/\/www.abacicard.com\/en\/wp-content\/uploads\/2025\/06\/hediye-ve-promosyon-kartlari-1.png\",\"datePublished\":\"2024-12-11T08:34:21+00:00\",\"dateModified\":\"2025-06-26T17:35:28+00:00\",\"description\":\"MONEY ClubBrooks BrotiBP ClubIKEAA\u0130LEClubFOREVETOYOTASunPoints OrangegratisTWIS\",\"breadcrumb\":{\"@id\":\"https:\/\/www.abacicard.com\/en\/shopping-and-loyalty-cards\/#breadcrumb\"},\"inLanguage\":\"en-GB\",\"potentialAction\":[{\"@type\":\"ReadAction\",\"target\":[\"https:\/\/www.abacicard.com\/en\/shopping-and-loyalty-cards\/\"]}]},{\"@type\":\"ImageObject\",\"inLanguage\":\"en-GB\",\"@id\":\"https:\/\/www.abacicard.com\/en\/shopping-and-loyalty-cards\/#primaryimage\",\"url\":\"https:\/\/www.abacicard.com\/en\/wp-content\/uploads\/2025\/06\/hediye-ve-promosyon-kartlari-1.png\",\"contentUrl\":\"https:\/\/www.abacicard.com\/en\/wp-content\/uploads\/2025\/06\/hediye-ve-promosyon-kartlari-1.png\",\"width\":1000,\"height\":504},{\"@type\":\"BreadcrumbList\",\"@id\":\"https:\/\/www.abacicard.com\/en\/shopping-and-loyalty-cards\/#breadcrumb\",\"itemListElement\":[{\"@type\":\"ListItem\",\"position\":1,\"name\":\"Anasayfa\",\"item\":\"https:\/\/www.abacicard.com\/en\/\"},{\"@type\":\"ListItem\",\"position\":2,\"name\":\"Shopping and Loyalty Cards\"}]},{\"@type\":\"WebSite\",\"@id\":\"https:\/\/www.abacicard.com\/en\/#website\",\"url\":\"https:\/\/www.abacicard.com\/en\/\",\"name\":\"Abaci Kart A.S. - The First and Largest Manufacturer of Plastic cards, RFID cards, Plastic Game cards, MIFARE cards, Proximit\",\"description\":\"Y\u0131llar\u0131n Deneyimiyle G\u00fc\u00e7lu ve Karal\u0131\",\"publisher\":{\"@id\":\"https:\/\/www.abacicard.com\/en\/#organization\"},\"alternateName\":\"Abaci Kart A.S. - The First and Largest Manufacturer of Plastic cards, RFID cards, Plastic Game cards, MIFARE cards, Proximit\",\"potentialAction\":[{\"@type\":\"SearchAction\",\"target\":{\"@type\":\"EntryPoint\",\"urlTemplate\":\"https:\/\/www.abacicard.com\/en\/?s={search_term_string}\"},\"query-input\":{\"@type\":\"PropertyValueSpecification\",\"valueRequired\":true,\"valueName\":\"search_term_string\"}}],\"inLanguage\":\"en-GB\"},{\"@type\":\"Organization\",\"@id\":\"https:\/\/www.abacicard.com\/en\/#organization\",\"name\":\"Abaci Kart A.S.\",\"alternateName\":\"Abaci Kart A.S. - The First and Largest Manufacturer of Plastic cards, RFID cards, Plastic Game cards, MIFARE cards, Proximit\",\"url\":\"https:\/\/www.abacicard.com\/en\/\",\"logo\":{\"@type\":\"ImageObject\",\"inLanguage\":\"en-GB\",\"@id\":\"https:\/\/www.abacicard.com\/en\/#\/schema\/logo\/image\/\",\"url\":\"https:\/\/www.abacicard.com\/en\/wp-content\/uploads\/2025\/01\/favicon.png\",\"contentUrl\":\"https:\/\/www.abacicard.com\/en\/wp-content\/uploads\/2025\/01\/favicon.png\",\"width\":32,\"height\":32,\"caption\":\"Abaci Kart A.S.\"},\"image\":{\"@id\":\"https:\/\/www.abacicard.com\/en\/#\/schema\/logo\/image\/\"},\"sameAs\":[\"https:\/\/www.facebook.com\/abacicard\",\"https:\/\/x.com\/abacicard\",\"https:\/\/www.youtube.com\/channel\/UC09DwyAe-UeSqT71ZOvtb5g\",\"https:\/\/www.instagram.com\/abacicards\/\",\"https:\/\/www.linkedin.com\/company\/10275826\/\"]}]}<\/script>\n<!-- \/ Yoast SEO plugin. -->","yoast_head_json":{"title":"Shopping and Loyalty Cards - Abaci Kart A.S. - The First and Largest Manufacturer of Plastic cards, RFID cards, Plastic Game cards, MIFARE cards, Proximit","description":"MONEY ClubBrooks BrotiBP ClubIKEAA\u0130LEClubFOREVETOYOTASunPoints OrangegratisTWIS","robots":{"index":"index","follow":"follow","max-snippet":"max-snippet:-1","max-image-preview":"max-image-preview:large","max-video-preview":"max-video-preview:-1"},"canonical":"https:\/\/www.abacicard.com\/en\/shopping-and-loyalty-cards\/","og_locale":"en_GB","og_type":"article","og_title":"Shopping and Loyalty Cards - Abaci Kart A.S. - The First and Largest Manufacturer of Plastic cards, RFID cards, Plastic Game cards, MIFARE cards, Proximit","og_description":"MONEY ClubBrooks BrotiBP ClubIKEAA\u0130LEClubFOREVETOYOTASunPoints OrangegratisTWIS","og_url":"https:\/\/www.abacicard.com\/en\/shopping-and-loyalty-cards\/","og_site_name":"Abaci Kart A.S. - The First and Largest Manufacturer of Plastic cards, RFID cards, Plastic Game cards, MIFARE cards, Proximit","article_publisher":"https:\/\/www.facebook.com\/abacicard","article_modified_time":"2025-06-26T17:35:28+00:00","og_image":[{"width":1000,"height":504,"url":"https:\/\/www.abacicard.com\/en\/wp-content\/uploads\/2025\/06\/hediye-ve-promosyon-kartlari-1.png","type":"image\/png"}],"twitter_card":"summary_large_image","twitter_site":"@abacicard","twitter_misc":{"Estimated reading time":"1 minute"},"schema":{"@context":"https:\/\/schema.org","@graph":[{"@type":"WebPage","@id":"https:\/\/www.abacicard.com\/en\/shopping-and-loyalty-cards\/","url":"https:\/\/www.abacicard.com\/en\/shopping-and-loyalty-cards\/","name":"Shopping and Loyalty Cards - Abaci Kart A.S. - The First and Largest Manufacturer of Plastic cards, RFID cards, Plastic Game cards, MIFARE cards, Proximit","isPartOf":{"@id":"https:\/\/www.abacicard.com\/en\/#website"},"primaryImageOfPage":{"@id":"https:\/\/www.abacicard.com\/en\/shopping-and-loyalty-cards\/#primaryimage"},"image":{"@id":"https:\/\/www.abacicard.com\/en\/shopping-and-loyalty-cards\/#primaryimage"},"thumbnailUrl":"https:\/\/www.abacicard.com\/en\/wp-content\/uploads\/2025\/06\/hediye-ve-promosyon-kartlari-1.png","datePublished":"2024-12-11T08:34:21+00:00","dateModified":"2025-06-26T17:35:28+00:00","description":"MONEY ClubBrooks BrotiBP ClubIKEAA\u0130LEClubFOREVETOYOTASunPoints OrangegratisTWIS","breadcrumb":{"@id":"https:\/\/www.abacicard.com\/en\/shopping-and-loyalty-cards\/#breadcrumb"},"inLanguage":"en-GB","potentialAction":[{"@type":"ReadAction","target":["https:\/\/www.abacicard.com\/en\/shopping-and-loyalty-cards\/"]}]},{"@type":"ImageObject","inLanguage":"en-GB","@id":"https:\/\/www.abacicard.com\/en\/shopping-and-loyalty-cards\/#primaryimage","url":"https:\/\/www.abacicard.com\/en\/wp-content\/uploads\/2025\/06\/hediye-ve-promosyon-kartlari-1.png","contentUrl":"https:\/\/www.abacicard.com\/en\/wp-content\/uploads\/2025\/06\/hediye-ve-promosyon-kartlari-1.png","width":1000,"height":504},{"@type":"BreadcrumbList","@id":"https:\/\/www.abacicard.com\/en\/shopping-and-loyalty-cards\/#breadcrumb","itemListElement":[{"@type":"ListItem","position":1,"name":"Anasayfa","item":"https:\/\/www.abacicard.com\/en\/"},{"@type":"ListItem","position":2,"name":"Shopping and Loyalty Cards"}]},{"@type":"WebSite","@id":"https:\/\/www.abacicard.com\/en\/#website","url":"https:\/\/www.abacicard.com\/en\/","name":"Abaci Kart A.S. - The First and Largest Manufacturer of Plastic cards, RFID cards, Plastic Game cards, MIFARE cards, Proximit","description":"Y\u0131llar\u0131n Deneyimiyle G\u00fc\u00e7lu ve Karal\u0131","publisher":{"@id":"https:\/\/www.abacicard.com\/en\/#organization"},"alternateName":"Abaci Kart A.S. - The First and Largest Manufacturer of Plastic cards, RFID cards, Plastic Game cards, MIFARE cards, Proximit","potentialAction":[{"@type":"SearchAction","target":{"@type":"EntryPoint","urlTemplate":"https:\/\/www.abacicard.com\/en\/?s={search_term_string}"},"query-input":{"@type":"PropertyValueSpecification","valueRequired":true,"valueName":"search_term_string"}}],"inLanguage":"en-GB"},{"@type":"Organization","@id":"https:\/\/www.abacicard.com\/en\/#organization","name":"Abaci Kart A.S.","alternateName":"Abaci Kart A.S. - The First and Largest Manufacturer of Plastic cards, RFID cards, Plastic Game cards, MIFARE cards, Proximit","url":"https:\/\/www.abacicard.com\/en\/","logo":{"@type":"ImageObject","inLanguage":"en-GB","@id":"https:\/\/www.abacicard.com\/en\/#\/schema\/logo\/image\/","url":"https:\/\/www.abacicard.com\/en\/wp-content\/uploads\/2025\/01\/favicon.png","contentUrl":"https:\/\/www.abacicard.com\/en\/wp-content\/uploads\/2025\/01\/favicon.png","width":32,"height":32,"caption":"Abaci Kart A.S."},"image":{"@id":"https:\/\/www.abacicard.com\/en\/#\/schema\/logo\/image\/"},"sameAs":["https:\/\/www.facebook.com\/abacicard","https:\/\/x.com\/abacicard","https:\/\/www.youtube.com\/channel\/UC09DwyAe-UeSqT71ZOvtb5g","https:\/\/www.instagram.com\/abacicards\/","https:\/\/www.linkedin.com\/company\/10275826\/"]}]}},"_links":{"self":[{"href":"https:\/\/www.abacicard.com\/en\/wp-json\/wp\/v2\/pages\/1401","targetHints":{"allow":["GET"]}}],"collection":[{"href":"https:\/\/www.abacicard.com\/en\/wp-json\/wp\/v2\/pages"}],"about":[{"href":"https:\/\/www.abacicard.com\/en\/wp-json\/wp\/v2\/types\/page"}],"author":[{"embeddable":true,"href":"https:\/\/www.abacicard.com\/en\/wp-json\/wp\/v2\/users\/1"}],"replies":[{"embeddable":true,"href":"https:\/\/www.abacicard.com\/en\/wp-json\/wp\/v2\/comments?post=1401"}],"version-history":[{"count":6,"href":"https:\/\/www.abacicard.com\/en\/wp-json\/wp\/v2\/pages\/1401\/revisions"}],"predecessor-version":[{"id":2053,"href":"https:\/\/www.abacicard.com\/en\/wp-json\/wp\/v2\/pages\/1401\/revisions\/2053"}],"wp:attachment":[{"href":"https:\/\/www.abacicard.com\/en\/wp-json\/wp\/v2\/media?parent=1401"}],"curies":[{"name":"wp","href":"https:\/\/api.w.org\/{rel}","templated":true}]}}