{"id":1955,"date":"2025-01-28T13:01:16","date_gmt":"2025-01-28T13:01:16","guid":{"rendered":"http:\/\/www.abacicard.com\/tr\/?page_id=1955"},"modified":"2025-06-27T05:56:54","modified_gmt":"2025-06-27T05:56:54","slug":"rfid-wristbands","status":"publish","type":"page","link":"http:\/\/www.abacicard.com\/tr\/rfid-wristbands\/","title":{"rendered":"RFID Bileklikler"},"content":{"rendered":"\n<p>RFID Wristbands<\/p>\n\n\n\n<figure class=\"wp-block-image alignwide size-full\"><img loading=\"lazy\" decoding=\"async\" width=\"1000\" height=\"504\" src=\"http:\/\/www.abacicard.com\/tr\/wp-content\/uploads\/2025\/01\/rfid-bileklik.png\" alt=\"\" class=\"wp-image-1956\" srcset=\"http:\/\/www.abacicard.com\/tr\/wp-content\/uploads\/2025\/01\/rfid-bileklik.png 1000w, http:\/\/www.abacicard.com\/tr\/wp-content\/uploads\/2025\/01\/rfid-bileklik-300x151.png 300w, http:\/\/www.abacicard.com\/tr\/wp-content\/uploads\/2025\/01\/rfid-bileklik-768x387.png 768w\" sizes=\"auto, (max-width: 1000px) 100vw, 1000px\" \/><\/figure>\n\n\n\n<p><\/p>\n\n\n\n<p>Tek kullan\u0131m \u00f6zelli\u011fine sahip olan&nbsp;<strong>Plastik RFID&nbsp;Bileklikler<\/strong>&nbsp;d\u0131\u015f etkenlerden zarar g\u00f6rmeyen yap\u0131s\u0131 ile zor ko\u015fullarda dahi veri al\u0131\u015fveri\u015fi yap\u0131lmas\u0131n\u0131 sa\u011flar. Mikroi\u015flemci \u00f6zenle&nbsp;<strong>RFID<\/strong>&nbsp;<strong>Bileklik<\/strong>&nbsp;i\u00e7ine yerle\u015ftirilir ve bu sayede sudan ve d\u0131\u015f etkenlerden etkilenmez.<\/p>\n\n\n\n<p><strong>Plastik Rfid Ak\u0131ll\u0131 Bileklikler<\/strong>&nbsp;okuyucuya temas ettirilmeden, sadece yakla\u015ft\u0131r\u0131larak kolay bir \u015fekilde okutulur. Bu sayede kullan\u0131c\u0131ya kolayl\u0131k sa\u011flar.<\/p>\n\n\n\n<p>RFID Bileklik Kol Band\u0131; g\u00fcn\u00fcm\u00fcz teknolojileri s\u00fcrekli de\u011fi\u015fim g\u00f6stermektedir. Piyasaya yeni \u00e7\u0131kan \u00c7ipli bileklikler sayesinde bir \u00e7ok alandan rahatl\u0131k sa\u011fl\u0131yor. \u00c7ipli bileklikleler; al\u0131\u015fveri\u015flerde, otoparklarda, giri\u015f ve \u00e7\u0131k\u0131\u015flarda vb alanlarda kullan\u0131m\u0131 yayg\u0131nla\u015f\u0131yor. Avantajlar\u0131 h\u0131zl\u0131 ve pratik olmas\u0131. \u0130steklere an\u0131nda cevap vermesidir. Konser ve organizasyonlarda konser bilekli\u011fi ve organizasyon bilekli\u011finin \u00e7ipli kullan\u0131m\u0131 art\u0131yor.<\/p>\n\n\n\n<p><strong>Silikon RFID Bileklikler<\/strong>&nbsp;y\u00fcksek g\u00fcvenlikli turnike ge\u00e7i\u015f sistemlerinde, kimlik bilgileri ve ak\u0131ll\u0131 c\u00fczdan olarak kullan\u0131lmaktad\u0131r. Daha bir \u00e7ok alanda kullan\u0131m kolayl\u0131\u011f\u0131 sa\u011flayan&nbsp;<strong>Silikon RFID Bileklikler<\/strong>&nbsp;olduk\u00e7a dayan\u0131kl\u0131d\u0131rlar.<\/p>\n\n\n\n<p>Kullan\u0131m Alanlar\u0131: Organizasyon ve Aktiviteler, E\u011flence Merkezleri, Oyun Alanlar\u0131, \u00d6deme Sistemleri kullan\u0131lan etkinlik alanlar\u0131, Oteller vb.<\/p>\n\n\n\n<p>Bask\u0131 Tipleri: Serigraf Bask\u0131<\/p>\n\n\n\n<p>RFID Bileklik Chip \u00c7e\u015fitleri:<br>Proximity: EM4200, EM4550, Hitag 1 vb.<\/p>\n","protected":false},"excerpt":{"rendered":"<p>RFID Wristbands Tek kullan\u0131m \u00f6zelli\u011fine sahip olan&nbsp;Plastik RFID&nbsp;Bileklikler&nbsp;d\u0131\u015f etkenlerden zarar g\u00f6rmeyen yap\u0131s\u0131 ile zor ko\u015fullarda dahi veri al\u0131\u015fveri\u015fi yap\u0131lmas\u0131n\u0131 sa\u011flar. Mikroi\u015flemci \u00f6zenle&nbsp;RFID&nbsp;Bileklik&nbsp;i\u00e7ine yerle\u015ftirilir ve bu sayede sudan ve d\u0131\u015f etkenlerden etkilenmez. Plastik Rfid Ak\u0131ll\u0131 Bileklikler&nbsp;okuyucuya temas ettirilmeden, sadece yakla\u015ft\u0131r\u0131larak kolay bir \u015fekilde okutulur. Bu sayede kullan\u0131c\u0131ya kolayl\u0131k sa\u011flar. RFID Bileklik Kol Band\u0131; g\u00fcn\u00fcm\u00fcz teknolojileri s\u00fcrekli&hellip;&nbsp;<a href=\"http:\/\/www.abacicard.com\/tr\/rfid-wristbands\/\" rel=\"bookmark\">Read More &raquo;<span class=\"screen-reader-text\">RFID Bileklikler<\/span><\/a><\/p>\n","protected":false},"author":1,"featured_media":0,"parent":0,"menu_order":0,"comment_status":"closed","ping_status":"closed","template":"","meta":{"_uf_show_specific_survey":0,"_uf_disable_surveys":false,"neve_meta_sidebar":"","neve_meta_container":"","neve_meta_enable_content_width":"","neve_meta_content_width":0,"neve_meta_title_alignment":"","neve_meta_author_avatar":"","neve_post_elements_order":"","neve_meta_disable_header":"","neve_meta_disable_footer":"","neve_meta_disable_title":"","neve_meta_reading_time":"","_themeisle_gutenberg_block_has_review":false,"footnotes":""},"class_list":["post-1955","page","type-page","status-publish","hentry"],"yoast_head":"<!-- This site is optimized with the Yoast SEO plugin v25.9 - https:\/\/yoast.com\/wordpress\/plugins\/seo\/ -->\n<title>RFID Bileklikler - Abac\u0131 Kart A.\u015e. - T\u00fcrkiye&#039;nin ilk ve en b\u00fcy\u00fck Plastik kart, RFID kart, Plastik Oyun kart\u0131, MIFARE kart, Proximity<\/title>\n<meta name=\"description\" content=\"Abaci Kart A.S. - The First and Largest Manufacturer of Plastic cards, RFID cards, Plastic Game cards, MIFARE cards, Proximit\" \/>\n<meta name=\"robots\" content=\"index, follow, max-snippet:-1, max-image-preview:large, max-video-preview:-1\" \/>\n<link rel=\"canonical\" href=\"http:\/\/www.abacicard.com\/tr\/rfid-wristbands\/\" \/>\n<meta property=\"og:locale\" content=\"tr_TR\" \/>\n<meta property=\"og:type\" content=\"article\" \/>\n<meta property=\"og:title\" content=\"RFID Bileklikler - Abac\u0131 Kart A.\u015e. - T\u00fcrkiye&#039;nin ilk ve en b\u00fcy\u00fck Plastik kart, RFID kart, Plastik Oyun kart\u0131, MIFARE kart, Proximity\" \/>\n<meta property=\"og:description\" content=\"Abaci Kart A.S. - The First and Largest Manufacturer of Plastic cards, RFID cards, Plastic Game cards, MIFARE cards, Proximit\" \/>\n<meta property=\"og:url\" content=\"http:\/\/www.abacicard.com\/tr\/rfid-wristbands\/\" \/>\n<meta property=\"og:site_name\" content=\"Abac\u0131 Kart A.\u015e. - T\u00fcrkiye&#039;nin ilk ve en b\u00fcy\u00fck Plastik kart, RFID kart, Plastik Oyun kart\u0131, MIFARE kart, Proximity\" \/>\n<meta property=\"article:publisher\" content=\"https:\/\/www.facebook.com\/abacicard\" \/>\n<meta property=\"article:modified_time\" content=\"2025-06-27T05:56:54+00:00\" \/>\n<meta property=\"og:image\" content=\"http:\/\/www.abacicard.com\/tr\/wp-content\/uploads\/2025\/01\/rfid-bileklik.png\" \/>\n<meta name=\"twitter:card\" content=\"summary_large_image\" \/>\n<meta name=\"twitter:site\" content=\"@abacicard\" \/>\n<meta name=\"twitter:label1\" content=\"Tahmini okuma s\u00fcresi\" \/>\n\t<meta name=\"twitter:data1\" content=\"2 dakika\" \/>\n<script type=\"application\/ld+json\" class=\"yoast-schema-graph\">{\"@context\":\"https:\/\/schema.org\",\"@graph\":[{\"@type\":\"WebPage\",\"@id\":\"http:\/\/www.abacicard.com\/tr\/rfid-wristbands\/\",\"url\":\"http:\/\/www.abacicard.com\/tr\/rfid-wristbands\/\",\"name\":\"RFID Bileklikler - Abac\u0131 Kart A.\u015e. - T\u00fcrkiye&#039;nin ilk ve en b\u00fcy\u00fck Plastik kart, RFID kart, Plastik Oyun kart\u0131, MIFARE kart, Proximity\",\"isPartOf\":{\"@id\":\"https:\/\/www.abacicard.com\/tr\/#website\"},\"primaryImageOfPage\":{\"@id\":\"http:\/\/www.abacicard.com\/tr\/rfid-wristbands\/#primaryimage\"},\"image\":{\"@id\":\"http:\/\/www.abacicard.com\/tr\/rfid-wristbands\/#primaryimage\"},\"thumbnailUrl\":\"http:\/\/www.abacicard.com\/tr\/wp-content\/uploads\/2025\/01\/rfid-bileklik.png\",\"datePublished\":\"2025-01-28T13:01:16+00:00\",\"dateModified\":\"2025-06-27T05:56:54+00:00\",\"description\":\"Abaci Kart A.S. - The First and Largest Manufacturer of Plastic cards, RFID cards, Plastic Game cards, MIFARE cards, Proximit\",\"breadcrumb\":{\"@id\":\"http:\/\/www.abacicard.com\/tr\/rfid-wristbands\/#breadcrumb\"},\"inLanguage\":\"tr\",\"potentialAction\":[{\"@type\":\"ReadAction\",\"target\":[\"http:\/\/www.abacicard.com\/tr\/rfid-wristbands\/\"]}]},{\"@type\":\"ImageObject\",\"inLanguage\":\"tr\",\"@id\":\"http:\/\/www.abacicard.com\/tr\/rfid-wristbands\/#primaryimage\",\"url\":\"http:\/\/www.abacicard.com\/tr\/wp-content\/uploads\/2025\/01\/rfid-bileklik.png\",\"contentUrl\":\"http:\/\/www.abacicard.com\/tr\/wp-content\/uploads\/2025\/01\/rfid-bileklik.png\",\"width\":1000,\"height\":504},{\"@type\":\"BreadcrumbList\",\"@id\":\"http:\/\/www.abacicard.com\/tr\/rfid-wristbands\/#breadcrumb\",\"itemListElement\":[{\"@type\":\"ListItem\",\"position\":1,\"name\":\"Anasayfa\",\"item\":\"https:\/\/www.abacicard.com\/tr\/\"},{\"@type\":\"ListItem\",\"position\":2,\"name\":\"RFID Bileklikler\"}]},{\"@type\":\"WebSite\",\"@id\":\"https:\/\/www.abacicard.com\/tr\/#website\",\"url\":\"https:\/\/www.abacicard.com\/tr\/\",\"name\":\"Abaci Kart A.S. - The First and Largest Manufacturer of Plastic cards, RFID cards, Plastic Game cards, MIFARE cards, Proximit\",\"description\":\"Y\u0131llar\u0131n Deneyimiyle G\u00fc\u00e7lu ve Karal\u0131\",\"publisher\":{\"@id\":\"https:\/\/www.abacicard.com\/tr\/#organization\"},\"alternateName\":\"Abaci Kart A.S. - The First and Largest Manufacturer of Plastic cards, RFID cards, Plastic Game cards, MIFARE cards, Proximit\",\"potentialAction\":[{\"@type\":\"SearchAction\",\"target\":{\"@type\":\"EntryPoint\",\"urlTemplate\":\"https:\/\/www.abacicard.com\/tr\/?s={search_term_string}\"},\"query-input\":{\"@type\":\"PropertyValueSpecification\",\"valueRequired\":true,\"valueName\":\"search_term_string\"}}],\"inLanguage\":\"tr\"},{\"@type\":\"Organization\",\"@id\":\"https:\/\/www.abacicard.com\/tr\/#organization\",\"name\":\"Abaci Kart A.S.\",\"alternateName\":\"Abaci Kart A.S. - The First and Largest Manufacturer of Plastic cards, RFID cards, Plastic Game cards, MIFARE cards, Proximit\",\"url\":\"https:\/\/www.abacicard.com\/tr\/\",\"logo\":{\"@type\":\"ImageObject\",\"inLanguage\":\"tr\",\"@id\":\"https:\/\/www.abacicard.com\/tr\/#\/schema\/logo\/image\/\",\"url\":\"http:\/\/www.abacicard.com\/tr\/wp-content\/uploads\/2025\/01\/favicon.png\",\"contentUrl\":\"http:\/\/www.abacicard.com\/tr\/wp-content\/uploads\/2025\/01\/favicon.png\",\"width\":32,\"height\":32,\"caption\":\"Abaci Kart A.S.\"},\"image\":{\"@id\":\"https:\/\/www.abacicard.com\/tr\/#\/schema\/logo\/image\/\"},\"sameAs\":[\"https:\/\/www.facebook.com\/abacicard\",\"https:\/\/x.com\/abacicard\",\"https:\/\/www.youtube.com\/channel\/UC09DwyAe-UeSqT71ZOvtb5g\",\"https:\/\/www.instagram.com\/abacicards\/\",\"https:\/\/www.linkedin.com\/company\/10275826\/\"]}]}<\/script>\n<!-- \/ Yoast SEO plugin. -->","yoast_head_json":{"title":"RFID Bileklikler - Abac\u0131 Kart A.\u015e. - T\u00fcrkiye&#039;nin ilk ve en b\u00fcy\u00fck Plastik kart, RFID kart, Plastik Oyun kart\u0131, MIFARE kart, Proximity","description":"Abaci Kart A.S. - The First and Largest Manufacturer of Plastic cards, RFID cards, Plastic Game cards, MIFARE cards, Proximit","robots":{"index":"index","follow":"follow","max-snippet":"max-snippet:-1","max-image-preview":"max-image-preview:large","max-video-preview":"max-video-preview:-1"},"canonical":"http:\/\/www.abacicard.com\/tr\/rfid-wristbands\/","og_locale":"tr_TR","og_type":"article","og_title":"RFID Bileklikler - Abac\u0131 Kart A.\u015e. - T\u00fcrkiye&#039;nin ilk ve en b\u00fcy\u00fck Plastik kart, RFID kart, Plastik Oyun kart\u0131, MIFARE kart, Proximity","og_description":"Abaci Kart A.S. - The First and Largest Manufacturer of Plastic cards, RFID cards, Plastic Game cards, MIFARE cards, Proximit","og_url":"http:\/\/www.abacicard.com\/tr\/rfid-wristbands\/","og_site_name":"Abac\u0131 Kart A.\u015e. - T\u00fcrkiye&#039;nin ilk ve en b\u00fcy\u00fck Plastik kart, RFID kart, Plastik Oyun kart\u0131, MIFARE kart, Proximity","article_publisher":"https:\/\/www.facebook.com\/abacicard","article_modified_time":"2025-06-27T05:56:54+00:00","og_image":[{"url":"http:\/\/www.abacicard.com\/tr\/wp-content\/uploads\/2025\/01\/rfid-bileklik.png","type":"","width":"","height":""}],"twitter_card":"summary_large_image","twitter_site":"@abacicard","twitter_misc":{"Tahmini okuma s\u00fcresi":"2 dakika"},"schema":{"@context":"https:\/\/schema.org","@graph":[{"@type":"WebPage","@id":"http:\/\/www.abacicard.com\/tr\/rfid-wristbands\/","url":"http:\/\/www.abacicard.com\/tr\/rfid-wristbands\/","name":"RFID Bileklikler - Abac\u0131 Kart A.\u015e. - T\u00fcrkiye&#039;nin ilk ve en b\u00fcy\u00fck Plastik kart, RFID kart, Plastik Oyun kart\u0131, MIFARE kart, Proximity","isPartOf":{"@id":"https:\/\/www.abacicard.com\/tr\/#website"},"primaryImageOfPage":{"@id":"http:\/\/www.abacicard.com\/tr\/rfid-wristbands\/#primaryimage"},"image":{"@id":"http:\/\/www.abacicard.com\/tr\/rfid-wristbands\/#primaryimage"},"thumbnailUrl":"http:\/\/www.abacicard.com\/tr\/wp-content\/uploads\/2025\/01\/rfid-bileklik.png","datePublished":"2025-01-28T13:01:16+00:00","dateModified":"2025-06-27T05:56:54+00:00","description":"Abaci Kart A.S. - The First and Largest Manufacturer of Plastic cards, RFID cards, Plastic Game cards, MIFARE cards, Proximit","breadcrumb":{"@id":"http:\/\/www.abacicard.com\/tr\/rfid-wristbands\/#breadcrumb"},"inLanguage":"tr","potentialAction":[{"@type":"ReadAction","target":["http:\/\/www.abacicard.com\/tr\/rfid-wristbands\/"]}]},{"@type":"ImageObject","inLanguage":"tr","@id":"http:\/\/www.abacicard.com\/tr\/rfid-wristbands\/#primaryimage","url":"http:\/\/www.abacicard.com\/tr\/wp-content\/uploads\/2025\/01\/rfid-bileklik.png","contentUrl":"http:\/\/www.abacicard.com\/tr\/wp-content\/uploads\/2025\/01\/rfid-bileklik.png","width":1000,"height":504},{"@type":"BreadcrumbList","@id":"http:\/\/www.abacicard.com\/tr\/rfid-wristbands\/#breadcrumb","itemListElement":[{"@type":"ListItem","position":1,"name":"Anasayfa","item":"https:\/\/www.abacicard.com\/tr\/"},{"@type":"ListItem","position":2,"name":"RFID Bileklikler"}]},{"@type":"WebSite","@id":"https:\/\/www.abacicard.com\/tr\/#website","url":"https:\/\/www.abacicard.com\/tr\/","name":"Abaci Kart A.S. - The First and Largest Manufacturer of Plastic cards, RFID cards, Plastic Game cards, MIFARE cards, Proximit","description":"Y\u0131llar\u0131n Deneyimiyle G\u00fc\u00e7lu ve Karal\u0131","publisher":{"@id":"https:\/\/www.abacicard.com\/tr\/#organization"},"alternateName":"Abaci Kart A.S. - The First and Largest Manufacturer of Plastic cards, RFID cards, Plastic Game cards, MIFARE cards, Proximit","potentialAction":[{"@type":"SearchAction","target":{"@type":"EntryPoint","urlTemplate":"https:\/\/www.abacicard.com\/tr\/?s={search_term_string}"},"query-input":{"@type":"PropertyValueSpecification","valueRequired":true,"valueName":"search_term_string"}}],"inLanguage":"tr"},{"@type":"Organization","@id":"https:\/\/www.abacicard.com\/tr\/#organization","name":"Abaci Kart A.S.","alternateName":"Abaci Kart A.S. - The First and Largest Manufacturer of Plastic cards, RFID cards, Plastic Game cards, MIFARE cards, Proximit","url":"https:\/\/www.abacicard.com\/tr\/","logo":{"@type":"ImageObject","inLanguage":"tr","@id":"https:\/\/www.abacicard.com\/tr\/#\/schema\/logo\/image\/","url":"http:\/\/www.abacicard.com\/tr\/wp-content\/uploads\/2025\/01\/favicon.png","contentUrl":"http:\/\/www.abacicard.com\/tr\/wp-content\/uploads\/2025\/01\/favicon.png","width":32,"height":32,"caption":"Abaci Kart A.S."},"image":{"@id":"https:\/\/www.abacicard.com\/tr\/#\/schema\/logo\/image\/"},"sameAs":["https:\/\/www.facebook.com\/abacicard","https:\/\/x.com\/abacicard","https:\/\/www.youtube.com\/channel\/UC09DwyAe-UeSqT71ZOvtb5g","https:\/\/www.instagram.com\/abacicards\/","https:\/\/www.linkedin.com\/company\/10275826\/"]}]}},"_links":{"self":[{"href":"http:\/\/www.abacicard.com\/tr\/wp-json\/wp\/v2\/pages\/1955","targetHints":{"allow":["GET"]}}],"collection":[{"href":"http:\/\/www.abacicard.com\/tr\/wp-json\/wp\/v2\/pages"}],"about":[{"href":"http:\/\/www.abacicard.com\/tr\/wp-json\/wp\/v2\/types\/page"}],"author":[{"embeddable":true,"href":"http:\/\/www.abacicard.com\/tr\/wp-json\/wp\/v2\/users\/1"}],"replies":[{"embeddable":true,"href":"http:\/\/www.abacicard.com\/tr\/wp-json\/wp\/v2\/comments?post=1955"}],"version-history":[{"count":3,"href":"http:\/\/www.abacicard.com\/tr\/wp-json\/wp\/v2\/pages\/1955\/revisions"}],"predecessor-version":[{"id":2073,"href":"http:\/\/www.abacicard.com\/tr\/wp-json\/wp\/v2\/pages\/1955\/revisions\/2073"}],"wp:attachment":[{"href":"http:\/\/www.abacicard.com\/tr\/wp-json\/wp\/v2\/media?parent=1955"}],"curies":[{"name":"wp","href":"https:\/\/api.w.org\/{rel}","templated":true}]}}